{"id":215690,"date":"2022-04-25T21:50:56","date_gmt":"2022-04-25T20:50:56","guid":{"rendered":"https:\/\/www.moskito.cz\/?post_type=product&#038;p=215690"},"modified":"2025-05-07T10:38:35","modified_gmt":"2025-05-07T09:38:35","slug":"pevny-nuz-sog-seal-fx-clip-point-serrated","status":"publish","type":"product","link":"https:\/\/www.moskito.cz\/de\/produkt\/pevny-nuz-sog-seal-fx-clip-point-serrated\/","title":{"rendered":"Pevn\u00fd N\u016f\u017e SOG SEAL FX CLIP POINT SERRATED"},"content":{"rendered":"<p>Pevn\u00fd N\u016f\u017e <strong>SOG<\/strong> SEAL FX CLIP POINT SERRATED.<\/p>\n<p>Nejnov\u011bj\u0161\u00ed p\u0159\u00edr\u016fstek v na\u0161\u00ed \u0159ad\u011b no\u017e\u016f SEAL s pevnou \u010depel\u00ed, SEAL FX, je postaven na z\u00e1klad\u011b rozs\u00e1hl\u00e9 zp\u011btn\u00e9 vazby od profesion\u00e1ln\u00edch u\u017eivatel\u016f. Tato \u010d\u00e1ste\u010dn\u011b zoubkovan\u00e1 verze je st\u00e1le americk\u00e9 v\u00fdroby s ocel\u00ed S35VN a pevnou nylonovou rukojet\u00ed vyztu\u017eenou sklem. SEAL FX, v\u010detn\u011b p\u0159izp\u016fsobiteln\u00e9ho kydexov\u00e9ho pouzdra, je profesion\u00e1ln\u00edm \u0159e\u0161en\u00edm pro pevn\u00e9 \u010depele<\/p>\n<p>PEVN\u00c1 \u010cEPEL AMERICK\u00c9 V\u00ddROBY<br \/>\nSEAL FX, stav\u00ed na tradici \u0159ady SEAL spole\u010dnosti SOG, je vysoce kvalitn\u00ed pevn\u00e1 \u010depel vyroben\u00e1 v USA.<\/p>\n<p>VYROBENO PRO PROFESION\u00c1LY<br \/>\nSEAL FX je navr\u017een tak, aby spl\u0148oval po\u017eadavky uniformovan\u00fdch profesion\u00e1l\u016f po cel\u00e9m sv\u011bt\u011b, se silou a funkc\u00ed pro ka\u017edou situaci.<\/p>\n<p>\u00da\u010cELOV\u00dd DESIGN<br \/>\nSEAL FX je vyroben se v\u0161emi funkcemi, kter\u00e9 se od n\u011bj o\u010dek\u00e1vaj\u00ed. S ostrou \u010depel\u00ed S35VN, p\u0159ilnavou rukojet\u00ed GRN a snadno namontovateln\u00fdm kydexov\u00fdm pouzdrem je SEAL FX p\u0159ipraven hr\u00e1t za jak\u00fdchkoliv podm\u00ednek.<\/p>\n<p>\u00da\u010cELOV\u00dd DESIGN<br \/>\nSEAL FX je vyroben se v\u0161emi funkcemi, kter\u00e9 se od n\u011bj o\u010dek\u00e1vaj\u00ed. S ostrou \u010depel\u00ed S35VN, p\u0159ilnavou rukojet\u00ed GRN a snadno namontovateln\u00fdm kydexov\u00fdm pouzdrem je SEAL FX p\u0159ipraven hr\u00e1t za jak\u00fdchkoliv podm\u00ednek.<\/p>\n<p>S35VN je pokro\u010dil\u00e1 ocel s karbidy vanadu a niobu, kter\u00e9 poskytuj\u00ed vysok\u00fd stupe\u0148 hou\u017eevnatosti a odolnosti proti opot\u0159eben\u00ed.<\/p>\n<p>AMBIDEXTRN\u00cd KYDEXOV\u00c9 POUZDRO<br \/>\nS mo\u017enost\u00ed vertik\u00e1ln\u00ed a horizont\u00e1ln\u00ed mont\u00e1\u017ee p\u0159ich\u00e1z\u00ed SEAL FX se spoustou mo\u017enost\u00ed, jak jej nosit, jak chcete.<\/p>\n<p>RUKOJE\u0164 30% GRN<br \/>\nSe stejn\u00fdm vyv\u00fd\u0161en\u00fdm koso\u010dtvercov\u00fdm vzorem jako u SEAL Pup poskytuje SEAL FX spoustu p\u0159ilnavosti, s rukavicemi i bez nich.<\/p>\n<p>PARAMETRY PRODUKTU<br \/>\nTLOU\u0160\u0164KA \u010cEPELE : 4,8 mm<br \/>\nCELKOV\u00c1 VELIKOST : 23,3 cm<br \/>\nMATERI\u00c1L POUZDRA : Kydex<br \/>\nHMOTNOST : 187 g<br \/>\nD\u00c9LKA \u010cEPELE : 10,9 cm<br \/>\nOCEL : CPM S35VN<br \/>\nMATERI\u00c1L RUKOJETI : 30% GRN<br \/>\nBARVA : Black<\/p>\n<p>&nbsp;<\/p>\n<p>&nbsp;<\/p>\n","protected":false},"excerpt":{"rendered":"<p>A\u0165 u\u017e chr\u00e1n\u00edte ostatn\u00ed nebo vedete epickou loveckou expedici, \u0159e\u0161\u00edte jednu z ka\u017edodenn\u00edch \u017eivotn\u00edch v\u00fdzev nebo se pot\u00fdk\u00e1te se sv\u00fdmi dosud nejextr\u00e9mn\u011bj\u0161\u00edmi podm\u00ednkami, ud\u011blejte si cestu se\u00a0<strong>SOG<\/strong>.<\/p>\n<p><strong>Na v\u0161echny no\u017ee SOG d\u00e1v\u00e1me do\u017eivotn\u00ed z\u00e1ruku!<\/strong><\/p>\n","protected":false},"featured_media":215691,"comment_status":"open","ping_status":"closed","template":"","meta":[],"pwb-brand":[591],"product_brand":[],"product_cat":[23,17],"product_tag":[3667],"class_list":{"0":"post-215690","1":"product","2":"type-product","3":"status-publish","4":"has-post-thumbnail","6":"pwb-brand-sog","7":"product_cat-pevne-noze","8":"product_cat-noze","9":"product_tag-b2b","11":"first","12":"instock","13":"taxable","14":"shipping-taxable","15":"purchasable","16":"product-type-simple"},"brands":[{"id":591,"name":"SOG","slug":"sog"}],"_links":{"self":[{"href":"https:\/\/www.moskito.cz\/de\/wp-json\/wp\/v2\/product\/215690","targetHints":{"allow":["GET"]}}],"collection":[{"href":"https:\/\/www.moskito.cz\/de\/wp-json\/wp\/v2\/product"}],"about":[{"href":"https:\/\/www.moskito.cz\/de\/wp-json\/wp\/v2\/types\/product"}],"replies":[{"embeddable":true,"href":"https:\/\/www.moskito.cz\/de\/wp-json\/wp\/v2\/comments?post=215690"}],"wp:featuredmedia":[{"embeddable":true,"href":"https:\/\/www.moskito.cz\/de\/wp-json\/wp\/v2\/media\/215691"}],"wp:attachment":[{"href":"https:\/\/www.moskito.cz\/de\/wp-json\/wp\/v2\/media?parent=215690"}],"wp:term":[{"taxonomy":"pwb-brand","embeddable":true,"href":"https:\/\/www.moskito.cz\/de\/wp-json\/wp\/v2\/pwb-brand?post=215690"},{"taxonomy":"product_brand","embeddable":true,"href":"https:\/\/www.moskito.cz\/de\/wp-json\/wp\/v2\/product_brand?post=215690"},{"taxonomy":"product_cat","embeddable":true,"href":"https:\/\/www.moskito.cz\/de\/wp-json\/wp\/v2\/product_cat?post=215690"},{"taxonomy":"product_tag","embeddable":true,"href":"https:\/\/www.moskito.cz\/de\/wp-json\/wp\/v2\/product_tag?post=215690"}],"curies":[{"name":"wp","href":"https:\/\/api.w.org\/{rel}","templated":true}]}}