{"id":216151,"date":"2022-05-03T21:37:53","date_gmt":"2022-05-03T20:37:53","guid":{"rendered":"https:\/\/www.moskito.cz\/?post_type=product&#038;p=216151"},"modified":"2025-05-07T10:38:43","modified_gmt":"2025-05-07T09:38:43","slug":"pevny-nuz-magnum-boker-m3-trench-knife-02bo048","status":"publish","type":"product","link":"https:\/\/www.moskito.cz\/de\/produkt\/pevny-nuz-magnum-boker-m3-trench-knife-02bo048\/","title":{"rendered":"Pevn\u00fd N\u016f\u017e Magnum B\u00f6ker M3 Trench Knife 02BO048"},"content":{"rendered":"<p>Pevn\u00fd N\u016f\u017e <strong>Magnum B\u00f6ker<\/strong> M3 Trench Knife 02BO048<\/p>\n<p>Slavn\u00fd z\u00e1kopov\u00fd n\u016f\u017e M3 byl vyvinut v roce 1943 a m\u011bl b\u00fdt vyd\u00e1n v\u0161em americk\u00fdm voj\u00e1k\u016fm, kte\u0159\u00ed b\u011bhem druh\u00e9 sv\u011btov\u00e9 v\u00e1lky nenosili bajonety. Spole\u010dnost H. Boker &amp; Co. byla tak\u00e9 jedn\u00edm z dev\u00edti v\u00fdrobc\u016f, kte\u0159\u00ed za v\u00e1lky vyr\u00e1b\u011bli z\u00e1kopov\u00fd n\u016f\u017e M3, ale s objemem objedn\u00e1vky 31 300 no\u017e\u016f dodali nejmen\u0161\u00ed po\u010det ze v\u0161ech dodavatel\u016f. Sestersk\u00e1 spole\u010dnost Bokerovy hlavn\u00ed tov\u00e1rny v Solingenu v t\u00e9 dob\u011b s\u00eddlila v New Jersey.<\/p>\n<p>Trench Knife B\u00f6ker M3 o\u017eivuje tento klasick\u00fd kousek americk\u00e9 vojensk\u00e9 historie a kombinuje historick\u00fd design s vysoce kvalitn\u00edmi materi\u00e1ly a dokonal\u00fdm zpracov\u00e1n\u00edm. \u010cern\u011b pota\u017een\u00e1 \u010depel je vyrobena z nerezov\u00e9 uhl\u00edkov\u00e9 oceli SK-85a nese p\u016fvodn\u00ed zn\u00e1mku \u010depele \u201eH. Boker &amp; Co.\u201c z roku 1943. Rukoje\u0165 se skl\u00e1d\u00e1 z lisovan\u00fdch ko\u017een\u00fdch krou\u017ek\u016f a v\u017edy bezpe\u010dn\u011b padne do ruky, i kdy\u017e je mokr\u00e1 a vlhk\u00e1. Charakteristick\u00fd odr\u00e1\u017eec\u00ed prvek zabra\u0148uje necht\u011bn\u00e9mu sklouznut\u00ed na \u010depel. Ricasso na h\u0159betu \u010depele nejen sni\u017euje hmotnost a zdokonaluje vyv\u00e1\u017een\u00ed no\u017ee, ale tak\u00e9 zd\u016fraz\u0148uje jasn\u00e9 linie. S autentickou pochvou US M8A1 a individu\u00e1ln\u00edm s\u00e9riov\u00fdm \u010d\u00edslem.<\/p>\n<p>Bohu\u017eel u tohoto \u010dl\u00e1nku v aktu\u00e1ln\u00edm katalogu do\u0161lo k tiskov\u00e9 chyb\u011b, zde zobrazen\u00e1 ocel \u010depele je platn\u00e1. Omlouv\u00e1me se za tiskovou chybu v katalogu a d\u011bkujeme za pochopen\u00ed.<\/p>\n<p>Typ polo\u017eky: Pevn\u00fd n\u016f\u017e<br \/>\nCelkov\u00e1 d\u00e9lka: 29,80 cm<br \/>\nD\u00e9lka \u010depele: 17,10 cm<br \/>\nS\u00edla \u010depele: 5,19 mm<br \/>\nHmotnost: 237,00 g<br \/>\nMateri\u00e1l \u010depele: SK-85<br \/>\nMateri\u00e1l rukojeti: k\u016f\u017ee<br \/>\nBarva: Hn\u011bd\u00fd<br \/>\nBarva \u010depele: \u010cern\u00e1<br \/>\nMateri\u00e1l pl\u00e1\u0161t\u011b: kov<br \/>\n\u010c\u00edslo polo\u017eky: 02BO048<\/p>\n<p>&nbsp;<\/p>\n","protected":false},"excerpt":{"rendered":"<p><strong>B\u00d6KER\u00ae<\/strong>\u00a0je n\u011bmeck\u00e1 firma, kter\u00e1 vyr\u00e1b\u00ed no\u017ee t\u00e9 nejvy\u0161\u0161\u00ed kvality. No\u017ee s\u00a0pevnou \u010depel\u00ed, zav\u00edrac\u00ed no\u017ee, kuchy\u0148sk\u00e9 no\u017ee a stojany si d\u00edky v\u00fdjime\u010dn\u00e9 kvalit\u011b obl\u00edbila \u0159ada z\u00e1kazn\u00edk\u016f z\u00a0cel\u00e9ho sv\u011bta.<\/p>\n","protected":false},"featured_media":216152,"comment_status":"open","ping_status":"closed","template":"","meta":[],"pwb-brand":[140],"product_brand":[],"product_cat":[23,17],"product_tag":[3667],"class_list":{"0":"post-216151","1":"product","2":"type-product","3":"status-publish","4":"has-post-thumbnail","6":"pwb-brand-boker","7":"product_cat-pevne-noze","8":"product_cat-noze","9":"product_tag-b2b","11":"first","12":"outofstock","13":"taxable","14":"shipping-taxable","15":"purchasable","16":"product-type-simple"},"brands":[{"id":140,"name":"Boker","slug":"boker"}],"_links":{"self":[{"href":"https:\/\/www.moskito.cz\/de\/wp-json\/wp\/v2\/product\/216151","targetHints":{"allow":["GET"]}}],"collection":[{"href":"https:\/\/www.moskito.cz\/de\/wp-json\/wp\/v2\/product"}],"about":[{"href":"https:\/\/www.moskito.cz\/de\/wp-json\/wp\/v2\/types\/product"}],"replies":[{"embeddable":true,"href":"https:\/\/www.moskito.cz\/de\/wp-json\/wp\/v2\/comments?post=216151"}],"wp:featuredmedia":[{"embeddable":true,"href":"https:\/\/www.moskito.cz\/de\/wp-json\/wp\/v2\/media\/216152"}],"wp:attachment":[{"href":"https:\/\/www.moskito.cz\/de\/wp-json\/wp\/v2\/media?parent=216151"}],"wp:term":[{"taxonomy":"pwb-brand","embeddable":true,"href":"https:\/\/www.moskito.cz\/de\/wp-json\/wp\/v2\/pwb-brand?post=216151"},{"taxonomy":"product_brand","embeddable":true,"href":"https:\/\/www.moskito.cz\/de\/wp-json\/wp\/v2\/product_brand?post=216151"},{"taxonomy":"product_cat","embeddable":true,"href":"https:\/\/www.moskito.cz\/de\/wp-json\/wp\/v2\/product_cat?post=216151"},{"taxonomy":"product_tag","embeddable":true,"href":"https:\/\/www.moskito.cz\/de\/wp-json\/wp\/v2\/product_tag?post=216151"}],"curies":[{"name":"wp","href":"https:\/\/api.w.org\/{rel}","templated":true}]}}