{"id":216251,"date":"2022-05-04T21:18:37","date_gmt":"2022-05-04T20:18:37","guid":{"rendered":"https:\/\/www.moskito.cz\/?post_type=product&#038;p=216251"},"modified":"2026-01-04T08:26:42","modified_gmt":"2026-01-04T07:26:42","slug":"zaviraci-nuz-magnum-boker-cataclyst-flipjoint-01bo675","status":"publish","type":"product","link":"https:\/\/www.moskito.cz\/de\/produkt\/zaviraci-nuz-magnum-boker-cataclyst-flipjoint-01bo675\/","title":{"rendered":"Zav\u00edrac\u00ed N\u016f\u017e Magnum B\u00f6ker Cataclyst Flipjoint 01BO675"},"content":{"rendered":"<p>Zav\u00edrac\u00ed N\u016f\u017e <strong>Magnum B\u00f6ker<\/strong> Cataclyst Flipjoint 01BO675<\/p>\n<p>B\u00f6ker Plus Cataclyst Flipjoint p\u0159esv\u011bd\u010d\u00ed jako kombinace modern\u00edho EDC a vysoce kvalitn\u00edho p\u00e1nsk\u00e9ho dopl\u0148ku jako slipjoint n\u016f\u017e nap\u0159\u00ed\u010d prknem. \u010cepel v t\u00e9to verzi se tak\u00e9 snadno otev\u00edr\u00e1 pomoc\u00ed ploutve , ale nezamyk\u00e1 se v otev\u0159en\u00e9 poloze, ale je pouze bezpe\u010dn\u011b dr\u017eena v poloze pomoc\u00ed areta\u010dn\u00ed kuli\u010dky. P\u0159i vhodn\u00e9m tlaku na h\u0159bet \u010depele lze \u010depel slo\u017eit bez uvoln\u011bn\u00ed zaji\u0161\u0165ovac\u00edho za\u0159\u00edzen\u00ed.<\/p>\n<p>Tak\u017ee p\u0159i ovl\u00e1d\u00e1n\u00ed Cataclyst FlipjointNen\u00ed-li pochyb, nechali jsme v\u00fdslovn\u011b vypracovat posudek o za\u0159azen\u00ed no\u017ee s \u010depel\u00ed s kulovou \u010depel\u00ed jako zbran\u011b. BKA (hodnot\u00edc\u00ed list Z-524) sd\u00edl\u00ed n\u00e1\u0161 n\u00e1zor, \u017ee dr\u017e\u00e1k \u010depele pomoc\u00ed areta\u010dn\u00ed kuli\u010dky nep\u0159edstavuje areta\u010dn\u00ed za\u0159\u00edzen\u00ed ve smyslu z\u00e1kona o zbran\u00edch: \u201eDr\u017e\u00e1k kuli\u010dky instalovan\u00fd zde na \u010depeli, kter\u00fd se uvol\u0148uje jen lehk\u00fd tlak prstu na h\u0159bet \u010depele spl\u0148uje krit\u00e9ria ru\u010dn\u00edho zaji\u0161\u0165ovac\u00edho za\u0159\u00edzen\u00ed.&#8220;<\/p>\n<p>Robustn\u00ed \u010depel vyroben\u00e1 ze sat\u00e9nov\u011b upraven\u00e9ho 440C m\u00e1 ploch\u00e9 brou\u0161en\u00ed a pln\u011bj\u0161\u00ed na obou stran\u00e1ch. Bezpe\u010dnost pr\u00e1ce zvy\u0161uj\u00ed i \u200b\u200bzvln\u011bn\u00ed v oblasti op\u011brky palce a na distan\u010dn\u00ed vlo\u017ece. Line\u00e1rn\u00ed konstrukce jetexturovan\u00e9 \u00fachopov\u00e9 stupnice vyroben\u00e9 z \u010dern\u00e9ho G10 , kter\u00e9 jsou trojrozm\u011brn\u011b fr\u00e9zovan\u00e9 a maj\u00ed na vnit\u0159n\u00ed stran\u011b prohlubn\u011b sni\u017euj\u00edc\u00ed hmotnost. S hlubokou sponou pro p\u0159en\u00e1\u0161en\u00ed (sklopn\u00e1\/p) a otvorem pro \u0161\u0148\u016frku .<\/p>\n<p>Typ polo\u017eky: kapesn\u00ed n\u016f\u017e<br \/>\nCelkov\u00e1 d\u00e9lka: 17,30 cm<br \/>\nD\u00e9lka \u010depele: 7,50 cm<br \/>\nS\u00edla \u010depele: 4,00 mm<br \/>\nHmotnost: 77,00 g<br \/>\nMateri\u00e1l \u010depele: 440C<br \/>\nMateri\u00e1l rukojeti: G10<br \/>\nPomoc p\u0159i otev\u00edr\u00e1n\u00ed: pinball<br \/>\nOtev\u00edrac\u00ed: Ru\u010dn\u011b<br \/>\nSpona: kluzn\u00fd spoj<br \/>\nBarva: \u010cern\u00e1<br \/>\nBarva \u010depele: nepota\u017een\u00e9<br \/>\n\u010c\u00edslo polo\u017eky: 01BO675<\/p>\n","protected":false},"excerpt":{"rendered":"<p><strong>B\u00d6KER\u00ae<\/strong>\u00a0je n\u011bmeck\u00e1 firma, kter\u00e1 vyr\u00e1b\u00ed no\u017ee t\u00e9 nejvy\u0161\u0161\u00ed kvality. No\u017ee s\u00a0pevnou \u010depel\u00ed, zav\u00edrac\u00ed no\u017ee, kuchy\u0148sk\u00e9 no\u017ee a stojany si d\u00edky v\u00fdjime\u010dn\u00e9 kvalit\u011b obl\u00edbila \u0159ada z\u00e1kazn\u00edk\u016f z\u00a0cel\u00e9ho sv\u011bta.<\/p>\n","protected":false},"featured_media":216252,"comment_status":"open","ping_status":"closed","template":"","meta":[],"pwb-brand":[140],"product_brand":[],"product_cat":[22,17],"product_tag":[3667],"class_list":{"0":"post-216251","1":"product","2":"type-product","3":"status-publish","4":"has-post-thumbnail","6":"pwb-brand-boker","7":"product_cat-zaviraci-noze","8":"product_cat-noze","9":"product_tag-b2b","11":"first","12":"outofstock","13":"taxable","14":"shipping-taxable","15":"purchasable","16":"product-type-simple"},"brands":[{"id":140,"name":"Boker","slug":"boker"}],"_links":{"self":[{"href":"https:\/\/www.moskito.cz\/de\/wp-json\/wp\/v2\/product\/216251","targetHints":{"allow":["GET"]}}],"collection":[{"href":"https:\/\/www.moskito.cz\/de\/wp-json\/wp\/v2\/product"}],"about":[{"href":"https:\/\/www.moskito.cz\/de\/wp-json\/wp\/v2\/types\/product"}],"replies":[{"embeddable":true,"href":"https:\/\/www.moskito.cz\/de\/wp-json\/wp\/v2\/comments?post=216251"}],"wp:featuredmedia":[{"embeddable":true,"href":"https:\/\/www.moskito.cz\/de\/wp-json\/wp\/v2\/media\/216252"}],"wp:attachment":[{"href":"https:\/\/www.moskito.cz\/de\/wp-json\/wp\/v2\/media?parent=216251"}],"wp:term":[{"taxonomy":"pwb-brand","embeddable":true,"href":"https:\/\/www.moskito.cz\/de\/wp-json\/wp\/v2\/pwb-brand?post=216251"},{"taxonomy":"product_brand","embeddable":true,"href":"https:\/\/www.moskito.cz\/de\/wp-json\/wp\/v2\/product_brand?post=216251"},{"taxonomy":"product_cat","embeddable":true,"href":"https:\/\/www.moskito.cz\/de\/wp-json\/wp\/v2\/product_cat?post=216251"},{"taxonomy":"product_tag","embeddable":true,"href":"https:\/\/www.moskito.cz\/de\/wp-json\/wp\/v2\/product_tag?post=216251"}],"curies":[{"name":"wp","href":"https:\/\/api.w.org\/{rel}","templated":true}]}}