{"id":216265,"date":"2022-05-04T21:42:49","date_gmt":"2022-05-04T20:42:49","guid":{"rendered":"https:\/\/www.moskito.cz\/?post_type=product&#038;p=216265"},"modified":"2025-07-05T05:17:54","modified_gmt":"2025-07-05T04:17:54","slug":"pevny-nuz-boker-magnum-desert-warrior-2-0-02sc012","status":"publish","type":"product","link":"https:\/\/www.moskito.cz\/de\/produkt\/pevny-nuz-boker-magnum-desert-warrior-2-0-02sc012\/","title":{"rendered":"Pevn\u00fd N\u016f\u017e B\u00f6ker Magnum Desert Warrior 2.0 02SC012"},"content":{"rendered":"<p>Pevn\u00fd N\u016f\u017e <strong>B\u00f6ker Magnum<\/strong> Desert Warrior 2.0 02SC012<\/p>\n<p>Impozantn\u00ed Magnum Desert Warrior 2.0 je ide\u00e1ln\u00edm spole\u010dn\u00edkem pro ka\u017edou misi. Full-tang taktick\u00fd n\u016f\u017e je vybaven masivn\u00ed \u010depel\u00ed 440A s o\u0161t\u011bpem s \u010dern\u00fdm povlakem. N\u00e1padn\u00e9 ricasso a kr\u00e1tk\u00e1 plni\u010dka podtrhuj\u00ed taktick\u00fd charakter no\u017ee. D\u00edky \u0161irok\u00fdm dr\u00e1\u017ek\u00e1m a ergonomick\u00e9mu vybr\u00e1n\u00ed pro palec sed\u00ed na\u0161roubovan\u00e1 rukoje\u0165 stupnice z texturovan\u00e9 Micarty v\u017edy bezpe\u010dn\u011b v ruce, a to i za nep\u0159\u00edzniv\u00fdch pov\u011btrnostn\u00edch podm\u00ednek. Bezpe\u010dnost pr\u00e1ce zvy\u0161uj\u00ed i \u200b\u200bzvln\u011bn\u00ed v oblasti op\u011brky palce a na konci rukojeti. S otvorem na \u0161\u0148\u016frku a praktick\u00fdm nylonov\u00fdm pouzdrem.<\/p>\n<p>Typ polo\u017eky: Pevn\u00fd n\u016f\u017e<br \/>\nCelkov\u00e1 d\u00e9lka: 30,30 cm<br \/>\nD\u00e9lka \u010depele: 16,80 cm<br \/>\nS\u00edla \u010depele: 4,70 mm<br \/>\nHmotnost: 379,00 g<br \/>\nMateri\u00e1l \u010depele: 440A<br \/>\nMateri\u00e1l rukojeti: micarta<br \/>\nBarva: Hn\u011bd\u00fd<br \/>\nBarva \u010depele: \u010cern\u00e1<br \/>\n\u010c\u00edslo polo\u017eky: 02SC012<\/p>\n<p>&nbsp;<\/p>\n","protected":false},"excerpt":{"rendered":"<p><strong>B\u00d6KER\u00ae<\/strong>\u00a0je n\u011bmeck\u00e1 firma, kter\u00e1 vyr\u00e1b\u00ed no\u017ee t\u00e9 nejvy\u0161\u0161\u00ed kvality. No\u017ee s\u00a0pevnou \u010depel\u00ed, zav\u00edrac\u00ed no\u017ee, kuchy\u0148sk\u00e9 no\u017ee a stojany si d\u00edky v\u00fdjime\u010dn\u00e9 kvalit\u011b obl\u00edbila \u0159ada z\u00e1kazn\u00edk\u016f z\u00a0cel\u00e9ho sv\u011bta.<\/p>\n","protected":false},"featured_media":216266,"comment_status":"open","ping_status":"closed","template":"","meta":[],"pwb-brand":[140],"product_brand":[],"product_cat":[23,17],"product_tag":[3667],"class_list":{"0":"post-216265","1":"product","2":"type-product","3":"status-publish","4":"has-post-thumbnail","6":"pwb-brand-boker","7":"product_cat-pevne-noze","8":"product_cat-noze","9":"product_tag-b2b","11":"first","12":"outofstock","13":"taxable","14":"shipping-taxable","15":"purchasable","16":"product-type-simple"},"brands":[{"id":140,"name":"Boker","slug":"boker"}],"_links":{"self":[{"href":"https:\/\/www.moskito.cz\/de\/wp-json\/wp\/v2\/product\/216265","targetHints":{"allow":["GET"]}}],"collection":[{"href":"https:\/\/www.moskito.cz\/de\/wp-json\/wp\/v2\/product"}],"about":[{"href":"https:\/\/www.moskito.cz\/de\/wp-json\/wp\/v2\/types\/product"}],"replies":[{"embeddable":true,"href":"https:\/\/www.moskito.cz\/de\/wp-json\/wp\/v2\/comments?post=216265"}],"wp:featuredmedia":[{"embeddable":true,"href":"https:\/\/www.moskito.cz\/de\/wp-json\/wp\/v2\/media\/216266"}],"wp:attachment":[{"href":"https:\/\/www.moskito.cz\/de\/wp-json\/wp\/v2\/media?parent=216265"}],"wp:term":[{"taxonomy":"pwb-brand","embeddable":true,"href":"https:\/\/www.moskito.cz\/de\/wp-json\/wp\/v2\/pwb-brand?post=216265"},{"taxonomy":"product_brand","embeddable":true,"href":"https:\/\/www.moskito.cz\/de\/wp-json\/wp\/v2\/product_brand?post=216265"},{"taxonomy":"product_cat","embeddable":true,"href":"https:\/\/www.moskito.cz\/de\/wp-json\/wp\/v2\/product_cat?post=216265"},{"taxonomy":"product_tag","embeddable":true,"href":"https:\/\/www.moskito.cz\/de\/wp-json\/wp\/v2\/product_tag?post=216265"}],"curies":[{"name":"wp","href":"https:\/\/api.w.org\/{rel}","templated":true}]}}