{"id":216424,"date":"2022-05-08T15:39:58","date_gmt":"2022-05-08T14:39:58","guid":{"rendered":"https:\/\/www.moskito.cz\/?post_type=product&#038;p=216424"},"modified":"2026-03-24T10:31:55","modified_gmt":"2026-03-24T09:31:55","slug":"pevny-nuz-extrema-ratio-dmp-desert-coltelli-multiruolo","status":"publish","type":"product","link":"https:\/\/www.moskito.cz\/de\/produkt\/pevny-nuz-extrema-ratio-dmp-desert-coltelli-multiruolo\/","title":{"rendered":"Pevn\u00fd N\u016f\u017e Extrema Ratio DMP DESERT Coltelli Multiruolo"},"content":{"rendered":"<p>Pevn\u00fd N\u016f\u017e <strong>Extrema Ratio<\/strong> DMP DESERT Coltelli Multiruolo.<\/p>\n<p>DMP je v\u00edce\u00fa\u010delov\u00fd n\u016f\u017e vyzna\u010duj\u00edc\u00ed se v\u00fdraznou univerz\u00e1lnost\u00ed pou\u017eit\u00ed i d\u00edky sv\u00e9 mal\u00e9 velikosti. \u010cepel drop point se zes\u00edlenou \u0161pi\u010dkou je u\u017eite\u010dn\u00e1 zejm\u00e9na pro nejn\u00e1ro\u010dn\u011bj\u0161\u00ed pou\u017eit\u00ed. \u00dapln\u00e9 ploch\u00e9 brou\u0161en\u00ed poskytuje vynikaj\u00edc\u00ed \u0159ezn\u00e9 vlastnosti. Pochva je minimalistick\u00e1, svl\u00e9k\u00e1 v\u011bt\u0161inu l\u00e1tky d\u00edky zadr\u017eovac\u00edmu syst\u00e9mu 2. \u00farovn\u011b, kter\u00fd p\u0159ipom\u00edn\u00e1 styl modelu, ke kter\u00e9mu je inspirov\u00e1n. Hlavn\u00ed pl\u00e1\u0161\u0165 je vyroben z n\u00e1razuvzdorn\u00e9ho nylonov\u00e9ho vst\u0159ikov\u00e1n\u00ed. Sekund\u00e1rn\u00ed reten\u010dn\u00ed syst\u00e9m je reverzibiln\u00ed pro p\u0159enositelnost oboustrann\u00e9ho no\u017ee. Model DMP je dostupn\u00fd ve verz\u00edch Black, Desert, HCS, Ranger Green, Wolf Grey.<\/p>\n<p>HMOTNOST G: 283<br \/>\nHMOTNOST OZ: 9,98<br \/>\nD\u00c9LKA \u010cEPELE (MM): 152<br \/>\nD\u00c9LKA \u010cEPELE (IN): 5,98<br \/>\nCELKOV\u00c1 D\u00c9LKA (MM): 282<br \/>\nCELKOV\u00c1 D\u00c9LKA (V): 11.10<br \/>\nTLOU\u0160\u0164KA \u010cEPELE (MM): 6,3<br \/>\nTLOU\u0160\u0164KA \u010cEPELE (IN): 0,24<br \/>\nMATERI\u00c1L \u010cEPELE: B\u00f6HLER N690 STEEL (58HRC)<br \/>\nPOVRCHOV\u00c1 \u00daPRAVA \u010cEPELE: MYT\u00dd KAMENEM<br \/>\n\u0160IPKA \u010cEPELE: PLOCH\u00dd DR\u00c1T<br \/>\nMATERI\u00c1L RUKOJETI: FORPRENE<\/p>\n<p><iframe title=\"Extrema Ratio multipurpose knife DMP\" width=\"800\" height=\"450\" src=\"https:\/\/www.youtube.com\/embed\/1FqXLElqnv8?feature=oembed\" frameborder=\"0\" allow=\"accelerometer; autoplay; clipboard-write; encrypted-media; gyroscope; picture-in-picture\" allowfullscreen><\/iframe><\/p>\n<p>&nbsp;<\/p>\n<p>&nbsp;<\/p>\n<p>&nbsp;<\/p>\n","protected":false},"excerpt":{"rendered":"<p>Spole\u010dnost\u00a0<strong>Extrema Ratio<\/strong>\u00a0se s\u00eddlem v italsk\u00e9m Pratu navrhuje a vyr\u00e1b\u00ed vysoce v\u00fdkonn\u00e9 bojov\u00e9, vojensk\u00e9, kuchy\u0148sk\u00e9, loveck\u00e9 a taktick\u00e9 no\u017ee od roku 1997 a m\u00e1 pov\u011bst vynikaj\u00edc\u00ed kvality, kter\u00e1 je v oboru vojensk\u00fdch a taktick\u00fdch no\u017e\u016f nep\u0159ekonateln\u00e1.\u00a0<strong>Doprava zdarma<\/strong>.<\/p>\n","protected":false},"featured_media":216425,"comment_status":"open","ping_status":"closed","template":"","meta":[],"pwb-brand":[267],"product_brand":[],"product_cat":[23,17],"product_tag":[3667],"class_list":{"0":"post-216424","1":"product","2":"type-product","3":"status-publish","4":"has-post-thumbnail","6":"pwb-brand-extrema-ratio","7":"product_cat-pevne-noze","8":"product_cat-noze","9":"product_tag-b2b","11":"first","12":"outofstock","13":"taxable","14":"shipping-taxable","15":"purchasable","16":"product-type-simple"},"brands":[{"id":267,"name":"Extrema Ratio","slug":"extrema-ratio"}],"_links":{"self":[{"href":"https:\/\/www.moskito.cz\/de\/wp-json\/wp\/v2\/product\/216424","targetHints":{"allow":["GET"]}}],"collection":[{"href":"https:\/\/www.moskito.cz\/de\/wp-json\/wp\/v2\/product"}],"about":[{"href":"https:\/\/www.moskito.cz\/de\/wp-json\/wp\/v2\/types\/product"}],"replies":[{"embeddable":true,"href":"https:\/\/www.moskito.cz\/de\/wp-json\/wp\/v2\/comments?post=216424"}],"wp:featuredmedia":[{"embeddable":true,"href":"https:\/\/www.moskito.cz\/de\/wp-json\/wp\/v2\/media\/216425"}],"wp:attachment":[{"href":"https:\/\/www.moskito.cz\/de\/wp-json\/wp\/v2\/media?parent=216424"}],"wp:term":[{"taxonomy":"pwb-brand","embeddable":true,"href":"https:\/\/www.moskito.cz\/de\/wp-json\/wp\/v2\/pwb-brand?post=216424"},{"taxonomy":"product_brand","embeddable":true,"href":"https:\/\/www.moskito.cz\/de\/wp-json\/wp\/v2\/product_brand?post=216424"},{"taxonomy":"product_cat","embeddable":true,"href":"https:\/\/www.moskito.cz\/de\/wp-json\/wp\/v2\/product_cat?post=216424"},{"taxonomy":"product_tag","embeddable":true,"href":"https:\/\/www.moskito.cz\/de\/wp-json\/wp\/v2\/product_tag?post=216424"}],"curies":[{"name":"wp","href":"https:\/\/api.w.org\/{rel}","templated":true}]}}