{"id":217426,"date":"2022-06-21T14:01:46","date_gmt":"2022-06-21T13:01:46","guid":{"rendered":"https:\/\/www.moskito.cz\/?post_type=product&#038;p=217426"},"modified":"2025-05-07T10:39:07","modified_gmt":"2025-05-07T09:39:07","slug":"kleste-victorinox-swiss-tool-s-nylonovym-pouzdrem-3-0323-n","status":"publish","type":"product","link":"https:\/\/www.moskito.cz\/de\/produkt\/kleste-victorinox-swiss-tool-s-nylonovym-pouzdrem-3-0323-n\/","title":{"rendered":"Kle\u0161t\u011b Victorinox Swiss Tool s Nylonov\u00fdm Pouzdrem 3.0323.N"},"content":{"rendered":"<p>Kle\u0161t\u011b <strong>Victorinox<\/strong> Swiss Tool s Nylonov\u00fdm Pouzdrem 3.0323.N<\/p>\n<p>Kle\u0161t\u011b Swiss Tool p\u0159edstavuj\u00ed kvalitn\u00ed a praktick\u00fd n\u00e1stroj zalo\u017een\u00fd na hodnot\u00e1ch p\u016fvodn\u00edho \u0161v\u00fdcarsk\u00e9ho arm\u00e1dn\u00edho no\u017ee. Tento u\u017eivatelsky velice p\u0159\u00edv\u011btiv\u00fd pomocn\u00edk je navr\u017een\u00fd pro extr\u00e9mn\u00ed funk\u010dnost a zvl\u00e1dnut\u00ed jak\u00e9hokoliv \u00fakolu. Jednodu\u0161e sada n\u00e1stroj\u016f zabalen\u00e1 do lehk\u00e9 kapesn\u00ed formy.<\/p>\n<p>Popis produktu<\/p>\n<p>Multifunk\u010dn\u00ed kapesn\u00ed n\u00e1stroj Swiss Tool je dod\u00e1van\u00fd v nylonov\u00e9m pouzd\u0159e, vybaven\u00fd pojistkou a 26 funk\u010dn\u00edmi n\u00e1stroji:<\/p>\n<p>tenk\u00e9 kle\u0161t\u011b<br \/>\n\u0161roubov\u00e1k 2mm<br \/>\n\u0161roubov\u00e1k 3 mm<br \/>\nn\u016f\u017eky na m\u011bkk\u00fd a tenk\u00fd dr\u00e1t a\u017e do 40 HRc<br \/>\n\u0161roubov\u00e1k 5 mm<br \/>\notv\u00edr\u00e1k na l\u00e1hve<br \/>\n\u0161roubov\u00e1k 7,5 mm<br \/>\nn\u016f\u017e<br \/>\nn\u016f\u017e se zubatou \u010depel\u00ed<br \/>\npiln\u00edk na \u017eelezo<br \/>\npilka na \u017eelezo<br \/>\npilka na d\u0159evo<br \/>\nv\u00fdstru\u017en\u00edk, bodec<br \/>\nk\u0159\u00ed\u017eov\u00fd \u0161roubov\u00e1k 1 a 2<br \/>\ndl\u00e1to a \u0161krabka<br \/>\notv\u00edr\u00e1k krabic<br \/>\noh\u00fdba\u010dka na dr\u00e1t<br \/>\nodstra\u0148ova\u010d izolace z dr\u00e1t\u016f<br \/>\n\u0161krabka na dr\u00e1ty \/ st\u0159ih izolace<br \/>\notv\u00edr\u00e1k na konzervy<br \/>\nprav\u00edtko (230 mm)<br \/>\nprav\u00edtko (9 palc\u016f)<br \/>\np\u0159\u00edpravek pro v\u00fdvrtku<br \/>\nst\u0159iha\u010d tvrd\u00fdch dr\u00e1t\u016f<br \/>\notvor na lanko<br \/>\njednotliv\u00e9 pru\u017einy<\/p>\n<p>Parametry<br \/>\nFunkce: Velk\u00fd n\u016f\u017e, Otv\u00edr\u00e1k na konzervy, K\u0159\u00ed\u017eov\u00fd \u0161roubov\u00e1k, O\u010dko na \u0161it\u00ed, V\u00fdstru\u017en\u00edk, pr\u016fbojn\u00edk, Jemn\u00fd \u0161roubov\u00e1k, Odstra\u0148ova\u010d izolace, Otv\u00edr\u00e1k na lahve, Pilka na d\u0159evo, Mini-\u0161roubov\u00e1k, N\u016f\u017eky, Vlnkovat\u00e9 ost\u0159\u00ed, \u0160roubov\u00e1k, Pilka na kov, Piln\u00edk na kov, \u0160t\u00edpa\u010dka dr\u00e1t\u016f, Kle\u0161t\u011b, Lemov\u00e1n\u00ed dr\u00e1t\u016f, Dl\u00e1tko<\/p>\n","protected":false},"excerpt":{"rendered":"<p>Kle\u0161t\u011b Swiss Tool p\u0159edstavuj\u00ed kvalitn\u00ed a praktick\u00fd n\u00e1stroj zalo\u017een\u00fd na hodnot\u00e1ch p\u016fvodn\u00edho \u0161v\u00fdcarsk\u00e9ho arm\u00e1dn\u00edho no\u017ee.<\/p>\n","protected":false},"featured_media":217428,"comment_status":"open","ping_status":"closed","template":"","meta":[],"pwb-brand":[1175],"product_brand":[],"product_cat":[50],"product_tag":[],"class_list":{"0":"post-217426","1":"product","2":"type-product","3":"status-publish","4":"has-post-thumbnail","6":"pwb-brand-victorinox","7":"product_cat-multi-tool","9":"first","10":"instock","11":"taxable","12":"shipping-taxable","13":"purchasable","14":"product-type-simple"},"brands":[{"id":1175,"name":"Victorinox","slug":"victorinox"}],"_links":{"self":[{"href":"https:\/\/www.moskito.cz\/de\/wp-json\/wp\/v2\/product\/217426","targetHints":{"allow":["GET"]}}],"collection":[{"href":"https:\/\/www.moskito.cz\/de\/wp-json\/wp\/v2\/product"}],"about":[{"href":"https:\/\/www.moskito.cz\/de\/wp-json\/wp\/v2\/types\/product"}],"replies":[{"embeddable":true,"href":"https:\/\/www.moskito.cz\/de\/wp-json\/wp\/v2\/comments?post=217426"}],"wp:featuredmedia":[{"embeddable":true,"href":"https:\/\/www.moskito.cz\/de\/wp-json\/wp\/v2\/media\/217428"}],"wp:attachment":[{"href":"https:\/\/www.moskito.cz\/de\/wp-json\/wp\/v2\/media?parent=217426"}],"wp:term":[{"taxonomy":"pwb-brand","embeddable":true,"href":"https:\/\/www.moskito.cz\/de\/wp-json\/wp\/v2\/pwb-brand?post=217426"},{"taxonomy":"product_brand","embeddable":true,"href":"https:\/\/www.moskito.cz\/de\/wp-json\/wp\/v2\/product_brand?post=217426"},{"taxonomy":"product_cat","embeddable":true,"href":"https:\/\/www.moskito.cz\/de\/wp-json\/wp\/v2\/product_cat?post=217426"},{"taxonomy":"product_tag","embeddable":true,"href":"https:\/\/www.moskito.cz\/de\/wp-json\/wp\/v2\/product_tag?post=217426"}],"curies":[{"name":"wp","href":"https:\/\/api.w.org\/{rel}","templated":true}]}}