{"id":217668,"date":"2022-06-26T20:55:38","date_gmt":"2022-06-26T19:55:38","guid":{"rendered":"https:\/\/www.moskito.cz\/?post_type=product&#038;p=217668"},"modified":"2025-05-07T10:39:09","modified_gmt":"2025-05-07T09:39:09","slug":"zaviraci-nuz-kershaw-esteem","status":"publish","type":"product","link":"https:\/\/www.moskito.cz\/de\/produkt\/zaviraci-nuz-kershaw-esteem\/","title":{"rendered":"Zav\u00edrac\u00ed N\u016f\u017e KERSHAW ESTEEM"},"content":{"rendered":"<p>Zav\u00edrac\u00ed N\u016f\u017e <strong>KERSHAW<\/strong> ESTEEM<\/p>\n<p>V Esteem se setk\u00e1v\u00e1 tradice s modern\u00edm designem. Tento neuzamykateln\u00fd n\u016f\u017e s posuvn\u00fdm kloubem m\u00e1 dvojit\u00fd areta\u010dn\u00ed syst\u00e9m: dv\u011b ocelov\u00e9 areta\u010dn\u00ed kuli\u010dky, jedna na ka\u017ed\u00e9 stran\u011b \u010depele. Dr\u017e\u00ed \u010depel bezpe\u010dn\u011b zav\u0159enou pro p\u0159en\u00e1\u0161en\u00ed. Pak pro kontrolovan\u00e9 otev\u00edr\u00e1n\u00ed a zav\u00edr\u00e1n\u00ed m\u00e1 Esteem tak\u00e9 polootev\u0159enou polohu. Elegantn\u00ed rukoje\u0165 je vyrobena z kombinovan\u00e9ho materi\u00e1lu G10 a oceli. Jemn\u00e9 detaily, v\u010detn\u011b bronzov\u00e9ho PVD povlaku na hardwaru, povy\u0161uj\u00ed Esteem je\u0161t\u011b d\u00e1le. To v\u0161e vytv\u00e1\u0159\u00ed kloub, kter\u00fd si u\u017eivatel\u00e9 budou v\u00e1\u017eit po cel\u00fd \u017eivot.<\/p>\n<p>Dvojit\u00fd areta\u010dn\u00ed syst\u00e9m: dv\u011b ocelov\u00e9 areta\u010dn\u00ed kuli\u010dky, jedna na ka\u017ed\u00e9 stran\u011b \u010depele pro bezpe\u010dn\u00e9 p\u0159en\u00e1\u0161en\u00ed, kontrolovan\u00e9 otev\u00edr\u00e1n\u00ed\/zav\u00edr\u00e1n\u00ed<br \/>\nOcel \u010depele 8Cr13MoV nab\u00edz\u00ed dobrou odolnost proti korozi, vysokou pevnost; Povrchov\u00e1 \u00faprava otryskan\u00e1 kor\u00e1lky poskytuje jemn\u00fd, matn\u00fd vzhled<br \/>\nLe\u0161t\u011bn\u00fd materi\u00e1l kombinovan\u00e9 rukojeti G10\/ocel<br \/>\nJednopolohov\u00e1, extra hlubok\u00e1 kapesn\u00ed spona s otvorem pro \u0161\u0148\u016frku<\/p>\n<p>Pou\u017e\u00edvejte ka\u017ed\u00fd den<br \/>\nTyp Slo\u017eka, Ru\u010dn\u00ed<br \/>\nStylov\u00fd kapesn\u00ed n\u016f\u017e<br \/>\nDesigner Kershaw Originals<br \/>\nBod p\u00e1du ve stylu \u010depele<br \/>\nBlade Edge Plain<br \/>\nOtev\u0159en\u00ed ak\u010dn\u00edho manu\u00e1lu<br \/>\nOtev\u0159e se p\u0159ezd\u00edvkou na nehty<br \/>\nTyp z\u00e1mku Dvojit\u00e1 z\u00e1padka<br \/>\nKapesn\u00ed spona Hlubok\u00e9 no\u0161en\u00ed v jedn\u00e9 poloze (prav\u00e1, sklopn\u00e1)<br \/>\nBarva rukojeti st\u0159\u00edbrn\u00e1 a \u010dern\u00e1<br \/>\nHardware Bronzov\u00e1 eloxovan\u00e1 ozdobn\u00e1 \u010depi\u010dka<br \/>\nZem\u011b p\u016fvodu USA: Design, Prototyp, Kontrola kvality. \u010c\u00edna: V\u00fdroba<br \/>\nZ\u00e1ruka Omezen\u00e1 do\u017eivotn\u00ed z\u00e1ruka<\/p>\n<p>D\u00e9lka \u010depele 2,5 palce (6,4 cm)<br \/>\nMateri\u00e1l \u010depele 8Cr13MoV<br \/>\nPovrchov\u00e1 \u00faprava \u010depele\/potah Povrchov\u00e1 \u00faprava otryskan\u00e1 perli\u010dkami<br \/>\nTlou\u0161\u0165ka \u010depele 0,09 palce (2,29 mm)<br \/>\nD\u00e9lka v zav\u0159en\u00e9m stavu 3,4 palce (8,6 cm)<br \/>\nMateri\u00e1l rukojeti Nerezov\u00e1 ocel, p\u0159ekryt\u00ed G10<br \/>\nPovrchov\u00e1 \u00faprava rukojeti\/potah Povrchov\u00e1 \u00faprava otryskan\u00e1 perli\u010dkami<br \/>\nTlou\u0161\u0165ka rukojeti 0,33 palce (8,38 mm)<br \/>\nCelkov\u00e1 d\u00e9lka 5,9 palce (15 cm)<br \/>\nHmotnost 2 oz. (57 g)<\/p>\n<p><iframe title=\"Kershaw Esteem - Model 2032\" width=\"800\" height=\"450\" src=\"https:\/\/www.youtube.com\/embed\/IbXO4p73tKQ?feature=oembed\" frameborder=\"0\" allow=\"accelerometer; autoplay; clipboard-write; encrypted-media; gyroscope; picture-in-picture\" allowfullscreen><\/iframe><\/p>\n<p>&nbsp;<\/p>\n","protected":false},"excerpt":{"rendered":"<p>Zakladatel spole\u010dnosti Kershaw, Pete Kershaw, v\u011bd\u011bl, jak je d\u016fle\u017eit\u00e1 zaru\u010den\u00e1 kvalita. Koncem roku 1974 se rozhodl zalo\u017eit vlastn\u00ed no\u017e\u00ed\u0159skou spole\u010dnost v cement\u00e1rn\u011b v Lake Oswego v Oregonu.<\/p>\n<p>V Japonsku se gener\u00e1ln\u00ed \u0159editel Kai Koji Endo domn\u00edval, \u017ee Kershaw m\u00e1 je\u0161t\u011b v\u011bt\u0161\u00ed potenci\u00e1l k r\u016fstu. V roce 1996 Endo investoval do americk\u00e9ho v\u00fdrobn\u00edho z\u00e1vodu na z\u00e1kladn\u011b Kai USA ve Wilsonville. V\u011b\u0159il, \u017ee to Kershawovi pom\u016f\u017ee dos\u00e1hnout pln\u00e9ho potenci\u00e1lu. A brzy Kai USA najal nov\u00fd produk\u010dn\u00ed t\u00fdm pro tuto pr\u00e1ci.<\/p>\n","protected":false},"featured_media":217669,"comment_status":"open","ping_status":"closed","template":"","meta":[],"pwb-brand":[385],"product_brand":[],"product_cat":[22,17],"product_tag":[],"class_list":{"0":"post-217668","1":"product","2":"type-product","3":"status-publish","4":"has-post-thumbnail","6":"pwb-brand-kershaw","7":"product_cat-zaviraci-noze","8":"product_cat-noze","10":"first","11":"instock","12":"taxable","13":"shipping-taxable","14":"purchasable","15":"product-type-simple"},"brands":[{"id":385,"name":"Kershaw","slug":"kershaw"}],"_links":{"self":[{"href":"https:\/\/www.moskito.cz\/de\/wp-json\/wp\/v2\/product\/217668","targetHints":{"allow":["GET"]}}],"collection":[{"href":"https:\/\/www.moskito.cz\/de\/wp-json\/wp\/v2\/product"}],"about":[{"href":"https:\/\/www.moskito.cz\/de\/wp-json\/wp\/v2\/types\/product"}],"replies":[{"embeddable":true,"href":"https:\/\/www.moskito.cz\/de\/wp-json\/wp\/v2\/comments?post=217668"}],"wp:featuredmedia":[{"embeddable":true,"href":"https:\/\/www.moskito.cz\/de\/wp-json\/wp\/v2\/media\/217669"}],"wp:attachment":[{"href":"https:\/\/www.moskito.cz\/de\/wp-json\/wp\/v2\/media?parent=217668"}],"wp:term":[{"taxonomy":"pwb-brand","embeddable":true,"href":"https:\/\/www.moskito.cz\/de\/wp-json\/wp\/v2\/pwb-brand?post=217668"},{"taxonomy":"product_brand","embeddable":true,"href":"https:\/\/www.moskito.cz\/de\/wp-json\/wp\/v2\/product_brand?post=217668"},{"taxonomy":"product_cat","embeddable":true,"href":"https:\/\/www.moskito.cz\/de\/wp-json\/wp\/v2\/product_cat?post=217668"},{"taxonomy":"product_tag","embeddable":true,"href":"https:\/\/www.moskito.cz\/de\/wp-json\/wp\/v2\/product_tag?post=217668"}],"curies":[{"name":"wp","href":"https:\/\/api.w.org\/{rel}","templated":true}]}}