{"id":217708,"date":"2022-06-27T20:20:49","date_gmt":"2022-06-27T19:20:49","guid":{"rendered":"https:\/\/www.moskito.cz\/?post_type=product&#038;p=217708"},"modified":"2025-05-07T10:39:10","modified_gmt":"2025-05-07T09:39:10","slug":"zaviraci-nuz-zero-tolerance-0235","status":"publish","type":"product","link":"https:\/\/www.moskito.cz\/de\/produkt\/zaviraci-nuz-zero-tolerance-0235\/","title":{"rendered":"Zav\u00edrac\u00ed N\u016f\u017e Zero Tolerance 0235"},"content":{"rendered":"<p>Zav\u00edrac\u00ed N\u016f\u017e <strong>Zero Tolerance<\/strong> 0235<\/p>\n<p>Od ZT a d\u00e1nsk\u00e9ho design\u00e9ra Jense Ans\u00f8, nov\u00fd 0235 roz\u0161i\u0159uje p\u016fvodn\u00ed 0230 a nab\u00edz\u00ed prvot\u0159\u00eddn\u00ed, pr\u00e9miov\u00fd v\u00fdkon. Nov\u00e1 \u010depel s hrotem kop\u00ed se otev\u00edr\u00e1 pomoc\u00ed dvojit\u00e9ho areta\u010dn\u00edho syst\u00e9mu: dv\u011b ocelov\u00e9 areta\u010dn\u00ed kuli\u010dky, jedna na ka\u017ed\u00e9 stran\u011b \u010depele. Dr\u017e\u00ed \u010depel bezpe\u010dn\u011b zav\u0159enou pro p\u0159en\u00e1\u0161en\u00ed. Pak pro \u0159\u00edzen\u00e9 otev\u00edr\u00e1n\u00ed a zav\u00edr\u00e1n\u00ed m\u00e1 0235 tak\u00e9 polootev\u0159enou polohu. Extra hlubok\u00e1 spona poskytuje nov\u00fd zp\u016fsob no\u0161en\u00ed tohoto elegantn\u00edho, jednoduch\u00e9ho a mimo\u0159\u00e1dn\u00e9ho designu.<\/p>\n<p>Vyrobeno v USA<br \/>\nDvojit\u00fd areta\u010dn\u00ed syst\u00e9m: dv\u011b ocelov\u00e9 areta\u010dn\u00ed kuli\u010dky, jedna na ka\u017ed\u00e9 stran\u011b \u010depele pro bezpe\u010dn\u00e9 p\u0159en\u00e1\u0161en\u00ed, kontrolovan\u00e9 otev\u00edr\u00e1n\u00ed\/zav\u00edr\u00e1n\u00ed<br \/>\nModr\u00fd eloxovan\u00fd hlin\u00edkov\u00fd backspacer s integrovan\u00fdm uchycen\u00edm na \u0161\u0148\u016frku<br \/>\nOcel \u010depele CPM 20CV nab\u00edz\u00ed v\u00fdjime\u010dnou tvrdost, odolnost proti opot\u0159eben\u00ed, zachov\u00e1n\u00ed ost\u0159\u00ed; Stonewashed povrch pom\u00e1h\u00e1 skr\u00fdt \u0161kr\u00e1bance od pou\u017e\u00edv\u00e1n\u00ed<br \/>\nExtra hlubok\u00e1 kapesn\u00ed spona umo\u017e\u0148uje pohodln\u00e9 no\u0161en\u00ed s n\u00edzk\u00fdm profilem&lt;.li&gt;<br \/>\nUltralehk\u00e1 rukoje\u0165 z uhl\u00edkov\u00fdch vl\u00e1ken<\/p>\n<p>Typ Manu\u00e1l<br \/>\nPou\u017e\u00edvejte ka\u017ed\u00fd den<br \/>\nStylov\u00fd kapesn\u00ed n\u016f\u017e<br \/>\nN\u00e1vrh\u00e1\u0159 Jens Ans\u00f8<br \/>\nBod kop\u00ed ve stylu \u010depele<br \/>\nBlade Edge Plain<br \/>\nOtev\u00edr\u00e1n\u00ed Ru\u010dn\u00ed podlo\u017eky<br \/>\nOtev\u0159e se p\u0159ezd\u00edvkou na nehty<br \/>\nTyp z\u00e1mku Slipjoint<br \/>\nKapesn\u00ed spona Oboustrann\u00e9 extra hlubok\u00e9 no\u0161en\u00ed (prav\u00e1\/lev\u00e1, skl\u00e1p\u011bc\u00ed)<br \/>\nVyrobeno v USA Ano<br \/>\nHardware Oto\u010dn\u00e1 matice z brun\u00fdrovan\u00e9 oceli, n\u00e1mo\u0159nick\u00e1 mod\u0159 eloxovan\u00fd hlin\u00edkov\u00fd backspacer, \u0161rouby z brun\u00fdrovan\u00e9 oceli<\/p>\n<p>\u010cepel ocel CPM 20CV<br \/>\nD\u00e9lka \u010depele 2,6 palce (6,6 cm)<br \/>\nPovrchov\u00e1 \u00faprava \u010depele\/potah Povrchov\u00e1 \u00faprava Stonewash<br \/>\nTlou\u0161\u0165ka \u010depele 0,121 palce (0,31 cm)<br \/>\nD\u00e9lka v zav\u0159en\u00e9m stavu 3,8 palce (9,7 cm)<br \/>\nMateri\u00e1l rukojeti uhl\u00edkov\u00e9 vl\u00e1kno<br \/>\nBarva rukojeti \u010cern\u00e1<br \/>\nTlou\u0161\u0165ka rukojeti 0,4 palce (10,2 mm)<br \/>\nCelkov\u00e1 d\u00e9lka 6,3 palce (16 cm)<br \/>\nHmotnost 1,8 unce (51 g)<\/p>\n<p>&nbsp;<\/p>\n<p><iframe title=\"Introducing The Zero Tolerance 0235\" width=\"800\" height=\"450\" src=\"https:\/\/www.youtube.com\/embed\/kOlVagN4cSM?feature=oembed\" frameborder=\"0\" allow=\"accelerometer; autoplay; clipboard-write; encrypted-media; gyroscope; picture-in-picture\" allowfullscreen><\/iframe><\/p>\n<p>&nbsp;<\/p>\n","protected":false},"excerpt":{"rendered":"<p>Budeme i nad\u00e1le stav\u011bt profesion\u00e1ln\u00ed no\u017ee pr\u00e9miov\u00e9 kvality, na kter\u00e9 se na\u0161i z\u00e1kazn\u00edci mohou ka\u017ed\u00fd den spolehnout!!<\/p>\n<p>To je <strong>Zero Tolerance<\/strong>!!<\/p>\n<p><strong>Doprava zdarma.<\/strong><\/p>\n<p>&nbsp;<\/p>\n<p>&nbsp;<\/p>\n","protected":false},"featured_media":217709,"comment_status":"open","ping_status":"closed","template":"","meta":[],"pwb-brand":[717],"product_brand":[],"product_cat":[22,17],"product_tag":[],"class_list":{"0":"post-217708","1":"product","2":"type-product","3":"status-publish","4":"has-post-thumbnail","6":"pwb-brand-zero-tolerance","7":"product_cat-zaviraci-noze","8":"product_cat-noze","10":"first","11":"instock","12":"taxable","13":"shipping-taxable","14":"purchasable","15":"product-type-simple"},"brands":[{"id":717,"name":"Zero Tolerance","slug":"zero-tolerance"}],"_links":{"self":[{"href":"https:\/\/www.moskito.cz\/de\/wp-json\/wp\/v2\/product\/217708","targetHints":{"allow":["GET"]}}],"collection":[{"href":"https:\/\/www.moskito.cz\/de\/wp-json\/wp\/v2\/product"}],"about":[{"href":"https:\/\/www.moskito.cz\/de\/wp-json\/wp\/v2\/types\/product"}],"replies":[{"embeddable":true,"href":"https:\/\/www.moskito.cz\/de\/wp-json\/wp\/v2\/comments?post=217708"}],"wp:featuredmedia":[{"embeddable":true,"href":"https:\/\/www.moskito.cz\/de\/wp-json\/wp\/v2\/media\/217709"}],"wp:attachment":[{"href":"https:\/\/www.moskito.cz\/de\/wp-json\/wp\/v2\/media?parent=217708"}],"wp:term":[{"taxonomy":"pwb-brand","embeddable":true,"href":"https:\/\/www.moskito.cz\/de\/wp-json\/wp\/v2\/pwb-brand?post=217708"},{"taxonomy":"product_brand","embeddable":true,"href":"https:\/\/www.moskito.cz\/de\/wp-json\/wp\/v2\/product_brand?post=217708"},{"taxonomy":"product_cat","embeddable":true,"href":"https:\/\/www.moskito.cz\/de\/wp-json\/wp\/v2\/product_cat?post=217708"},{"taxonomy":"product_tag","embeddable":true,"href":"https:\/\/www.moskito.cz\/de\/wp-json\/wp\/v2\/product_tag?post=217708"}],"curies":[{"name":"wp","href":"https:\/\/api.w.org\/{rel}","templated":true}]}}