{"id":217932,"date":"2022-06-29T10:40:50","date_gmt":"2022-06-29T09:40:50","guid":{"rendered":"https:\/\/www.moskito.cz\/?post_type=product&#038;p=217932"},"modified":"2025-05-07T10:39:13","modified_gmt":"2025-05-07T09:39:13","slug":"zaviraci-nuz-magnum-boker-master-craftsman-1","status":"publish","type":"product","link":"https:\/\/www.moskito.cz\/de\/produkt\/zaviraci-nuz-magnum-boker-master-craftsman-1\/","title":{"rendered":"Zav\u00edrac\u00ed N\u016f\u017e Magnum B\u00f6ker Master Craftsman 1"},"content":{"rendered":"<p>Zav\u00edrac\u00ed N\u016f\u017e <strong>Magnum B\u00f6ker<\/strong> Master Craftsman 1<\/p>\n<p>Zav\u00edrac\u00ed n\u016f\u017e Magnum B\u00f6ker Master Craftsman 1 je navr\u017een tak, aby spl\u0148oval pot\u0159eby \u0159emesln\u00edk\u016f, kte\u0159\u00ed hledaj\u00ed pevn\u00fd, spolehliv\u00fd a cenov\u011b v\u00fdhodn\u00fd n\u00e1stroj pro svou pr\u00e1ci. Tento n\u016f\u017e vynik\u00e1 svou solidn\u00ed konstrukc\u00ed, odolnou nerezovou \u010depel\u00ed z oceli 440A a vynikaj\u00edc\u00edm pom\u011brem ceny a v\u00fdkonu. Je ide\u00e1ln\u00ed pro ka\u017edodenn\u00ed pou\u017eit\u00ed, a\u0165 u\u017e v kapse jako pracovn\u00ed n\u00e1stroj nebo v boxu na n\u00e1\u0159ad\u00ed.<\/p>\n<p>Hlavn\u00ed vlastnosti:<\/p>\n<p>Materi\u00e1l \u010depele: Nerezov\u00e1 ocel 440A, zn\u00e1m\u00e1 svou odolnost\u00ed proti korozi.<br \/>\nMateri\u00e1l rukojeti: D\u0159evo Pakka, kter\u00e9 poskytuje pohodln\u00fd a pevn\u00fd \u00fachop.<br \/>\nTvar \u010depele: Klasick\u00fd lockback n\u016f\u017e s univerz\u00e1ln\u00edm tvarem \u010depele, robustn\u00ed a v\u0161estrann\u00fd.<br \/>\nZ\u00e1mek: Backlock pro bezpe\u010dn\u00e9 uzam\u010den\u00ed \u010depele p\u0159i pou\u017eit\u00ed.<br \/>\nD\u00e9lka \u010depele: 7,5 cm.<br \/>\nCelkov\u00e1 d\u00e9lka: 17,8 cm.<br \/>\nTlou\u0161\u0165ka \u010depele: 2,7 mm.<br \/>\nHmotnost: 120 g.<br \/>\nOtev\u00edr\u00e1n\u00ed: Manu\u00e1ln\u00ed otev\u00edr\u00e1n\u00ed s otvorem na \u0161\u0148\u016frku.<br \/>\nBarva: Hn\u011bd\u00e1 rukoje\u0165, neopot\u0159ebovan\u00e1 \u010depel.<br \/>\n\u010c\u00edslo polo\u017eky: 01 MB410.<\/p>\n<p>Tento kapesn\u00ed n\u016f\u017e je ide\u00e1ln\u00ed pro ka\u017edodenn\u00ed \u00fakoly, nab\u00edz\u00ed spolehlivost a snadn\u00e9 pou\u017eit\u00ed, co\u017e z n\u011bj \u010din\u00ed skv\u011bl\u00fd n\u00e1stroj pro \u0159emesln\u00edky, kte\u0159\u00ed pot\u0159ebuj\u00ed kvalitn\u00ed a cenov\u011b dostupn\u00fd n\u016f\u017e.<\/p>\n<p>&nbsp;<\/p>\n","protected":false},"excerpt":{"rendered":"<p><strong>Tento kapesn\u00ed n\u016f\u017e je ide\u00e1ln\u00ed pro ka\u017edodenn\u00ed \u00fakoly, nab\u00edz\u00ed spolehlivost a snadn\u00e9 pou\u017eit\u00ed, co\u017e z n\u011bj \u010din\u00ed skv\u011bl\u00fd n\u00e1stroj pro \u0159emesln\u00edky, kte\u0159\u00ed pot\u0159ebuj\u00ed kvalitn\u00ed a cenov\u011b dostupn\u00fd n\u016f\u017e.<\/strong><\/p>\n","protected":false},"featured_media":217933,"comment_status":"open","ping_status":"closed","template":"","meta":[],"pwb-brand":[140],"product_brand":[],"product_cat":[22,17],"product_tag":[3667],"class_list":{"0":"post-217932","1":"product","2":"type-product","3":"status-publish","4":"has-post-thumbnail","6":"pwb-brand-boker","7":"product_cat-zaviraci-noze","8":"product_cat-noze","9":"product_tag-b2b","11":"first","12":"instock","13":"taxable","14":"shipping-taxable","15":"purchasable","16":"product-type-simple"},"brands":[{"id":140,"name":"Boker","slug":"boker"}],"_links":{"self":[{"href":"https:\/\/www.moskito.cz\/de\/wp-json\/wp\/v2\/product\/217932","targetHints":{"allow":["GET"]}}],"collection":[{"href":"https:\/\/www.moskito.cz\/de\/wp-json\/wp\/v2\/product"}],"about":[{"href":"https:\/\/www.moskito.cz\/de\/wp-json\/wp\/v2\/types\/product"}],"replies":[{"embeddable":true,"href":"https:\/\/www.moskito.cz\/de\/wp-json\/wp\/v2\/comments?post=217932"}],"wp:featuredmedia":[{"embeddable":true,"href":"https:\/\/www.moskito.cz\/de\/wp-json\/wp\/v2\/media\/217933"}],"wp:attachment":[{"href":"https:\/\/www.moskito.cz\/de\/wp-json\/wp\/v2\/media?parent=217932"}],"wp:term":[{"taxonomy":"pwb-brand","embeddable":true,"href":"https:\/\/www.moskito.cz\/de\/wp-json\/wp\/v2\/pwb-brand?post=217932"},{"taxonomy":"product_brand","embeddable":true,"href":"https:\/\/www.moskito.cz\/de\/wp-json\/wp\/v2\/product_brand?post=217932"},{"taxonomy":"product_cat","embeddable":true,"href":"https:\/\/www.moskito.cz\/de\/wp-json\/wp\/v2\/product_cat?post=217932"},{"taxonomy":"product_tag","embeddable":true,"href":"https:\/\/www.moskito.cz\/de\/wp-json\/wp\/v2\/product_tag?post=217932"}],"curies":[{"name":"wp","href":"https:\/\/api.w.org\/{rel}","templated":true}]}}