{"id":219369,"date":"2022-07-10T13:22:47","date_gmt":"2022-07-10T12:22:47","guid":{"rendered":"https:\/\/www.moskito.cz\/?post_type=product&#038;p=219369"},"modified":"2025-05-07T10:39:40","modified_gmt":"2025-05-07T09:39:40","slug":"pevny-nuz-extrema-ratio-mk2-1-desert-warfare","status":"publish","type":"product","link":"https:\/\/www.moskito.cz\/de\/produkt\/pevny-nuz-extrema-ratio-mk2-1-desert-warfare\/","title":{"rendered":"Pevn\u00fd N\u016f\u017e Extrema Ratio MK2.1 DESERT WARFARE"},"content":{"rendered":"<p>Pevn\u00fd N\u016f\u017e <strong>Extrema Ratio<\/strong> MK2.1 DESERT WARFARE<\/p>\n<p>Revidovan\u00e1 klasika, pocta v\u00e1le\u010dn\u00e9mu veter\u00e1novi: MK2.1 je restylingem bojov\u00e9 d\u00fdky MARK 2, jednoho z nejroz\u0161\u00ed\u0159en\u011bj\u0161\u00edch no\u017e\u016f ve druh\u00e9 sv\u011btov\u00e9 v\u00e1lce. Na\u0161\u00edm c\u00edlem u takto ambici\u00f3zn\u00edho designov\u00e9ho projektu bylo zachovat charakteristick\u00e9 kvality origin\u00e1lu a zav\u00e9st pouze ty zm\u011bny, kter\u00e9 jsme pova\u017eovali za p\u0159\u00edsn\u011b funk\u010dn\u00ed, aby se zlep\u0161ila jeho \u00fa\u010dinnost. \u010cepel je z kobaltov\u00e9 oceli, pro ostatn\u00ed d\u00edly jsou pou\u017eity AISI 303 a AISI 304 a na rukojeti je k\u016f\u017ee nahrazena nylonem zes\u00edlen\u00fdm skeln\u00fdm vl\u00e1knem. Zachov\u00e1v\u00e1 si ergonomii p\u016fvodn\u00edho Mark 2, zat\u00edmco v\u0161echny konstruk\u010dn\u00ed d\u00edly byly p\u0159edimenzov\u00e1ny, aby z\u00edskaly robustn\u00ed a vysoce v\u00fdkonn\u00fd v\u00edce\u00fa\u010delov\u00fd n\u016f\u017e. Nejv\u00fdznamn\u011bj\u0161\u00ed zm\u011bny jsou zam\u011b\u0159eny na opravu zn\u00e1m\u00fdch \u201eslab\u00fdch m\u00edst\u201c mate\u0159sk\u00e9ho no\u017ee: mezi n\u011b pat\u0159\u00ed mo\u017enost bezn\u00e1strojov\u00e9 demont\u00e1\u017ee v ter\u00e9nu, narovnan\u00fd upraven\u00fd profil Bowie usnad\u0148uj\u00edc\u00ed \u00fadr\u017ebu ost\u0159\u00ed a soudkovit\u00e9 dr\u00e1\u017eky na j\u00edlci, kter\u00e9 oba pom\u00e1haj\u00ed u\u017eivateli spr\u00e1vn\u011b orientovat \u010depel ve tm\u011b a zlep\u0161uj\u00ed \u00fachop u\u017eivatele p\u0159i to\u010div\u00fdch pohybech (efekt \u201e\u0161roubov\u00e1ku\u201c). Mezi drobn\u00e9 dopl\u0148ky pat\u0159\u00ed otvory pro bezpe\u010dnostn\u00ed \u0161\u0148\u016fru v t\u0159menu a otvory pro mont\u00e1\u017e na ty\u010d na p\u0159edn\u00edm krytu. Na\u0161e obvykl\u00e1 \u201ebo\u010dn\u00ed dr\u00e1\u017eka\u201c Extrema Ratio nahradila tradi\u010dn\u00ed plni\u010d s krevn\u00ed dr\u00e1\u017ekou pro lep\u0161\u00ed vzhled a sn\u00ed\u017een\u00ed hmotnosti. Obsahuje standardn\u00ed stehenn\u00ed pl\u00e1\u0161\u0165 s automatick\u00fdm z\u00e1dr\u017en\u00fdm mechanismem a ochrannou chlopn\u00ed. Dostupn\u00e9 verze: MK2.1 BLACK, MK2.1 DESERT WARFARE.<br \/>\nV\u00c1HA G: 393<br \/>\nHMOTNOST OZ.: 13,9<br \/>\nD\u00c9LKA \u010cEPELE (MM): 177<br \/>\nD\u00c9LKA \u010cEPELE (V): 7<br \/>\nCELKOV\u00c1 D\u00c9LKA (MM): 303<br \/>\nCELKOV\u00c1 D\u00c9LKA (V): 11,9<br \/>\nTLOU\u0160\u0164KA \u010cEPELE (MM): 6,3<br \/>\nTLOU\u0160\u0164KA \u010cEPELE (IN): 0,25<br \/>\nMATERI\u00c1L \u010cEPELE: B\u00d6HLER N690 STEEL (58HRC)<br \/>\nPOVRCHOV\u00c1 \u00daPRAVA \u010cEPEL\u00cd: POU\u0160TN\u00cd V\u00c1LKA<br \/>\nHLAVN\u00cd M\u0158\u00cd\u017dKA: PLOCH\u00c1<br \/>\nMATERI\u00c1L RUKOJETI: NYLON<\/p>\n","protected":false},"excerpt":{"rendered":"<p>Spole\u010dnost\u00a0<strong>Extrema Ratio<\/strong>\u00a0se s\u00eddlem v italsk\u00e9m Pratu navrhuje a vyr\u00e1b\u00ed vysoce v\u00fdkonn\u00e9 bojov\u00e9, vojensk\u00e9, kuchy\u0148sk\u00e9, loveck\u00e9 a taktick\u00e9 no\u017ee od roku 1997 a m\u00e1 pov\u011bst vynikaj\u00edc\u00ed kvality, kter\u00e1 je v oboru vojensk\u00fdch a taktick\u00fdch no\u017e\u016f nep\u0159ekonateln\u00e1.\u00a0<strong>Doprava zdarma<\/strong>.<\/p>\n","protected":false},"featured_media":219370,"comment_status":"open","ping_status":"closed","template":"","meta":[],"pwb-brand":[267],"product_brand":[],"product_cat":[23,17],"product_tag":[3667],"class_list":{"0":"post-219369","1":"product","2":"type-product","3":"status-publish","4":"has-post-thumbnail","6":"pwb-brand-extrema-ratio","7":"product_cat-pevne-noze","8":"product_cat-noze","9":"product_tag-b2b","11":"first","12":"instock","13":"taxable","14":"shipping-taxable","15":"purchasable","16":"product-type-simple"},"brands":[{"id":267,"name":"Extrema Ratio","slug":"extrema-ratio"}],"_links":{"self":[{"href":"https:\/\/www.moskito.cz\/de\/wp-json\/wp\/v2\/product\/219369","targetHints":{"allow":["GET"]}}],"collection":[{"href":"https:\/\/www.moskito.cz\/de\/wp-json\/wp\/v2\/product"}],"about":[{"href":"https:\/\/www.moskito.cz\/de\/wp-json\/wp\/v2\/types\/product"}],"replies":[{"embeddable":true,"href":"https:\/\/www.moskito.cz\/de\/wp-json\/wp\/v2\/comments?post=219369"}],"wp:featuredmedia":[{"embeddable":true,"href":"https:\/\/www.moskito.cz\/de\/wp-json\/wp\/v2\/media\/219370"}],"wp:attachment":[{"href":"https:\/\/www.moskito.cz\/de\/wp-json\/wp\/v2\/media?parent=219369"}],"wp:term":[{"taxonomy":"pwb-brand","embeddable":true,"href":"https:\/\/www.moskito.cz\/de\/wp-json\/wp\/v2\/pwb-brand?post=219369"},{"taxonomy":"product_brand","embeddable":true,"href":"https:\/\/www.moskito.cz\/de\/wp-json\/wp\/v2\/product_brand?post=219369"},{"taxonomy":"product_cat","embeddable":true,"href":"https:\/\/www.moskito.cz\/de\/wp-json\/wp\/v2\/product_cat?post=219369"},{"taxonomy":"product_tag","embeddable":true,"href":"https:\/\/www.moskito.cz\/de\/wp-json\/wp\/v2\/product_tag?post=219369"}],"curies":[{"name":"wp","href":"https:\/\/api.w.org\/{rel}","templated":true}]}}