{"id":219631,"date":"2022-07-13T09:39:06","date_gmt":"2022-07-13T08:39:06","guid":{"rendered":"https:\/\/www.moskito.cz\/?post_type=product&#038;p=219631"},"modified":"2025-05-07T10:39:49","modified_gmt":"2025-05-07T09:39:49","slug":"vystrelovaci-nuz-microtech-utx-85-233-2t","status":"publish","type":"product","link":"https:\/\/www.moskito.cz\/de\/produkt\/vystrelovaci-nuz-microtech-utx-85-233-2t\/","title":{"rendered":"Vyst\u0159elovac\u00ed N\u016f\u017e Microtech UTX-85 233-2T"},"content":{"rendered":"<p>Vyst\u0159elovac\u00ed N\u016f\u017e <strong>Microtech<\/strong> UTX-85 233-2T<\/p>\n<p>Tento <strong>Microtech UTX-85<\/strong> se m\u016f\u017ee pochlubit \u010dernou eloxovanou rukojet\u00ed s kompletn\u00edm \u010dern\u00fdm hardwarem a integrovanou funkc\u00ed rozb\u00edjen\u00ed skla spolu s \u010d\u00e1ste\u010dn\u011b zoubkovanou \u010depel\u00ed ve stylu tanto v \u010dern\u00e9m proveden\u00ed.<\/p>\n<p>Radik\u00e1ln\u011b p\u0159epracovan\u00fd n\u016f\u017e Microtech UTX-85 z p\u0159edn\u00ed strany nyn\u00ed obsahuje novou tvarovanou rukoje\u0165, aktualizovan\u00fd troj\u00faheln\u00edkov\u00fd hardware, p\u0159epracovan\u00e9 skl\u00ed\u010dko pro palec a rozb\u00edje\u010d skla, kter\u00fd nyn\u00ed obsahuje kuli\u010dkov\u00e9 lo\u017eisko namontovan\u00e9 lisem pro pohodln\u011bj\u0161\u00ed, ale st\u00e1le funk\u010dn\u00ed u\u017eivatele. Tento fantastick\u00fd dvou\u010dinn\u00fd n\u016f\u017e m\u00e1 ide\u00e1ln\u00ed velikost a jak n\u00e1zev ukazuje, UTX-85 je 85% velikosti vlajkov\u00e9 lodi Ultratech no\u017ee, ale se 100% schopnost\u00ed.<\/p>\n<p><strong>Vyrobeno v USA.<\/strong><\/p>\n<p>Celkov\u00e1 d\u00e9lka: 18.75 cm<br \/>\nD\u00e9lka \u010depele: 7.81 cm<br \/>\n\u0158ezn\u00e1 hrana: 7.17 cm<br \/>\nTlou\u0161\u0165ka \u010depele: 0.32cm<br \/>\nMateri\u00e1l \u010depele: Bohler M390<br \/>\nB\u0159itov\u00e9 desti\u010dky: Ploch\u00e9<br \/>\nD\u00e9lka rukojeti: 10.92 cm<br \/>\nTlou\u0161\u0165ka rukojeti: 1.17 cm<br \/>\nMateri\u00e1l rukojeti: hlin\u00edk<br \/>\nHmotnost: 3,06 oz.<br \/>\nU\u017eivatel: Prav\u00e1 ruka<br \/>\nPocket Clip: Tip-Down<br \/>\nTyp no\u017ee: Double-Action OTF Automatic<br \/>\nOtv\u00edra\u010d: Thumb Slide<br \/>\nZna\u010dka: Microtech<br \/>\nModel: UTX-85<br \/>\nZem\u011b p\u016fvodu: USA<br \/>\nNejlep\u0161\u00ed vyu\u017eit\u00ed: Taktick\u00e9<\/p>\n<p>&nbsp;<\/p>\n<p>&nbsp;<\/p>\n","protected":false},"excerpt":{"rendered":"<p>V pr\u016fb\u011bhu let <strong>Microtech\u00ae Knives<\/strong> naplnil v\u00e1\u0161n\u00ed a dovednost\u00ed v\u00fdrobu no\u017e\u016f, a\u017e z nich vytvo\u0159il t\u00e9m\u011b\u0159 um\u011bleck\u00e1 d\u00edla,kter\u00e9 jsou vrcholem funk\u010dnosti. V\u0161echny d\u00edly jsou vyrodeny v USA.<br \/>\n<strong>Na v\u0161echny no\u017ee Microtech je do\u017eivotn\u00ed z\u00e1ruka.<\/strong><\/p>\n","protected":false},"featured_media":219632,"comment_status":"open","ping_status":"closed","template":"","meta":[],"pwb-brand":[431],"product_brand":[],"product_cat":[2019,17],"product_tag":[3667],"class_list":{"0":"post-219631","1":"product","2":"type-product","3":"status-publish","4":"has-post-thumbnail","6":"pwb-brand-microtech","7":"product_cat-vystrelovaci-noze","8":"product_cat-noze","9":"product_tag-b2b","11":"first","12":"outofstock","13":"taxable","14":"shipping-taxable","15":"purchasable","16":"product-type-simple"},"brands":[{"id":431,"name":"Microtech","slug":"microtech"}],"_links":{"self":[{"href":"https:\/\/www.moskito.cz\/de\/wp-json\/wp\/v2\/product\/219631","targetHints":{"allow":["GET"]}}],"collection":[{"href":"https:\/\/www.moskito.cz\/de\/wp-json\/wp\/v2\/product"}],"about":[{"href":"https:\/\/www.moskito.cz\/de\/wp-json\/wp\/v2\/types\/product"}],"replies":[{"embeddable":true,"href":"https:\/\/www.moskito.cz\/de\/wp-json\/wp\/v2\/comments?post=219631"}],"wp:featuredmedia":[{"embeddable":true,"href":"https:\/\/www.moskito.cz\/de\/wp-json\/wp\/v2\/media\/219632"}],"wp:attachment":[{"href":"https:\/\/www.moskito.cz\/de\/wp-json\/wp\/v2\/media?parent=219631"}],"wp:term":[{"taxonomy":"pwb-brand","embeddable":true,"href":"https:\/\/www.moskito.cz\/de\/wp-json\/wp\/v2\/pwb-brand?post=219631"},{"taxonomy":"product_brand","embeddable":true,"href":"https:\/\/www.moskito.cz\/de\/wp-json\/wp\/v2\/product_brand?post=219631"},{"taxonomy":"product_cat","embeddable":true,"href":"https:\/\/www.moskito.cz\/de\/wp-json\/wp\/v2\/product_cat?post=219631"},{"taxonomy":"product_tag","embeddable":true,"href":"https:\/\/www.moskito.cz\/de\/wp-json\/wp\/v2\/product_tag?post=219631"}],"curies":[{"name":"wp","href":"https:\/\/api.w.org\/{rel}","templated":true}]}}