{"id":223100,"date":"2022-09-03T10:58:46","date_gmt":"2022-09-03T09:58:46","guid":{"rendered":"https:\/\/www.moskito.cz\/?post_type=product&#038;p=223100"},"modified":"2025-10-04T23:34:03","modified_gmt":"2025-10-04T22:34:03","slug":"zaviraci-nuz-crkt-curfew-2867","status":"publish","type":"product","link":"https:\/\/www.moskito.cz\/de\/produkt\/zaviraci-nuz-crkt-curfew-2867\/","title":{"rendered":"Zav\u00edrac\u00ed N\u016f\u017e CRKT CURFEW 2867"},"content":{"rendered":"<p>&nbsp;<\/p>\n<div class=\"flex-1 overflow-hidden @container\/thread\">\n<div class=\"h-full\">\n<div class=\"react-scroll-to-bottom--css-vxybp-79elbk h-full\">\n<div class=\"react-scroll-to-bottom--css-vxybp-1n7m0yu\">\n<div class=\"flex flex-col text-sm md:pb-9\">\n<article class=\"w-full scroll-mb-[var(--thread-trailing-height,150px)] text-token-text-primary focus-visible:outline-2 focus-visible:outline-offset-[-4px]\" dir=\"auto\" data-testid=\"conversation-turn-205\" data-scroll-anchor=\"true\">\n<div class=\"m-auto text-base py-[18px] px-3 md:px-4 w-full md:px-5 lg:px-4 xl:px-5\">\n<div class=\"mx-auto flex flex-1 gap-4 text-base md:gap-5 lg:gap-6 md:max-w-3xl\">\n<div class=\"group\/conversation-turn relative flex w-full min-w-0 flex-col agent-turn\">\n<div class=\"flex-col gap-1 md:gap-3\">\n<div class=\"flex max-w-full flex-col flex-grow\">\n<div class=\"min-h-8 text-message flex w-full flex-col items-end gap-2 whitespace-normal break-words text-start [.text-message+&amp;]:mt-5\" dir=\"auto\" data-message-author-role=\"assistant\" data-message-id=\"16ca5f62-6067-4fd5-b373-116fba4ebd3a\" data-message-model-slug=\"gpt-4o-mini\">\n<div class=\"flex w-full flex-col gap-1 empty:hidden first:pt-[3px]\">\n<div class=\"markdown prose w-full break-words dark:prose-invert light\">\n<p><strong>Zav\u00edrac\u00ed N\u016f\u017e CRKT CURFEW 2867<\/strong> je skv\u00e9l\u00e9 propojen\u00ed designu, funk\u010dnosti a jednoduchosti, inspirovan\u00e9 ne\u010dekan\u00fdmi okam\u017eiky. Tento n\u016f\u017e, jeho\u017e p\u016fvodn\u00ed koncept vznikl d\u00edky osmilet\u00e9 vnu\u010dce design\u00e9ra <strong>Russe Kommera<\/strong>, nab\u00edz\u00ed kombinaci <strong>elegance<\/strong> a <strong>v\u0161estrannosti<\/strong>, co\u017e z n\u011bj \u010din\u00ed ide\u00e1ln\u00ed n\u00e1stroj pro ka\u017edodenn\u00ed no\u0161en\u00ed. P\u0159in\u00e1\u0161\u00ed <strong>vysok\u00fd v\u00fdkon<\/strong>, a p\u0159esto si zachov\u00e1v\u00e1 <strong>kompaktn\u00ed a praktick\u00fd design<\/strong>.<\/p>\n<h3>Kl\u00ed\u010dov\u00e9 vlastnosti:<\/h3>\n<ol>\n<li><strong>Origin\u00e1ln\u00ed design inspirovan\u00fd vnu\u010dkou<\/strong>:\n<ul>\n<li>Tento n\u016f\u017e vznikl jako reakce na n\u00e1\u010drt osmilet\u00e9 vnu\u010dky Russe Kommera. Komplexn\u00ed design je v\u00fdjime\u010dn\u011b <strong>ergonomick\u00fd<\/strong> a <strong>vhodn\u00fd pro ka\u017edodenn\u00ed no\u0161en\u00ed<\/strong>.<\/li>\n<\/ul>\n<\/li>\n<li><strong>Rychl\u00e9 a hladk\u00e9 otev\u00edr\u00e1n\u00ed<\/strong>:\n<ul>\n<li>Vyu\u017e\u00edv\u00e1 oce\u0148ovan\u00fd <strong>asistovan\u00fd otev\u00edrac\u00ed mechanismus Ken Onion<\/strong>, co\u017e znamen\u00e1, \u017ee \u010depel se automaticky nasune s minim\u00e1ln\u00edm \u00fasil\u00edm.<\/li>\n<li><strong>Syst\u00e9m \u010dep\u016f s kuli\u010dkov\u00fdmi lo\u017eisky IKBS\u2122<\/strong> zaji\u0161\u0165uje <strong>super hladkou rotaci<\/strong> p\u0159i otev\u00edr\u00e1n\u00ed.<\/li>\n<\/ul>\n<\/li>\n<li><strong>V\u0161estrann\u00e1 \u010depel pro ka\u017edodenn\u00ed \u00fakoly<\/strong>:\n<ul>\n<li><strong>D\u00e9lka \u010depele 3,10&#8243; (78,61 mm)<\/strong> a materi\u00e1l <strong>8Cr13MoV<\/strong> (nerezov\u00e1 ocel s vysok\u00fdm obsahem uhl\u00edku) zaji\u0161\u0165uj\u00ed, \u017ee \u010depel je <strong>ostr\u00fd<\/strong> a <strong>odoln\u00fd<\/strong>, co\u017e je ide\u00e1ln\u00ed pro <strong>pr\u00e1ci v dom\u00e1cnosti, kancel\u00e1\u0159i nebo venku<\/strong>.<\/li>\n<li>\u010cepel m\u00e1 <strong>prost\u00fd hrot<\/strong>, co\u017e znamen\u00e1, \u017ee je snadno pou\u017eiteln\u00e1 pro \u0161irokou \u0161k\u00e1lu \u00fakol\u016f.<\/li>\n<\/ul>\n<\/li>\n<li><strong>Pohodln\u00fd a odoln\u00fd \u00fachop<\/strong>:\n<ul>\n<li>Rukoje\u0165 je vyrobena z <strong>vl\u00e1kna napu\u0161t\u011bn\u00e9ho prysky\u0159ic\u00ed<\/strong>, co\u017e j\u00ed dod\u00e1v\u00e1 pevnost a odolnost.<\/li>\n<li><strong>Hlin\u00edkov\u00e1 podlo\u017eka<\/strong> na rukojeti poskytuje <strong>dodate\u010dnou stabilitu a pohodl\u00ed<\/strong>, co\u017e zaji\u0161\u0165uje bezpe\u010dn\u00fd \u00fachop i p\u0159i dlouhodob\u00e9m pou\u017e\u00edv\u00e1n\u00ed.<\/li>\n<\/ul>\n<\/li>\n<li><strong>Kompaktn\u00ed a diskr\u00e9tn\u00ed<\/strong>:\n<ul>\n<li>Celkov\u00e1 d\u00e9lka <strong>7,31&#8243; (185,75 mm)<\/strong> a uzav\u0159en\u00e1 d\u00e9lka <strong>4,23&#8243; (107,47 mm)<\/strong> zaji\u0161\u0165uj\u00ed, \u017ee n\u016f\u017e je dostate\u010dn\u011b kompaktn\u00ed na to, aby se snadno ve\u0161el do kapsy nebo na opasek.<\/li>\n<li><strong>N\u00edzkoprofilov\u00e1 kapesn\u00ed spona<\/strong> pro bezpe\u010dn\u00e9 a diskr\u00e9tn\u00ed no\u0161en\u00ed.<\/li>\n<\/ul>\n<\/li>\n<\/ol>\n<h3>Specifikace:<\/h3>\n<ul>\n<li><strong>D\u00e9lka \u010depele<\/strong>: 3,10&#8243; (78,61 mm)<\/li>\n<li><strong>Ost\u0159\u00ed \u010depele<\/strong>: Prost\u00fd<\/li>\n<li><strong>Materi\u00e1l \u010depele<\/strong>: Ocel 8Cr13MoV<\/li>\n<li><strong>Povrchov\u00e1 \u00faprava \u010depele<\/strong>: Sat\u00e9n<\/li>\n<li><strong>Tlou\u0161\u0165ka \u010depele<\/strong>: 0,11&#8243; (2,72 mm)<\/li>\n<li><strong>Celkov\u00e1 d\u00e9lka<\/strong>: 7,31&#8243; (185,75 mm)<\/li>\n<li><strong>Uzav\u0159en\u00e1 d\u00e9lka<\/strong>: 4,23&#8243; (107,47 mm)<\/li>\n<li><strong>Hmotnost<\/strong>: 3,30 oz (93,55 g)<\/li>\n<li><strong>Rukoje\u0165<\/strong>: Vl\u00e1kno napu\u0161t\u011bn\u00e9 prysky\u0159ic\u00ed s hlin\u00edkovou podlo\u017ekou<\/li>\n<li><strong>Styl<\/strong>: Asistovan\u00fd skl\u00e1dac\u00ed n\u016f\u017e s Liner Lock<\/li>\n<\/ul>\n<h3>Shrnut\u00ed:<\/h3>\n<p><strong>Zav\u00edrac\u00ed N\u016f\u017e CRKT CURFEW 2867<\/strong> je vynikaj\u00edc\u00ed volbou pro ka\u017edodenn\u00ed no\u0161en\u00ed, kter\u00e1 spojuje <strong>funk\u010dnost<\/strong>, <strong>styl<\/strong> a <strong>v\u0161estrannost<\/strong>. Je inspirov\u00e1n ne\u010dekan\u00fdm okam\u017eikem, co\u017e mu dod\u00e1v\u00e1 <strong>unik\u00e1tn\u00ed charakter<\/strong>. D\u00edky <strong>asistovan\u00e9mu otev\u00edr\u00e1n\u00ed<\/strong>, kvalitn\u00ed <strong>oceanick\u00e9 oceli<\/strong> a <strong>ergonomick\u00e9 rukojeti<\/strong> je tento n\u016f\u017e p\u0159ipraven zvl\u00e1dnout ka\u017edodenn\u00ed \u00fakoly s <strong>preciznost\u00ed<\/strong> a <strong>snadn\u00fdm ovl\u00e1d\u00e1n\u00edm<\/strong>. Je to skv\u011bl\u00fd spole\u010dn\u00edk pro ka\u017ed\u00e9ho, kdo hled\u00e1 <strong>kompaktn\u00ed<\/strong> a <strong>efektivn\u00ed<\/strong> n\u00e1stroj, kter\u00fd je z\u00e1rove\u0148 <strong>stylov\u00fd<\/strong> a <strong>funk\u010dn\u00ed<\/strong>.<\/p>\n<\/div>\n<\/div>\n<\/div>\n<\/div>\n<div class=\"mb-2 flex gap-3 empty:hidden -ml-2\">\n<div class=\"items-center justify-start rounded-xl p-1 flex\">\n<div class=\"flex items-center\"><\/div>\n<\/div>\n<\/div>\n<div class=\"pr-2 lg:pr-0\"><\/div>\n<\/div>\n<\/div>\n<\/div>\n<\/div>\n<\/article>\n<\/div>\n<\/div>\n<\/div>\n<\/div>\n<\/div>\n<p><iframe title=\"CRKT CURFEW\u2122 | Russ Kommer Design\" width=\"800\" height=\"450\" src=\"https:\/\/www.youtube.com\/embed\/Hg2WAmjKWuI?feature=oembed\" frameborder=\"0\" allow=\"accelerometer; autoplay; clipboard-write; encrypted-media; gyroscope; picture-in-picture; web-share\" referrerpolicy=\"strict-origin-when-cross-origin\" allowfullscreen><\/iframe><\/p>\n<p><iframe title=\"CRKT ASSISTED OPENING | How It Works\" width=\"800\" height=\"450\" src=\"https:\/\/www.youtube.com\/embed\/QUSQFRDMrEI?feature=oembed\" frameborder=\"0\" allow=\"accelerometer; autoplay; clipboard-write; encrypted-media; gyroscope; picture-in-picture; web-share\" referrerpolicy=\"strict-origin-when-cross-origin\" allowfullscreen><\/iframe><\/p>\n<p>&nbsp;<\/p>\n","protected":false},"excerpt":{"rendered":"<p><strong>Zav\u00edrac\u00ed N\u016f\u017e CRKT CURFEW 2867 je vynikaj\u00edc\u00ed volbou pro ka\u017edodenn\u00ed no\u0161en\u00ed, kter\u00e1 spojuje funk\u010dnost, styl a v\u0161estrannost. Je inspirov\u00e1n ne\u010dekan\u00fdm okam\u017eikem, co\u017e mu dod\u00e1v\u00e1 unik\u00e1tn\u00ed charakter. D\u00edky asistovan\u00e9mu otev\u00edr\u00e1n\u00ed, kvalitn\u00ed oceanick\u00e9 oceli a ergonomick\u00e9 rukojeti je tento n\u016f\u017e p\u0159ipraven zvl\u00e1dnout ka\u017edodenn\u00ed \u00fakoly s preciznost\u00ed a snadn\u00fdm ovl\u00e1d\u00e1n\u00edm. Je to skv\u011bl\u00fd spole\u010dn\u00edk pro ka\u017ed\u00e9ho, kdo hled\u00e1 kompaktn\u00ed a efektivn\u00ed n\u00e1stroj, kter\u00fd je z\u00e1rove\u0148 stylov\u00fd a funk\u010dn\u00ed.<\/strong><\/p>\n","protected":false},"featured_media":223101,"comment_status":"open","ping_status":"closed","template":"","meta":[],"pwb-brand":[209],"product_brand":[],"product_cat":[22,17],"product_tag":[3667],"class_list":{"0":"post-223100","1":"product","2":"type-product","3":"status-publish","4":"has-post-thumbnail","6":"pwb-brand-crkt","7":"product_cat-zaviraci-noze","8":"product_cat-noze","9":"product_tag-b2b","11":"first","12":"instock","13":"sale","14":"taxable","15":"shipping-taxable","16":"purchasable","17":"product-type-simple"},"brands":[{"id":209,"name":"CRKT","slug":"crkt"}],"_links":{"self":[{"href":"https:\/\/www.moskito.cz\/de\/wp-json\/wp\/v2\/product\/223100","targetHints":{"allow":["GET"]}}],"collection":[{"href":"https:\/\/www.moskito.cz\/de\/wp-json\/wp\/v2\/product"}],"about":[{"href":"https:\/\/www.moskito.cz\/de\/wp-json\/wp\/v2\/types\/product"}],"replies":[{"embeddable":true,"href":"https:\/\/www.moskito.cz\/de\/wp-json\/wp\/v2\/comments?post=223100"}],"wp:featuredmedia":[{"embeddable":true,"href":"https:\/\/www.moskito.cz\/de\/wp-json\/wp\/v2\/media\/223101"}],"wp:attachment":[{"href":"https:\/\/www.moskito.cz\/de\/wp-json\/wp\/v2\/media?parent=223100"}],"wp:term":[{"taxonomy":"pwb-brand","embeddable":true,"href":"https:\/\/www.moskito.cz\/de\/wp-json\/wp\/v2\/pwb-brand?post=223100"},{"taxonomy":"product_brand","embeddable":true,"href":"https:\/\/www.moskito.cz\/de\/wp-json\/wp\/v2\/product_brand?post=223100"},{"taxonomy":"product_cat","embeddable":true,"href":"https:\/\/www.moskito.cz\/de\/wp-json\/wp\/v2\/product_cat?post=223100"},{"taxonomy":"product_tag","embeddable":true,"href":"https:\/\/www.moskito.cz\/de\/wp-json\/wp\/v2\/product_tag?post=223100"}],"curies":[{"name":"wp","href":"https:\/\/api.w.org\/{rel}","templated":true}]}}