{"id":227754,"date":"2022-10-09T15:00:21","date_gmt":"2022-10-09T14:00:21","guid":{"rendered":"https:\/\/www.moskito.cz\/?post_type=product&#038;p=227754"},"modified":"2025-05-07T10:42:07","modified_gmt":"2025-05-07T09:42:07","slug":"vystrelovaci-nuz-microtech-utx-85-stonewash-233-10-pk","status":"publish","type":"product","link":"https:\/\/www.moskito.cz\/de\/produkt\/vystrelovaci-nuz-microtech-utx-85-stonewash-233-10-pk\/","title":{"rendered":"Vyst\u0159elovac\u00ed N\u016f\u017e Microtech UTX-85 Stonewash 233-10 PK"},"content":{"rendered":"<p>Vyst\u0159elovac\u00ed N\u016f\u017e <strong>Microtech<\/strong> UTX-85 Stonewash 233-10 PK<\/p>\n<p>Microtech aktualizoval a vylep\u0161il model UTX-85. Vyzna\u010duje se vylep\u0161enou ergonomi\u00ed, zaoblen\u00fdmi plochami rukojet\u00ed a z\u00e1platami dr\u00e1\u017eek po stran\u00e1ch, kter\u00e9 zaji\u0161\u0165uj\u00ed vynikaj\u00edc\u00ed \u00fachop. Vyst\u0159elovac\u00ed tla\u010d\u00edtko bylo p\u0159epracov\u00e1no tak, aby zv\u00fd\u0161ilo povrchov\u00fd kontakt pro efektivn\u00ed z\u00e1b\u011br, a rozb\u00edje\u010d skla m\u00e1 v z\u00e1kladn\u011b se vzorem troj\u00faheln\u00edku zasazenou kulovou \u0161pi\u010dku, aby se zlep\u0161ily jeho ka\u017edodenn\u00ed zp\u016fsoby no\u0161en\u00ed. UTX-85 je zalo\u017een na platform\u011b Ultratech a je zmen\u0161en na 85 % sv\u00e9 d\u00e9lky. UTX-85 je p\u0159ita\u017eliv\u00e1 volba pro ty, kte\u0159\u00ed preferuj\u00ed men\u0161\u00ed EDC n\u016f\u017e a oce\u0148uj\u00ed vysoce v\u00fdkonnou p\u0159edn\u00ed akci Microtech a v\u00fdjime\u010dnou kvalitu sestaven\u00ed.<\/p>\n<p>Tento model se vyzna\u010duje r\u016f\u017eovou eloxovanou hlin\u00edkovou rukojet\u00ed 6061-T6, p\u0159edn\u00ed strana m\u00e1 logo Microtech Claw. Tanto \u010depel z nerezov\u00e9 oceli M390 s povrchovou \u00fapravou Stonewash. Otryskan\u00fd hotov\u00fd hardware, kapesn\u00ed spona a hrot rozb\u00edje\u010de skla. \u010cepel m\u00e1 logo Microtech a informace o modelu. Kapesn\u00ed klip m\u00e1 logo Microtech, s\u00e9riov\u00e9 \u010d\u00edslo a datum v\u00fdroby.<\/p>\n<p>Celkov\u00e1 d\u00e9lka: 18.75 cm<br \/>\nD\u00e9lka \u010depele: 7.81 cm<br \/>\n\u0158ezn\u00e1 hrana: 7.17 cm<br \/>\nTlou\u0161\u0165ka \u010depele: 0.32cm<br \/>\nMateri\u00e1l \u010depele: Bohler M390<br \/>\nB\u0159itov\u00e9 desti\u010dky: Ploch\u00e9<br \/>\nD\u00e9lka rukojeti: 10.92 cm<br \/>\nTlou\u0161\u0165ka rukojeti: 1.17 cm<br \/>\nMateri\u00e1l rukojeti: hlin\u00edk<br \/>\nHmotnost: 3,06 oz.<br \/>\nU\u017eivatel: Prav\u00e1 ruka<br \/>\nPocket Clip: Tip-Down<br \/>\nTyp no\u017ee: Double-Action OTF Automatic<br \/>\nOtv\u00edra\u010d: Thumb Slide<br \/>\nZna\u010dka: Microtech<br \/>\nModel: UTX-85<br \/>\nZem\u011b p\u016fvodu: USA<br \/>\nNejlep\u0161\u00ed vyu\u017eit\u00ed: Taktick\u00e9<\/p>\n","protected":false},"excerpt":{"rendered":"<p>V pr\u016fb\u011bhu let\u00a0<strong>Microtech\u00ae\u00a0<\/strong>Knives naplnil v\u00e1\u0161n\u00ed a dovednost\u00ed v\u00fdrobu no\u017e\u016f, a\u017e z nich vytvo\u0159il t\u00e9m\u011b\u0159 um\u011bleck\u00e1 d\u00edla,kter\u00e9 jsou vrcholem funk\u010dnosti.V\u0161echny d\u00edly jsou vyrobeny v USA.<br \/>\n<strong>Na v\u0161echny no\u017ee Microtech je do\u017eivotn\u00ed z\u00e1ruka ( min. 80 000 cykl\u016f, otev\u0159en\u00ed a zav\u0159en\u00ed)<\/strong><\/p>\n","protected":false},"featured_media":227755,"comment_status":"open","ping_status":"closed","template":"","meta":[],"pwb-brand":[431],"product_brand":[],"product_cat":[2019,17],"product_tag":[3667],"class_list":{"0":"post-227754","1":"product","2":"type-product","3":"status-publish","4":"has-post-thumbnail","6":"pwb-brand-microtech","7":"product_cat-vystrelovaci-noze","8":"product_cat-noze","9":"product_tag-b2b","11":"first","12":"outofstock","13":"taxable","14":"shipping-taxable","15":"purchasable","16":"product-type-simple"},"brands":[{"id":431,"name":"Microtech","slug":"microtech"}],"_links":{"self":[{"href":"https:\/\/www.moskito.cz\/de\/wp-json\/wp\/v2\/product\/227754","targetHints":{"allow":["GET"]}}],"collection":[{"href":"https:\/\/www.moskito.cz\/de\/wp-json\/wp\/v2\/product"}],"about":[{"href":"https:\/\/www.moskito.cz\/de\/wp-json\/wp\/v2\/types\/product"}],"replies":[{"embeddable":true,"href":"https:\/\/www.moskito.cz\/de\/wp-json\/wp\/v2\/comments?post=227754"}],"wp:featuredmedia":[{"embeddable":true,"href":"https:\/\/www.moskito.cz\/de\/wp-json\/wp\/v2\/media\/227755"}],"wp:attachment":[{"href":"https:\/\/www.moskito.cz\/de\/wp-json\/wp\/v2\/media?parent=227754"}],"wp:term":[{"taxonomy":"pwb-brand","embeddable":true,"href":"https:\/\/www.moskito.cz\/de\/wp-json\/wp\/v2\/pwb-brand?post=227754"},{"taxonomy":"product_brand","embeddable":true,"href":"https:\/\/www.moskito.cz\/de\/wp-json\/wp\/v2\/product_brand?post=227754"},{"taxonomy":"product_cat","embeddable":true,"href":"https:\/\/www.moskito.cz\/de\/wp-json\/wp\/v2\/product_cat?post=227754"},{"taxonomy":"product_tag","embeddable":true,"href":"https:\/\/www.moskito.cz\/de\/wp-json\/wp\/v2\/product_tag?post=227754"}],"curies":[{"name":"wp","href":"https:\/\/api.w.org\/{rel}","templated":true}]}}