{"id":228059,"date":"2022-10-13T20:50:09","date_gmt":"2022-10-13T19:50:09","guid":{"rendered":"https:\/\/www.moskito.cz\/?post_type=product&#038;p=228059"},"modified":"2025-05-07T10:42:25","modified_gmt":"2025-05-07T09:42:25","slug":"ksiltovka-microtech-legacy-trucker-cap","status":"publish","type":"product","link":"https:\/\/www.moskito.cz\/de\/produkt\/ksiltovka-microtech-legacy-trucker-cap\/","title":{"rendered":"K\u0160ILTOVKA MICROTECH LEGACY TRUCKER CAP"},"content":{"rendered":"<p>K\u0160ILTOVKA MICROTECH LEGACY TRUCKER CAP.<\/p>\n<p>Tyto klasick\u00e9 n\u00edzk\u00e9 k\u0161iltovky maj\u00ed logo Marfione Customs a Microtech na kvalitn\u00ed \u010depici Legacy s nastaviteln\u00fdm snapbackem.<\/p>\n<p>Strukturovan\u00fd st\u0159ih<br \/>\n65% Bavlna, 35% Polyester<br \/>\nUnisex<\/p>\n","protected":false},"excerpt":{"rendered":"<p>K\u0160ILTOVKA MICROTECH LEGACY TRUCKER CAP. Tyto klasick\u00e9 n\u00edzk\u00e9 k\u0161iltovky maj\u00ed logo Marfione Customs a Microtech na kvalitn\u00ed \u010depici Legacy s nastaviteln\u00fdm snapbackem. Strukturovan\u00fd st\u0159ih 65% Bavlna, 35% Polyester Unisex<\/p>\n","protected":false},"featured_media":245514,"comment_status":"open","ping_status":"closed","template":"","meta":[],"pwb-brand":[431],"product_brand":[],"product_cat":[2019,17],"product_tag":[3667],"class_list":{"0":"post-228059","1":"product","2":"type-product","3":"status-publish","4":"has-post-thumbnail","6":"pwb-brand-microtech","7":"product_cat-vystrelovaci-noze","8":"product_cat-noze","9":"product_tag-b2b","11":"first","12":"outofstock","13":"taxable","14":"shipping-taxable","15":"purchasable","16":"product-type-simple"},"brands":[{"id":431,"name":"Microtech","slug":"microtech"}],"_links":{"self":[{"href":"https:\/\/www.moskito.cz\/de\/wp-json\/wp\/v2\/product\/228059","targetHints":{"allow":["GET"]}}],"collection":[{"href":"https:\/\/www.moskito.cz\/de\/wp-json\/wp\/v2\/product"}],"about":[{"href":"https:\/\/www.moskito.cz\/de\/wp-json\/wp\/v2\/types\/product"}],"replies":[{"embeddable":true,"href":"https:\/\/www.moskito.cz\/de\/wp-json\/wp\/v2\/comments?post=228059"}],"wp:featuredmedia":[{"embeddable":true,"href":"https:\/\/www.moskito.cz\/de\/wp-json\/wp\/v2\/media\/245514"}],"wp:attachment":[{"href":"https:\/\/www.moskito.cz\/de\/wp-json\/wp\/v2\/media?parent=228059"}],"wp:term":[{"taxonomy":"pwb-brand","embeddable":true,"href":"https:\/\/www.moskito.cz\/de\/wp-json\/wp\/v2\/pwb-brand?post=228059"},{"taxonomy":"product_brand","embeddable":true,"href":"https:\/\/www.moskito.cz\/de\/wp-json\/wp\/v2\/product_brand?post=228059"},{"taxonomy":"product_cat","embeddable":true,"href":"https:\/\/www.moskito.cz\/de\/wp-json\/wp\/v2\/product_cat?post=228059"},{"taxonomy":"product_tag","embeddable":true,"href":"https:\/\/www.moskito.cz\/de\/wp-json\/wp\/v2\/product_tag?post=228059"}],"curies":[{"name":"wp","href":"https:\/\/api.w.org\/{rel}","templated":true}]}}