{"id":228454,"date":"2022-10-20T21:40:29","date_gmt":"2022-10-20T20:40:29","guid":{"rendered":"https:\/\/www.moskito.cz\/?post_type=product&#038;p=228454"},"modified":"2025-05-07T10:42:46","modified_gmt":"2025-05-07T09:42:46","slug":"vystrelovaci-nuz-heretic-knives-wraith-auto-s35vn-blizzard-worn-h000-8a-blizzard","status":"publish","type":"product","link":"https:\/\/www.moskito.cz\/de\/produkt\/vystrelovaci-nuz-heretic-knives-wraith-auto-s35vn-blizzard-worn-h000-8a-blizzard\/","title":{"rendered":"Vyst\u0159elovac\u00ed N\u016f\u017e Heretic Knives Wraith AUTO S35VN Blizzard-Worn H000-8A-BLIZZARD"},"content":{"rendered":"<p>Vyst\u0159elovac\u00ed N\u016f\u017e <strong>Heretic Knives<\/strong> Wraith AUTO S35VN Blizzard-Worn H000-8A-BLIZZARD.<\/p>\n<p>Wraith Auto je velmi v\u0161estrann\u00fd n\u016f\u017e s p\u0159\u00edmo\u010dar\u00fdm, praktick\u00fdm tvarem. Vyzna\u010duje se jednod\u00edln\u00fdm integrovan\u00fdm hlavn\u00edm \u0161asi z hlin\u00edku 6061 a samostatnou v\u00fdztuhou pro um\u00edst\u011bn\u00ed automatick\u00e9ho mechanismu. R\u016fzn\u00e9 kombinace materi\u00e1l\u016f, kter\u00e9 m\u00e1 Wraith k dispozici, skute\u010dn\u011b odli\u0161uj\u00ed tento n\u016f\u017e od ostatn\u00edch, a to jak ve form\u011b, tak ve funkci. M\u016f\u017ee m\u00edt podobu\u00a0 ka\u017edodenn\u00edho u\u017eivatele a n\u00e1siln\u00edka nebo robustn\u00edho taktick\u00e9ho no\u017ee s velmi mal\u00fdm \u00fasil\u00edm. Je to p\u0159\u00edjemn\u00fd n\u016f\u017e, kter\u00fd se dr\u017e\u00ed a pou\u017e\u00edv\u00e1, a p\u0159i ka\u017edodenn\u00ed pr\u00e1ci se p\u0159istihnete, \u017ee po n\u011bm sah\u00e1te \u010dast\u011bji ne\u017e ne.<\/p>\n<p>Specifikace<br \/>\nD\u00e9lka \u010depele: 9 cm<br \/>\nCelkov\u00e1 d\u00e9lka: 21.73 cm<br \/>\nMateri\u00e1l \u010depele: CPM-S35VN Nerezov\u00e1 ocel<br \/>\nTlou\u0161\u0165ka \u010depele: 0.425 cm<br \/>\nStyl \u010depele: Clip Point<br \/>\nBrou\u0161en\u00ed \u010depele: Ploch\u00e9<br \/>\nPovrchov\u00e1 \u00faprava \u010depele: Battleworn Black<br \/>\nMateri\u00e1l rukojeti: Blizzard-Worn Integral 6061 Aluminium with Carbon Fiber Bolster<br \/>\nUzamykac\u00ed mechanismus: Tla\u010d\u00edtko<br \/>\nKapesn\u00ed klip: Nerezov\u00e1 ocel s hlubok\u00fdm p\u0159enosem (vykl\u00e1p\u011bc\u00ed, prav\u00e9 p\u0159en\u00e1\u0161en\u00ed)<br \/>\nHmotnost: 5,3 oz.<br \/>\nDesign\u00e9r: Tony Marfione Jr.<br \/>\nVyrobeno v USA<\/p>\n<p><iframe title=\"Heretic Shop Video\" width=\"800\" height=\"450\" src=\"https:\/\/www.youtube.com\/embed\/7qUL5q7Cvgo?feature=oembed\" frameborder=\"0\" allow=\"accelerometer; autoplay; clipboard-write; encrypted-media; gyroscope; picture-in-picture; web-share\" referrerpolicy=\"strict-origin-when-cross-origin\" allowfullscreen><\/iframe><\/p>\n<p>&nbsp;<\/p>\n","protected":false},"excerpt":{"rendered":"<p>V\u0161echny na\u0161e no\u017ee jsou vyrobeny v USA a my to tak zachov\u00e1me. Kdy\u017e si koup\u00edte n\u011bkter\u00fd z na\u0161ich no\u017e\u016f, m\u016f\u017eete m\u00edt d\u016fv\u011bru ve sv\u016fj n\u00e1stroj s v\u011bdom\u00edm, \u017ee je podporov\u00e1n americkou spole\u010dnost\u00ed. Na\u0161e no\u017ee jsou vyr\u00e1b\u011bny v mal\u00fdch s\u00e9ri\u00edch, abychom zajistili, \u017ee dostanete kvalitn\u00ed n\u016f\u017e, kter\u00e9mu se nev\u011bnuje pozornost, kterou jin\u00e9 s\u00e9riov\u011b vyr\u00e1b\u011bn\u00e9 no\u017ee nedost\u00e1vaj\u00ed.<\/p>\n<p><strong>Doprava zdarma.<\/strong><\/p>\n","protected":false},"featured_media":228458,"comment_status":"open","ping_status":"closed","template":"","meta":[],"pwb-brand":[318],"product_brand":[],"product_cat":[2019,17],"product_tag":[],"class_list":{"0":"post-228454","1":"product","2":"type-product","3":"status-publish","4":"has-post-thumbnail","6":"pwb-brand-heretic-knives","7":"product_cat-vystrelovaci-noze","8":"product_cat-noze","10":"first","11":"outofstock","12":"taxable","13":"shipping-taxable","14":"purchasable","15":"product-type-simple"},"brands":[{"id":318,"name":"Heretic Knives","slug":"heretic-knives"}],"_links":{"self":[{"href":"https:\/\/www.moskito.cz\/de\/wp-json\/wp\/v2\/product\/228454","targetHints":{"allow":["GET"]}}],"collection":[{"href":"https:\/\/www.moskito.cz\/de\/wp-json\/wp\/v2\/product"}],"about":[{"href":"https:\/\/www.moskito.cz\/de\/wp-json\/wp\/v2\/types\/product"}],"replies":[{"embeddable":true,"href":"https:\/\/www.moskito.cz\/de\/wp-json\/wp\/v2\/comments?post=228454"}],"wp:featuredmedia":[{"embeddable":true,"href":"https:\/\/www.moskito.cz\/de\/wp-json\/wp\/v2\/media\/228458"}],"wp:attachment":[{"href":"https:\/\/www.moskito.cz\/de\/wp-json\/wp\/v2\/media?parent=228454"}],"wp:term":[{"taxonomy":"pwb-brand","embeddable":true,"href":"https:\/\/www.moskito.cz\/de\/wp-json\/wp\/v2\/pwb-brand?post=228454"},{"taxonomy":"product_brand","embeddable":true,"href":"https:\/\/www.moskito.cz\/de\/wp-json\/wp\/v2\/product_brand?post=228454"},{"taxonomy":"product_cat","embeddable":true,"href":"https:\/\/www.moskito.cz\/de\/wp-json\/wp\/v2\/product_cat?post=228454"},{"taxonomy":"product_tag","embeddable":true,"href":"https:\/\/www.moskito.cz\/de\/wp-json\/wp\/v2\/product_tag?post=228454"}],"curies":[{"name":"wp","href":"https:\/\/api.w.org\/{rel}","templated":true}]}}