{"id":228512,"date":"2022-10-21T10:54:32","date_gmt":"2022-10-21T09:54:32","guid":{"rendered":"https:\/\/www.moskito.cz\/?post_type=product&#038;p=228512"},"modified":"2025-05-07T10:42:47","modified_gmt":"2025-05-07T09:42:47","slug":"zaviraci-nuz-magnum-30-06-bullet-knife-01sc249","status":"publish","type":"product","link":"https:\/\/www.moskito.cz\/de\/produkt\/zaviraci-nuz-magnum-30-06-bullet-knife-01sc249\/","title":{"rendered":"Zav\u00edrac\u00ed N\u016f\u017e Magnum 30-06 Bullet knife 01SC249"},"content":{"rendered":"<p>Zav\u00edrac\u00ed N\u016f\u017e <strong>Magnum<\/strong> 30-06 Bullet knife 01SC249.<\/p>\n<p>N\u016f\u017e pro &#8222;hlasit\u00fd \u00fasp\u011bch&#8220;, v origin\u00e1ln\u00ed podob\u011b pu\u0161kov\u00e9ho n\u00e1boje r\u00e1\u017ee 30-06. Ide\u00e1ln\u00ed d\u00e1rek pro lovce nebo sb\u011bratele. \u010cepel z nerezov\u00e9 oceli 440 a kovov\u00e9 t\u011blo v barv\u011b mosazi. V\u010detn\u011b krou\u017eku na kl\u00ed\u010de.<\/p>\n<p>Popis produktu<br \/>\nCelkov\u00e1 d\u00e9lka: 12.1 cm<br \/>\nD\u00e9lka \u010depele: 4.2 cm<br \/>\nTlou\u0161\u0165ka \u010depele: 1.6 mm<br \/>\nHmotnost: 38 g<br \/>\nMateri\u00e1l \u010depele: 440A<br \/>\nTyp pojistky: Slipjoint<\/p>\n","protected":false},"excerpt":{"rendered":"<p><strong>Ide\u00e1ln\u00ed d\u00e1rek pro lovce nebo sb\u011bratele.<\/strong><\/p>\n","protected":false},"featured_media":228513,"comment_status":"open","ping_status":"closed","template":"","meta":[],"pwb-brand":[140],"product_brand":[],"product_cat":[22,17],"product_tag":[3667],"class_list":{"0":"post-228512","1":"product","2":"type-product","3":"status-publish","4":"has-post-thumbnail","6":"pwb-brand-boker","7":"product_cat-zaviraci-noze","8":"product_cat-noze","9":"product_tag-b2b","11":"first","12":"outofstock","13":"taxable","14":"shipping-taxable","15":"purchasable","16":"product-type-simple"},"brands":[{"id":140,"name":"Boker","slug":"boker"}],"_links":{"self":[{"href":"https:\/\/www.moskito.cz\/de\/wp-json\/wp\/v2\/product\/228512","targetHints":{"allow":["GET"]}}],"collection":[{"href":"https:\/\/www.moskito.cz\/de\/wp-json\/wp\/v2\/product"}],"about":[{"href":"https:\/\/www.moskito.cz\/de\/wp-json\/wp\/v2\/types\/product"}],"replies":[{"embeddable":true,"href":"https:\/\/www.moskito.cz\/de\/wp-json\/wp\/v2\/comments?post=228512"}],"wp:featuredmedia":[{"embeddable":true,"href":"https:\/\/www.moskito.cz\/de\/wp-json\/wp\/v2\/media\/228513"}],"wp:attachment":[{"href":"https:\/\/www.moskito.cz\/de\/wp-json\/wp\/v2\/media?parent=228512"}],"wp:term":[{"taxonomy":"pwb-brand","embeddable":true,"href":"https:\/\/www.moskito.cz\/de\/wp-json\/wp\/v2\/pwb-brand?post=228512"},{"taxonomy":"product_brand","embeddable":true,"href":"https:\/\/www.moskito.cz\/de\/wp-json\/wp\/v2\/product_brand?post=228512"},{"taxonomy":"product_cat","embeddable":true,"href":"https:\/\/www.moskito.cz\/de\/wp-json\/wp\/v2\/product_cat?post=228512"},{"taxonomy":"product_tag","embeddable":true,"href":"https:\/\/www.moskito.cz\/de\/wp-json\/wp\/v2\/product_tag?post=228512"}],"curies":[{"name":"wp","href":"https:\/\/api.w.org\/{rel}","templated":true}]}}