{"id":228661,"date":"2022-10-23T09:10:06","date_gmt":"2022-10-23T08:10:06","guid":{"rendered":"https:\/\/www.moskito.cz\/?post_type=product&#038;p=228661"},"modified":"2025-05-07T10:42:51","modified_gmt":"2025-05-07T09:42:51","slug":"pevny-nuz-heretic-knives-modular-push-dagger-h050-6a-brz","status":"publish","type":"product","link":"https:\/\/www.moskito.cz\/de\/produkt\/pevny-nuz-heretic-knives-modular-push-dagger-h050-6a-brz\/","title":{"rendered":"Pevn\u00fd N\u016f\u017e HERETIC KNIVES Modular Push Dagger H050-6A-BRZ"},"content":{"rendered":"<p>Pevn\u00fd N\u016f\u017e HERETIC KNIVES Modular Push Dagger H050-6A-BRZ.<\/p>\n<p>P\u0159edstavujeme Heretic Sleight, prvn\u00ed modul\u00e1rn\u00ed tla\u010dnou d\u00fdku Tony Jr. Sleight se standardn\u011b dod\u00e1v\u00e1 se dl\u00e1tov\u011b brou\u0161enou standardn\u00ed \u010depel\u00ed s dvojit\u00fdm ost\u0159\u00edm (CPM-20CV) s d\u00e9lkou ost\u0159\u00ed 6.57 cm. Dod\u00e1v\u00e1 se s celkovou d\u00e9lkou 13.5 cm, tlou\u0161\u0165kou 0.862 cm a 3,2 unce bez pl\u00e1\u0161t\u011b. Sleight je modul\u00e1rn\u00ed, jednodu\u0161e vyjm\u011bte t\u0159i \u0161rouby T8 a vym\u011b\u0148te \u010depel za rukoje\u0165 no\u017ee Sleight (prod\u00e1v\u00e1 se samostatn\u011b) nebo vym\u011b\u0148te za jin\u00e9 p\u0159\u00edslu\u0161enstv\u00ed Sleight Zabezpe\u010deno Tek-Lok, bu\u010fte si jisti, \u017ee va\u0161e Sleight z\u016fstane nedot\u010den\u00e1, a\u0165 u\u017e se ji rozhodnete nosit.<\/p>\n<p>Specifikace<br \/>\nD\u00e9lka \u010depele: 7.375 cm<br \/>\nCelkov\u00e1 d\u00e9lka: 13.5 cm<br \/>\nMateri\u00e1l \u010depele: CPM-20CV Nerezov\u00e1 ocel<br \/>\nTlou\u0161\u0165ka \u010depele: 0.862 cm<br \/>\nStyl \u010depele: D\u00fdka s dvojitou hranou<br \/>\nBrou\u0161en\u00ed \u010depele: Ploch\u00e9<br \/>\nPovrchov\u00e1 \u00faprava \u010depele: Black DLC<br \/>\nMateri\u00e1l rukojeti: Bronzov\u00fd eloxovan\u00fd hlin\u00edk 6061-T6<br \/>\nTlou\u0161\u0165ka rukojeti: 0.862 cm<br \/>\nMateri\u00e1l pl\u00e1\u0161t\u011b: Kydex<br \/>\nHmotnost: 3,2 oz.<br \/>\nHmotnost s pouzdrem: 6,0 oz.<br \/>\nDesign\u00e9r: Tony Marfione Jr.<br \/>\nVyrobeno v USA<\/p>\n<p><iframe title=\"Heretic Shop Video\" width=\"800\" height=\"450\" src=\"https:\/\/www.youtube.com\/embed\/7qUL5q7Cvgo?feature=oembed\" frameborder=\"0\" allow=\"accelerometer; autoplay; clipboard-write; encrypted-media; gyroscope; picture-in-picture; web-share\" referrerpolicy=\"strict-origin-when-cross-origin\" allowfullscreen><\/iframe><\/p>\n<p>&nbsp;<\/p>\n<p>&nbsp;<\/p>\n","protected":false},"excerpt":{"rendered":"<div class=\"elementor-element elementor-element-bbb542b elementor-widget elementor-widget-woocommerce-product-short-description\" data-id=\"bbb542b\" data-element_type=\"widget\" data-widget_type=\"woocommerce-product-short-description.default\">\n<div class=\"elementor-widget-container\">\n<div class=\"woocommerce-product-details__short-description\">\n<p>V\u0161echny na\u0161e no\u017ee jsou vyrobeny v USA a tak to zachov\u00e1me. Kdy\u017e si koup\u00edte n\u011bkter\u00fd z na\u0161ich no\u017e\u016f, m\u016f\u017eete m\u00edt d\u016fv\u011bru ve sv\u016fj n\u00e1stroj s v\u011bdom\u00edm, \u017ee je podporov\u00e1n americkou spole\u010dnost\u00ed. Na\u0161e no\u017ee jsou vyr\u00e1b\u011bny v mal\u00fdch s\u00e9ri\u00edch, abychom zajistili, \u017ee dostanete kvalitn\u00ed n\u016f\u017e, kter\u00e9mu se dost\u00e1v\u00e1 pozornosti, jak\u00e9 se nedost\u00e1v\u00e1 jin\u00fdm s\u00e9riov\u011b vyr\u00e1b\u011bn\u00fdm no\u017e\u016fm!!<\/p>\n<\/div>\n<\/div>\n<\/div>\n<section class=\"elementor-section elementor-inner-section elementor-element elementor-element-ee51d4b elementor-section-boxed elementor-section-height-default elementor-section-height-default\" data-particle_enable=\"false\" data-particle-mobile-disabled=\"false\" data-id=\"ee51d4b\" data-element_type=\"section\">\n<div class=\"elementor-container elementor-column-gap-no\">\n<div class=\"elementor-column elementor-col-50 elementor-inner-column elementor-element elementor-element-2fbed19\" data-id=\"2fbed19\" data-element_type=\"column\">\n<div class=\"elementor-widget-wrap elementor-element-populated\">\n<div class=\"elementor-element elementor-element-0450112 elementor-widget elementor-widget-heading\" data-id=\"0450112\" data-element_type=\"widget\" data-widget_type=\"heading.default\">\n<div class=\"elementor-widget-container\"><\/div>\n<\/div>\n<\/div>\n<\/div>\n<\/div>\n<\/section>\n","protected":false},"featured_media":228662,"comment_status":"open","ping_status":"closed","template":"","meta":[],"pwb-brand":[318],"product_brand":[],"product_cat":[23,17],"product_tag":[],"class_list":{"0":"post-228661","1":"product","2":"type-product","3":"status-publish","4":"has-post-thumbnail","6":"pwb-brand-heretic-knives","7":"product_cat-pevne-noze","8":"product_cat-noze","10":"first","11":"instock","12":"taxable","13":"shipping-taxable","14":"purchasable","15":"product-type-simple"},"brands":[{"id":318,"name":"Heretic Knives","slug":"heretic-knives"}],"_links":{"self":[{"href":"https:\/\/www.moskito.cz\/de\/wp-json\/wp\/v2\/product\/228661","targetHints":{"allow":["GET"]}}],"collection":[{"href":"https:\/\/www.moskito.cz\/de\/wp-json\/wp\/v2\/product"}],"about":[{"href":"https:\/\/www.moskito.cz\/de\/wp-json\/wp\/v2\/types\/product"}],"replies":[{"embeddable":true,"href":"https:\/\/www.moskito.cz\/de\/wp-json\/wp\/v2\/comments?post=228661"}],"wp:featuredmedia":[{"embeddable":true,"href":"https:\/\/www.moskito.cz\/de\/wp-json\/wp\/v2\/media\/228662"}],"wp:attachment":[{"href":"https:\/\/www.moskito.cz\/de\/wp-json\/wp\/v2\/media?parent=228661"}],"wp:term":[{"taxonomy":"pwb-brand","embeddable":true,"href":"https:\/\/www.moskito.cz\/de\/wp-json\/wp\/v2\/pwb-brand?post=228661"},{"taxonomy":"product_brand","embeddable":true,"href":"https:\/\/www.moskito.cz\/de\/wp-json\/wp\/v2\/product_brand?post=228661"},{"taxonomy":"product_cat","embeddable":true,"href":"https:\/\/www.moskito.cz\/de\/wp-json\/wp\/v2\/product_cat?post=228661"},{"taxonomy":"product_tag","embeddable":true,"href":"https:\/\/www.moskito.cz\/de\/wp-json\/wp\/v2\/product_tag?post=228661"}],"curies":[{"name":"wp","href":"https:\/\/api.w.org\/{rel}","templated":true}]}}