{"id":229268,"date":"2022-11-02T21:17:09","date_gmt":"2022-11-02T20:17:09","guid":{"rendered":"https:\/\/www.moskito.cz\/?post_type=product&#038;p=229268"},"modified":"2025-05-07T10:43:12","modified_gmt":"2025-05-07T09:43:12","slug":"zaviraci-nuz-cold-steel-ad-10-lite-drop-point","status":"publish","type":"product","link":"https:\/\/www.moskito.cz\/de\/produkt\/zaviraci-nuz-cold-steel-ad-10-lite-drop-point\/","title":{"rendered":"Zav\u00edrac\u00ed N\u016f\u017e Cold Steel AD-10 LITE DROP POINT"},"content":{"rendered":"<p>Zav\u00edrac\u00ed N\u016f\u017e Cold Steel AD-10 LITE DROP POINT.<\/p>\n<p>AD-10 Lite je ekonomi\u010dt\u011bj\u0161\u00ed verze po\u0159ada\u010d\u016f \u0159ady AD-10. Sd\u00edl\u00ed v\u011bt\u0161inu funkc\u00ed, stylu a potenci\u00e1lu vysok\u00e9ho v\u00fdkonu sv\u00fdch dra\u017e\u0161\u00edch prot\u011bj\u0161k\u016f, v\u010detn\u011b na\u0161eho exkluzivn\u00edho z\u00e1mku Tri-Ad\u00ae, konfigurac\u00ed \u010depel\u00ed<br \/>\na tlou\u0161\u0165ky oceli, ale byly vyrobeny z cenov\u011b dostupn\u011bj\u0161\u00edch materi\u00e1l\u016f. Nap\u0159\u00edklad nam\u00edsto drah\u00e9ho G-10 jsou rukojeti AD-10 Lites vyrobeny z levn\u011bj\u0161\u00edho GFN a \u010depele jsou vyrobeny z nerezov\u00e9 oceli AUS 10A sp\u00ed\u0161e ne\u017e S35VN, kter\u00fd se pou\u017e\u00edv\u00e1 ve standardn\u00edch verz\u00edch. Jsou cenov\u011b dostupn\u00e9, ostr\u00e9 jako b\u0159itva a p\u0159ipraven\u00e9 k akci.<\/p>\n<p>PARAMETRY PRODUKTU<br \/>\nOcel: AUS10A<br \/>\nD\u00e9lka \u010depele: 94 mm<br \/>\nCelkov\u00e1 velikost: 223 mm<br \/>\nBarva: \u010cern\u00e1\/St\u0159\u00edbrn\u00e1<br \/>\nMateri\u00e1l rukojeti: GFN<br \/>\nHmotnost: 196 g<br \/>\nD\u00e9lka rukojeti: 129 mm<br \/>\nTlou\u0161\u0165ka \u010depele: 4 mm<\/p>\n","protected":false},"excerpt":{"rendered":"<p><strong>AD-10 je designov\u011b velmi propracovan\u00fd zav\u00edrac\u00ed n\u016f\u017e s hladk\u00fdm ost\u0159\u00edm z d\u00edlny Andew Demka.<\/strong><\/p>\n","protected":false},"featured_media":229269,"comment_status":"open","ping_status":"closed","template":"","meta":[],"pwb-brand":[211],"product_brand":[],"product_cat":[22,17],"product_tag":[3667],"class_list":{"0":"post-229268","1":"product","2":"type-product","3":"status-publish","4":"has-post-thumbnail","6":"pwb-brand-cold-steel","7":"product_cat-zaviraci-noze","8":"product_cat-noze","9":"product_tag-b2b","11":"first","12":"instock","13":"taxable","14":"shipping-taxable","15":"purchasable","16":"product-type-simple"},"brands":[{"id":211,"name":"Cold Steel","slug":"cold-steel"}],"_links":{"self":[{"href":"https:\/\/www.moskito.cz\/de\/wp-json\/wp\/v2\/product\/229268","targetHints":{"allow":["GET"]}}],"collection":[{"href":"https:\/\/www.moskito.cz\/de\/wp-json\/wp\/v2\/product"}],"about":[{"href":"https:\/\/www.moskito.cz\/de\/wp-json\/wp\/v2\/types\/product"}],"replies":[{"embeddable":true,"href":"https:\/\/www.moskito.cz\/de\/wp-json\/wp\/v2\/comments?post=229268"}],"wp:featuredmedia":[{"embeddable":true,"href":"https:\/\/www.moskito.cz\/de\/wp-json\/wp\/v2\/media\/229269"}],"wp:attachment":[{"href":"https:\/\/www.moskito.cz\/de\/wp-json\/wp\/v2\/media?parent=229268"}],"wp:term":[{"taxonomy":"pwb-brand","embeddable":true,"href":"https:\/\/www.moskito.cz\/de\/wp-json\/wp\/v2\/pwb-brand?post=229268"},{"taxonomy":"product_brand","embeddable":true,"href":"https:\/\/www.moskito.cz\/de\/wp-json\/wp\/v2\/product_brand?post=229268"},{"taxonomy":"product_cat","embeddable":true,"href":"https:\/\/www.moskito.cz\/de\/wp-json\/wp\/v2\/product_cat?post=229268"},{"taxonomy":"product_tag","embeddable":true,"href":"https:\/\/www.moskito.cz\/de\/wp-json\/wp\/v2\/product_tag?post=229268"}],"curies":[{"name":"wp","href":"https:\/\/api.w.org\/{rel}","templated":true}]}}