{"id":229828,"date":"2022-11-09T22:11:09","date_gmt":"2022-11-09T21:11:09","guid":{"rendered":"https:\/\/www.moskito.cz\/?post_type=product&#038;p=229828"},"modified":"2025-05-07T10:43:33","modified_gmt":"2025-05-07T09:43:33","slug":"pevny-nuz-extrema-ratio-scout-2-black","status":"publish","type":"product","link":"https:\/\/www.moskito.cz\/de\/produkt\/pevny-nuz-extrema-ratio-scout-2-black\/","title":{"rendered":"Pevn\u00fd N\u016f\u017e Extrema Ratio SCOUT 2 BLACK"},"content":{"rendered":"<p>Pevn\u00fd N\u016f\u017e <strong>Extrema Ratio<\/strong> SCOUT 2 BLACK.<\/p>\n<p>Taktick\u00fd n\u016f\u017e Extrema Ratio SCOUT 2 BLACK m\u00e1 \u010depel dlouhou 11,8 cm z oceli BOHLER N690 s hladkou hranou, s povrchovou \u00fapravou Black Oxid. Proch\u00e1z\u00ed cel\u00fdm no\u017eem tj je full-tang. Rukoje\u0165 je z \u010dern\u00e9ho vod\u011bodoln\u00e9ho Forprene s d\u00edrkou na \u0161\u0148\u016frku. Dod\u00e1v\u00e1 se s pouzdrem Kydex kompatibiln\u00edm se syst\u00e9mem MOLLE.<\/p>\n<p>Materi\u00e1l \u010depele:: N690<br \/>\nMateri\u00e1l rukojeti:: Forprene<br \/>\nMateri\u00e1l pouzdra:: Kydex<br \/>\nD\u00e9lka \u010depele:: 11.8 cm<br \/>\nCelkov\u00e1 d\u00e9lka:: 23.2 cm<br \/>\nD\u00e9lka rukojeti:: 11.4 cm<br \/>\nTlou\u0161\u0165ka \u010depele:: 5 mm<br \/>\nHmotnost:: 145 g<br \/>\nVyu\u017eit\u00ed:: Taktick\u00fd<\/p>\n","protected":false},"excerpt":{"rendered":"<p>Spole\u010dnost Extrema Ratio se s\u00eddlem v italsk\u00e9m Pratu navrhuje a vyr\u00e1b\u00ed vysoce v\u00fdkonn\u00e9 bojov\u00e9, vojensk\u00e9, kuchy\u0148sk\u00e9, loveck\u00e9 a taktick\u00e9 no\u017ee od roku 1997 a m\u00e1 pov\u011bst vynikaj\u00edc\u00ed kvality, kter\u00e1 je v oboru vojensk\u00fdch a taktick\u00fdch no\u017e\u016f nep\u0159ekonateln\u00e1. Doprava zdarma.<\/p>\n","protected":false},"featured_media":229829,"comment_status":"open","ping_status":"closed","template":"","meta":[],"pwb-brand":[267],"product_brand":[],"product_cat":[23,17],"product_tag":[3667],"class_list":{"0":"post-229828","1":"product","2":"type-product","3":"status-publish","4":"has-post-thumbnail","6":"pwb-brand-extrema-ratio","7":"product_cat-pevne-noze","8":"product_cat-noze","9":"product_tag-b2b","11":"first","12":"instock","13":"taxable","14":"shipping-taxable","15":"purchasable","16":"product-type-simple"},"brands":[{"id":267,"name":"Extrema Ratio","slug":"extrema-ratio"}],"_links":{"self":[{"href":"https:\/\/www.moskito.cz\/de\/wp-json\/wp\/v2\/product\/229828","targetHints":{"allow":["GET"]}}],"collection":[{"href":"https:\/\/www.moskito.cz\/de\/wp-json\/wp\/v2\/product"}],"about":[{"href":"https:\/\/www.moskito.cz\/de\/wp-json\/wp\/v2\/types\/product"}],"replies":[{"embeddable":true,"href":"https:\/\/www.moskito.cz\/de\/wp-json\/wp\/v2\/comments?post=229828"}],"wp:featuredmedia":[{"embeddable":true,"href":"https:\/\/www.moskito.cz\/de\/wp-json\/wp\/v2\/media\/229829"}],"wp:attachment":[{"href":"https:\/\/www.moskito.cz\/de\/wp-json\/wp\/v2\/media?parent=229828"}],"wp:term":[{"taxonomy":"pwb-brand","embeddable":true,"href":"https:\/\/www.moskito.cz\/de\/wp-json\/wp\/v2\/pwb-brand?post=229828"},{"taxonomy":"product_brand","embeddable":true,"href":"https:\/\/www.moskito.cz\/de\/wp-json\/wp\/v2\/product_brand?post=229828"},{"taxonomy":"product_cat","embeddable":true,"href":"https:\/\/www.moskito.cz\/de\/wp-json\/wp\/v2\/product_cat?post=229828"},{"taxonomy":"product_tag","embeddable":true,"href":"https:\/\/www.moskito.cz\/de\/wp-json\/wp\/v2\/product_tag?post=229828"}],"curies":[{"name":"wp","href":"https:\/\/api.w.org\/{rel}","templated":true}]}}