{"id":230056,"date":"2022-11-14T21:19:48","date_gmt":"2022-11-14T20:19:48","guid":{"rendered":"https:\/\/www.moskito.cz\/?post_type=product&#038;p=230056"},"modified":"2025-05-07T10:43:40","modified_gmt":"2025-05-07T09:43:40","slug":"vystrelovaci-nuz-microtech-utx-70-otf-automatic-148-4rd","status":"publish","type":"product","link":"https:\/\/www.moskito.cz\/de\/produkt\/vystrelovaci-nuz-microtech-utx-70-otf-automatic-148-4rd\/","title":{"rendered":"Vyst\u0159elovac\u00ed N\u016f\u017e Microtech UTX-70 OTF Automatic 148-4RD"},"content":{"rendered":"<p>Vyst\u0159elovac\u00ed N\u016f\u017e <strong>Microtech<\/strong> UTX-70 OTF Automatic 148-4RD.<\/p>\n<p>Kdo \u0159ekl, \u017ee na velikosti nez\u00e1le\u017e\u00ed? Microtech UTX-70 je jedna z nejmen\u0161\u00edch OTF (p\u0159edn\u00edch) automatik na trhu. UTX-70 m\u00e1 70% velikost Ultratech, v\u016fbec prvn\u00ed OTF n\u016f\u017e Microtech, m\u00e1 stejn\u00fd zjednodu\u0161en\u00fd design a vnit\u0159n\u00ed pru\u017einu. Pru\u017eina z\u016fst\u00e1v\u00e1 \u201ev klidu\u201c, dokud se \u010depel nerozvine, co\u017e zaji\u0161\u0165uje, \u017ee poka\u017ed\u00e9 \u00fa\u010dinn\u011b vyst\u0159el\u00ed. Rukoje\u0165 z \u010dern\u00e9ho eloxovan\u00e9ho hlin\u00edku m\u011b\u0159\u00ed n\u011bco m\u00e1lo p\u0159es 3 palce na d\u00e9lku a je vybavena otrysk\u00e1vac\u00edm hardwarem, kapesn\u00ed sponou a posuvn\u00fdm sp\u00edna\u010dem pro automatick\u00e9 spou\u0161t\u011bn\u00ed na boku. Palecov\u00fd posuvn\u00edk se rychle nasune a zasune jedn\u00edm stisknut\u00edm OTF, co\u017e z n\u011bj d\u011bl\u00e1 perfektn\u00ed EDC n\u016f\u017e. Microtech UTX-70 OTF auto m\u00e1 2,4&#8243; jednohrannou hladkou \u010depel se sat\u00e9nov\u00fdm povrchem. UTX 70 auto m\u00e1 ide\u00e1ln\u00ed velikost do ruky a kapsy.<\/p>\n<p>Celkov\u00e1 d\u00e9lka: 14.07 cm<br \/>\nD\u00e9lka \u010depele: 6.02 cm<br \/>\nTlou\u0161\u0165ka \u010depele: 0,2 cm<br \/>\nMateri\u00e1l \u010depele: Bohler M390<br \/>\nTvrdost: 59-60 \u00b0 C<br \/>\nStyl \u010depel\u00ed: Drop Point<br \/>\nB\u0159itov\u00e9 desti\u010dky: Ploch\u00e9<br \/>\nFinish: Satin<br \/>\nTyp okraje: oby\u010dejn\u00fd<br \/>\nD\u00e9lka rukojeti: 8.05 cm<br \/>\nTlou\u0161\u0165ka rukojeti: 0,8 cm<br \/>\nMateri\u00e1l rukojeti: hlin\u00edk<br \/>\nHmotnost: 1,24 oz.<br \/>\nU\u017eivatel: Prav\u00e1 ruka<br \/>\nPocket Clip: Tip-Down<br \/>\nTyp no\u017ee: Double-Action OTF Automatic<br \/>\nOtv\u00edra\u010d: Thumb Slide<br \/>\nZna\u010dka: Microtech<br \/>\nModel: UTX-70<br \/>\nZem\u011b p\u016fvodu: USA<br \/>\nNejlep\u0161\u00ed vyu\u017eit\u00ed: ka\u017edodenn\u00ed no\u0161en\u00ed, taktick\u00e9<\/p>\n","protected":false},"excerpt":{"rendered":"<p>V pr\u016fb\u011bhu let Microtech\u00ae Knives naplnil v\u00e1\u0161n\u00ed a dovednost\u00ed v\u00fdrobu no\u017e\u016f, a\u017e z nich vytvo\u0159il t\u00e9m\u011b\u0159 um\u011bleck\u00e1 d\u00edla,kter\u00e9 jsou vrcholem funk\u010dnosti.V\u0161echny d\u00edly jsou vyrobeny v USA.<br \/>\n<strong>Na v\u0161echny no\u017ee Microtech je do\u017eivotn\u00ed z\u00e1ruka.<\/strong><\/p>\n","protected":false},"featured_media":230057,"comment_status":"open","ping_status":"closed","template":"","meta":[],"pwb-brand":[431],"product_brand":[],"product_cat":[2019,17],"product_tag":[3667],"class_list":{"0":"post-230056","1":"product","2":"type-product","3":"status-publish","4":"has-post-thumbnail","6":"pwb-brand-microtech","7":"product_cat-vystrelovaci-noze","8":"product_cat-noze","9":"product_tag-b2b","11":"first","12":"outofstock","13":"taxable","14":"shipping-taxable","15":"purchasable","16":"product-type-simple"},"brands":[{"id":431,"name":"Microtech","slug":"microtech"}],"_links":{"self":[{"href":"https:\/\/www.moskito.cz\/de\/wp-json\/wp\/v2\/product\/230056","targetHints":{"allow":["GET"]}}],"collection":[{"href":"https:\/\/www.moskito.cz\/de\/wp-json\/wp\/v2\/product"}],"about":[{"href":"https:\/\/www.moskito.cz\/de\/wp-json\/wp\/v2\/types\/product"}],"replies":[{"embeddable":true,"href":"https:\/\/www.moskito.cz\/de\/wp-json\/wp\/v2\/comments?post=230056"}],"wp:featuredmedia":[{"embeddable":true,"href":"https:\/\/www.moskito.cz\/de\/wp-json\/wp\/v2\/media\/230057"}],"wp:attachment":[{"href":"https:\/\/www.moskito.cz\/de\/wp-json\/wp\/v2\/media?parent=230056"}],"wp:term":[{"taxonomy":"pwb-brand","embeddable":true,"href":"https:\/\/www.moskito.cz\/de\/wp-json\/wp\/v2\/pwb-brand?post=230056"},{"taxonomy":"product_brand","embeddable":true,"href":"https:\/\/www.moskito.cz\/de\/wp-json\/wp\/v2\/product_brand?post=230056"},{"taxonomy":"product_cat","embeddable":true,"href":"https:\/\/www.moskito.cz\/de\/wp-json\/wp\/v2\/product_cat?post=230056"},{"taxonomy":"product_tag","embeddable":true,"href":"https:\/\/www.moskito.cz\/de\/wp-json\/wp\/v2\/product_tag?post=230056"}],"curies":[{"name":"wp","href":"https:\/\/api.w.org\/{rel}","templated":true}]}}