{"id":230459,"date":"2022-11-18T15:01:32","date_gmt":"2022-11-18T14:01:32","guid":{"rendered":"https:\/\/www.moskito.cz\/?post_type=product&#038;p=230459"},"modified":"2026-04-01T13:26:22","modified_gmt":"2026-04-01T12:26:22","slug":"zaviraci-nuz-magnum-brachyptera-01sc076","status":"publish","type":"product","link":"https:\/\/www.moskito.cz\/de\/produkt\/zaviraci-nuz-magnum-brachyptera-01sc076\/","title":{"rendered":"Zav\u00edrac\u00ed N\u016f\u017e Magnum Brachyptera 01SC076"},"content":{"rendered":"<p>Zav\u00edrac\u00ed N\u016f\u017e <strong>Magnum<\/strong> Brachyptera 01SC076.<\/p>\n<p>Technicky atraktivn\u00ed Magnum Brachyptera, kter\u00fd je vybaven \u00fazkou \u010depel\u00ed z 440B, je \u0161t\u00edhl\u00fd, rovn\u00fd a modern\u00ed. Neobvyklou \u010depel Wharncliff lze otev\u0159\u00edt palcov\u00fdm cvo\u010dkem nebo flipperem a zajistit stabiln\u00edm z\u00e1mkem vlo\u017eky. Optick\u00fdm st\u0159edem kapesn\u00edho no\u017ee je \u010derven\u011b eloxovan\u00e1 podlo\u017eka pod oto\u010dn\u00fdm \u0161roubem \u010depele, kter\u00e1 tvo\u0159\u00ed siln\u00fd kontrast k \u010dern\u00fdm \u0161upin\u00e1m rukojeti z texturovan\u00e9ho G10. S praktickou sponou pro hlubok\u00e9 no\u0161en\u00ed (sklopn\u00e1\/r).<\/p>\n<p>Materi\u00e1l \u010depele: 440A<br \/>\nMateri\u00e1l rukojeti: G-10<br \/>\nPojistka: Linerlock<br \/>\nD\u00e9lka \u010depele: 9 cm<br \/>\nCelkov\u00e1 d\u00e9lka: 21 cm<br \/>\nTlou\u0161\u0165ka \u010depele: 3.2 mm<br \/>\nHmotnost: 101 g<br \/>\nVyu\u017eit\u00ed: EDC &#8211; ka\u017edodenn\u00ed no\u0161en\u00ed<\/p>\n","protected":false},"excerpt":{"rendered":"<p>Modern\u00ed a atraktivn\u00ed Magnum <strong>Brachyptera<\/strong>.<\/p>\n","protected":false},"featured_media":230463,"comment_status":"open","ping_status":"closed","template":"","meta":[],"pwb-brand":[140],"product_brand":[],"product_cat":[22,17],"product_tag":[3667],"class_list":{"0":"post-230459","1":"product","2":"type-product","3":"status-publish","4":"has-post-thumbnail","6":"pwb-brand-boker","7":"product_cat-zaviraci-noze","8":"product_cat-noze","9":"product_tag-b2b","11":"first","12":"outofstock","13":"taxable","14":"shipping-taxable","15":"purchasable","16":"product-type-simple"},"brands":[{"id":140,"name":"Boker","slug":"boker"}],"_links":{"self":[{"href":"https:\/\/www.moskito.cz\/de\/wp-json\/wp\/v2\/product\/230459","targetHints":{"allow":["GET"]}}],"collection":[{"href":"https:\/\/www.moskito.cz\/de\/wp-json\/wp\/v2\/product"}],"about":[{"href":"https:\/\/www.moskito.cz\/de\/wp-json\/wp\/v2\/types\/product"}],"replies":[{"embeddable":true,"href":"https:\/\/www.moskito.cz\/de\/wp-json\/wp\/v2\/comments?post=230459"}],"wp:featuredmedia":[{"embeddable":true,"href":"https:\/\/www.moskito.cz\/de\/wp-json\/wp\/v2\/media\/230463"}],"wp:attachment":[{"href":"https:\/\/www.moskito.cz\/de\/wp-json\/wp\/v2\/media?parent=230459"}],"wp:term":[{"taxonomy":"pwb-brand","embeddable":true,"href":"https:\/\/www.moskito.cz\/de\/wp-json\/wp\/v2\/pwb-brand?post=230459"},{"taxonomy":"product_brand","embeddable":true,"href":"https:\/\/www.moskito.cz\/de\/wp-json\/wp\/v2\/product_brand?post=230459"},{"taxonomy":"product_cat","embeddable":true,"href":"https:\/\/www.moskito.cz\/de\/wp-json\/wp\/v2\/product_cat?post=230459"},{"taxonomy":"product_tag","embeddable":true,"href":"https:\/\/www.moskito.cz\/de\/wp-json\/wp\/v2\/product_tag?post=230459"}],"curies":[{"name":"wp","href":"https:\/\/api.w.org\/{rel}","templated":true}]}}