{"id":231445,"date":"2022-11-23T23:11:47","date_gmt":"2022-11-23T22:11:47","guid":{"rendered":"https:\/\/www.moskito.cz\/?post_type=product&#038;p=231445"},"modified":"2025-05-07T10:44:13","modified_gmt":"2025-05-07T09:44:13","slug":"zaviraci-nuz-sog-terminus-sj-od-green","status":"publish","type":"product","link":"https:\/\/www.moskito.cz\/de\/produkt\/zaviraci-nuz-sog-terminus-sj-od-green\/","title":{"rendered":"Zav\u00edrac\u00ed N\u016f\u017e SOG TERMINUS SJ OD GREEN"},"content":{"rendered":"<p>Zav\u00edrac\u00ed N\u016f\u017e <strong>SOG<\/strong> TERMINUS SJ OD GREEN.<\/p>\n<p>UNIVERZ\u00c1LN\u00cd N\u016e\u017d V SOULADU SE Z\u00c1KONEM<br \/>\nVyvinut\u00fd od z\u00e1kladu, aby u\u017eivatel\u016fm poskytl n\u016f\u017e, kter\u00fd lze nosit t\u00e9m\u011b\u0159 v\u0161ude, design bez areta\u010dn\u00edho posuvn\u00e9ho kloubu a \u010depel men\u0161\u00ed ne\u017e 3 palce spl\u0148uje v\u011bt\u0161inu po\u017eadavk\u016f na celosv\u011btov\u00e9 leg\u00e1ln\u00ed no\u0161en\u00ed<\/p>\n<p>POSTAVENA K VYDR\u017dEN\u00cd<br \/>\nS odoln\u00fdmi rukoje\u0165mi G10 a ocel\u00ed CRYO D2 je to n\u016f\u017e, kter\u00fd bude v nadch\u00e1zej\u00edc\u00edch letech ka\u017edodenn\u00ed mo\u017enost\u00ed no\u0161en\u00ed.<\/p>\n<p>CRYO D2 STEEL<br \/>\nV\u0161estrann\u00e1 n\u00e1strojov\u00e1 ocel s vysok\u00fdm obsahem uhl\u00edku kryogenn\u011b tepeln\u011b zpracovan\u00e1 podle jedine\u010dn\u00fdch v\u00fdkonov\u00fdch specifikac\u00ed SOG. D2 poskytuje ide\u00e1ln\u00ed kombinaci zachov\u00e1n\u00ed hran a odolnosti pro dlouhodob\u00e9 pou\u017e\u00edv\u00e1n\u00ed se snadnou \u00fadr\u017ebou.<\/p>\n<p>AMBIDEXTRUSN\u00cd P\u0158ENOS<br \/>\nNavr\u017eeno s oboustrann\u00fdm klipem, kter\u00fd lze namontovat pro lev\u00e9 nebo prav\u00e9 no\u0161en\u00ed.<\/p>\n<p>SLIP SPOJ<br \/>\nTerminus SJ je vybaven kluzn\u00fdm kloubov\u00fdm mechanismem, kter\u00fd dr\u017e\u00ed \u010depel otev\u0159enou pru\u017einou a po p\u0159ekon\u00e1n\u00ed s\u00edly pru\u017einy se ru\u010dn\u011b zav\u00edr\u00e1. Elegantn\u00ed.<\/p>\n<p>HMOTNOST: 79\u00a0 g<br \/>\nDRUH POJISTKY: Skl\u00e1dac\u00ed mechanismus<br \/>\nMATERI\u00c1L RUKOJETI: G10<br \/>\nBARVA: Silver<br \/>\nOCEL: D2<br \/>\nCELKOV\u00c1 VELIKOST: 181 mm<br \/>\nMATERI\u00c1L POUZDRA: N\/A<br \/>\nD\u00c9LKA RUKOJETI: 106 mm<br \/>\nD\u00c9LKA \u010cEPELE: 74 mm<br \/>\nTLOU\u0160\u0164KA \u010cEPELE: 2,8 mm<\/p>\n","protected":false},"excerpt":{"rendered":"<p>Terminus SJ, speci\u00e1ln\u011b navr\u017een\u00fd tak, aby byl leg\u00e1ln\u00ed t\u00e9m\u011b\u0159 po cel\u00e9m sv\u011bt\u011b. Je tenk\u00fd a lehk\u00fd, a je ur\u010den\u00fd pro ka\u017edodenn\u00ed no\u0161en\u00ed.<\/p>\n","protected":false},"featured_media":231446,"comment_status":"open","ping_status":"closed","template":"","meta":[],"pwb-brand":[591],"product_brand":[],"product_cat":[22,17],"product_tag":[3667],"class_list":{"0":"post-231445","1":"product","2":"type-product","3":"status-publish","4":"has-post-thumbnail","6":"pwb-brand-sog","7":"product_cat-zaviraci-noze","8":"product_cat-noze","9":"product_tag-b2b","11":"first","12":"instock","13":"taxable","14":"shipping-taxable","15":"purchasable","16":"product-type-simple"},"brands":[{"id":591,"name":"SOG","slug":"sog"}],"_links":{"self":[{"href":"https:\/\/www.moskito.cz\/de\/wp-json\/wp\/v2\/product\/231445","targetHints":{"allow":["GET"]}}],"collection":[{"href":"https:\/\/www.moskito.cz\/de\/wp-json\/wp\/v2\/product"}],"about":[{"href":"https:\/\/www.moskito.cz\/de\/wp-json\/wp\/v2\/types\/product"}],"replies":[{"embeddable":true,"href":"https:\/\/www.moskito.cz\/de\/wp-json\/wp\/v2\/comments?post=231445"}],"wp:featuredmedia":[{"embeddable":true,"href":"https:\/\/www.moskito.cz\/de\/wp-json\/wp\/v2\/media\/231446"}],"wp:attachment":[{"href":"https:\/\/www.moskito.cz\/de\/wp-json\/wp\/v2\/media?parent=231445"}],"wp:term":[{"taxonomy":"pwb-brand","embeddable":true,"href":"https:\/\/www.moskito.cz\/de\/wp-json\/wp\/v2\/pwb-brand?post=231445"},{"taxonomy":"product_brand","embeddable":true,"href":"https:\/\/www.moskito.cz\/de\/wp-json\/wp\/v2\/product_brand?post=231445"},{"taxonomy":"product_cat","embeddable":true,"href":"https:\/\/www.moskito.cz\/de\/wp-json\/wp\/v2\/product_cat?post=231445"},{"taxonomy":"product_tag","embeddable":true,"href":"https:\/\/www.moskito.cz\/de\/wp-json\/wp\/v2\/product_tag?post=231445"}],"curies":[{"name":"wp","href":"https:\/\/api.w.org\/{rel}","templated":true}]}}