{"id":231464,"date":"2022-11-23T23:45:02","date_gmt":"2022-11-23T22:45:02","guid":{"rendered":"https:\/\/www.moskito.cz\/?post_type=product&#038;p=231464"},"modified":"2025-05-07T10:44:13","modified_gmt":"2025-05-07T09:44:13","slug":"zaviraci-nuz-sog-tac-au-partially-serrated","status":"publish","type":"product","link":"https:\/\/www.moskito.cz\/de\/produkt\/zaviraci-nuz-sog-tac-au-partially-serrated\/","title":{"rendered":"Zav\u00edrac\u00ed N\u016f\u017e SOG TAC AU PARTIALLY SERRATED"},"content":{"rendered":"<p>Zav\u00edrac\u00ed N\u016f\u017e <strong>SOG<\/strong> TAC AU PARTIALLY SERRATED.<\/p>\n<p>Inovativn\u00ed uzamyk\u00e1n\u00ed \u010depele, kter\u00e9 v\u00e1m umo\u017en\u00ed p\u0159ej\u00edt z bezpe\u010dn\u00e9 na \u010depel otev\u0159enou jedn\u00edm tahem, s funkc\u00ed SOG Double-action Safety.<\/p>\n<p>SHRNUT\u00cd VLASTNOST\u00cd<br \/>\nSOG-TAC AU je zcela modern\u00ed \u0159e\u0161en\u00ed tvrd\u00e9ho automatick\u00e9ho no\u017ee. Vyzna\u010duje se siln\u00fdm uzamykac\u00edm mechanismem SOG AU-XR, ocel\u00ed CRYO D2 a rychl\u00fdm otev\u00edr\u00e1n\u00edm.<\/p>\n<h4 class=\"h5 heading\">CRYO D2 STEEL<\/h4>\n<p>V\u0161estrann\u00e1 n\u00e1strojov\u00e1 ocel s vysok\u00fdm obsahem uhl\u00edku kryogenn\u011b tepeln\u011b zpracovan\u00e1 podle jedine\u010dn\u00fdch v\u00fdkonov\u00fdch specifikac\u00ed SOG.\u00a0D2 poskytuje ide\u00e1ln\u00ed kombinaci zachov\u00e1n\u00ed hran a trvanlivosti pro dlouhodob\u00e9 pou\u017e\u00edv\u00e1n\u00ed se snadnou \u00fadr\u017ebou.<\/p>\n<p>MIKRO-TEXTUROVAN\u00c9 RUKOJETI<br \/>\nHlin\u00edkov\u00e1 rukoje\u0165 SOG-TAC AU m\u00e1 obroben\u00fd mikrotexturov\u00fd povrch, kter\u00fd poskytuje spr\u00e1vnou \u00farove\u0148 \u00fachopu \u2013 na v\u0161ech spr\u00e1vn\u00fdch m\u00edstech \u2013 ani\u017e byste si opot\u0159ebovali ruku nebo kapsu.<\/p>\n<p>DVOJ\u00da\u010cINN\u00c1 BEZPE\u010cNOST<br \/>\nDvoj\u010dinn\u00e1 bezpe\u010dnost, integrovan\u00e1 do jedin\u00e9ho rozhran\u00ed, zabra\u0148uje n\u00e1hodn\u00e9mu nasazen\u00ed blade server\u016f a z\u00e1rove\u0148 poskytuje jist\u00e9 a konzistentn\u00ed otev\u0159en\u00ed na vy\u017e\u00e1d\u00e1n\u00ed.<\/p>\n<p>CELKOV\u00c1 D\u00c9LKA: 20 cm<br \/>\nD\u00c9LKA \u010cEPELE: 8.57 cm<br \/>\nTLOU\u0160\u0164KA \u010cEPELE. 0.27 cm<br \/>\nHMOTNOST: 3,5 unce<br \/>\nOCELOV\u00dd TYP \u010cEPELE: Cryo D2<br \/>\nPOVRCHOV\u00c1 \u00daPRAVA \u010cEPELE: Nitrid titanu<br \/>\nTYP OKRAJE: \u010c\u00e1ste\u010dn\u011b zoubkovan\u00e9<br \/>\nMATERI\u00c1L RUKOJETI: Texturovan\u00fd eloxovan\u00fd hlin\u00edk 6061-T6<br \/>\nBARVA RUKOJETI: \u010cern\u00e1<br \/>\nMECHANISMUS OTEV\u00cdR\u00c1N\u00cd: Z\u00e1mek AU-XR<br \/>\nUZAMYKAC\u00cd MECHANISMUS: Dvoj\u010dinn\u00e1 bezpe\u010dnost AU-XR<br \/>\nZEM\u011a P\u016eVODU: USA<\/p>\n<p>&nbsp;<\/p>\n<p><iframe title=\"SOG-TAC AU Automatic Folding Knife\" width=\"800\" height=\"450\" src=\"https:\/\/www.youtube.com\/embed\/QbInOoD89k0?feature=oembed\" frameborder=\"0\" allow=\"accelerometer; autoplay; clipboard-write; encrypted-media; gyroscope; picture-in-picture\" allowfullscreen><\/iframe><\/p>\n<p>&nbsp;<\/p>\n","protected":false},"excerpt":{"rendered":"<p>S texturovanou hlin\u00edkovou rukojet\u00ed a \u010depel\u00ed CRYO D2 je SOG-TAC AU rychle se otev\u00edraj\u00edc\u00ed zav\u00edrac\u00ed n\u016f\u017e, kter\u00fd vysko\u010d\u00ed do akce kteroukoli rukou a z\u016fstane otev\u0159en\u00fd s v\u00fdjime\u010dnou silou uzam\u010den\u00ed d\u00edky pokro\u010dil\u00e9mu z\u00e1mku AU-XR od SOG.<\/p>\n","protected":false},"featured_media":231465,"comment_status":"open","ping_status":"closed","template":"","meta":[],"pwb-brand":[591],"product_brand":[],"product_cat":[22,17],"product_tag":[3667],"class_list":{"0":"post-231464","1":"product","2":"type-product","3":"status-publish","4":"has-post-thumbnail","6":"pwb-brand-sog","7":"product_cat-zaviraci-noze","8":"product_cat-noze","9":"product_tag-b2b","11":"first","12":"instock","13":"taxable","14":"shipping-taxable","15":"purchasable","16":"product-type-simple"},"brands":[{"id":591,"name":"SOG","slug":"sog"}],"_links":{"self":[{"href":"https:\/\/www.moskito.cz\/de\/wp-json\/wp\/v2\/product\/231464","targetHints":{"allow":["GET"]}}],"collection":[{"href":"https:\/\/www.moskito.cz\/de\/wp-json\/wp\/v2\/product"}],"about":[{"href":"https:\/\/www.moskito.cz\/de\/wp-json\/wp\/v2\/types\/product"}],"replies":[{"embeddable":true,"href":"https:\/\/www.moskito.cz\/de\/wp-json\/wp\/v2\/comments?post=231464"}],"wp:featuredmedia":[{"embeddable":true,"href":"https:\/\/www.moskito.cz\/de\/wp-json\/wp\/v2\/media\/231465"}],"wp:attachment":[{"href":"https:\/\/www.moskito.cz\/de\/wp-json\/wp\/v2\/media?parent=231464"}],"wp:term":[{"taxonomy":"pwb-brand","embeddable":true,"href":"https:\/\/www.moskito.cz\/de\/wp-json\/wp\/v2\/pwb-brand?post=231464"},{"taxonomy":"product_brand","embeddable":true,"href":"https:\/\/www.moskito.cz\/de\/wp-json\/wp\/v2\/product_brand?post=231464"},{"taxonomy":"product_cat","embeddable":true,"href":"https:\/\/www.moskito.cz\/de\/wp-json\/wp\/v2\/product_cat?post=231464"},{"taxonomy":"product_tag","embeddable":true,"href":"https:\/\/www.moskito.cz\/de\/wp-json\/wp\/v2\/product_tag?post=231464"}],"curies":[{"name":"wp","href":"https:\/\/api.w.org\/{rel}","templated":true}]}}