{"id":231498,"date":"2022-11-24T14:27:25","date_gmt":"2022-11-24T13:27:25","guid":{"rendered":"https:\/\/www.moskito.cz\/?post_type=product&#038;p=231498"},"modified":"2025-05-07T10:44:14","modified_gmt":"2025-05-07T09:44:14","slug":"zaviraci-nuz-magnum-japanese-iris","status":"publish","type":"product","link":"https:\/\/www.moskito.cz\/de\/produkt\/zaviraci-nuz-magnum-japanese-iris\/","title":{"rendered":"Zav\u00edrac\u00ed N\u016f\u017e Magnum Japanese Iris"},"content":{"rendered":"<p>Zav\u00edrac\u00ed N\u016f\u017e Magnum Japanese Iris.<\/p>\n<p>Magnum Japanese Iris je p\u0159\u00edmo\u010dar\u00fd a jednoduch\u00fd, ale z\u00e1rove\u0148 m\u00e1 nezam\u011bnitelnou eleganci bez ozd\u016fbek. \u00dazk\u00fd kapesn\u00ed n\u016f\u017e jednozna\u010dn\u011b vych\u00e1z\u00ed z japonsk\u00e9ho designov\u00e9ho jazyka a je vybaven \u010depel\u00ed z nerezov\u00e9 oceli 440C. Lze jej snadno otev\u0159\u00edt pomoc\u00ed flipperu a je zaji\u0161t\u011bn stabiln\u00edm linerlockem. S otvorem na \u0161\u0148\u016frku a klipem.<\/p>\n<p>Materi\u00e1l \u010depele:\u00a0 440A<br \/>\nMateri\u00e1l rukojeti: Hlin\u00edk<br \/>\nPojistka: Linerlock<br \/>\nD\u00e9lka \u010depele: 8.3 cm<br \/>\nCelkov\u00e1 d\u00e9lka: 19.7 cm<br \/>\nTlou\u0161\u0165ka \u010depele: 2.74 mm<br \/>\nHmotnost: 101 g<br \/>\nTyp \u010depele: Drop Point<br \/>\nVyu\u017eit\u00ed: EDC &#8211; ka\u017edodenn\u00ed no\u0161en\u00ed<\/p>\n<p>&nbsp;<\/p>\n","protected":false},"excerpt":{"rendered":"<p>Magnum Japanese Iris je p\u0159\u00edmo\u010dar\u00fd a jednoduch\u00fd n\u016f\u017e.<\/p>\n","protected":false},"featured_media":231499,"comment_status":"open","ping_status":"closed","template":"","meta":[],"pwb-brand":[140],"product_brand":[],"product_cat":[22,17],"product_tag":[3667],"class_list":{"0":"post-231498","1":"product","2":"type-product","3":"status-publish","4":"has-post-thumbnail","6":"pwb-brand-boker","7":"product_cat-zaviraci-noze","8":"product_cat-noze","9":"product_tag-b2b","11":"first","12":"instock","13":"taxable","14":"shipping-taxable","15":"purchasable","16":"product-type-simple"},"brands":[{"id":140,"name":"Boker","slug":"boker"}],"_links":{"self":[{"href":"https:\/\/www.moskito.cz\/de\/wp-json\/wp\/v2\/product\/231498","targetHints":{"allow":["GET"]}}],"collection":[{"href":"https:\/\/www.moskito.cz\/de\/wp-json\/wp\/v2\/product"}],"about":[{"href":"https:\/\/www.moskito.cz\/de\/wp-json\/wp\/v2\/types\/product"}],"replies":[{"embeddable":true,"href":"https:\/\/www.moskito.cz\/de\/wp-json\/wp\/v2\/comments?post=231498"}],"wp:featuredmedia":[{"embeddable":true,"href":"https:\/\/www.moskito.cz\/de\/wp-json\/wp\/v2\/media\/231499"}],"wp:attachment":[{"href":"https:\/\/www.moskito.cz\/de\/wp-json\/wp\/v2\/media?parent=231498"}],"wp:term":[{"taxonomy":"pwb-brand","embeddable":true,"href":"https:\/\/www.moskito.cz\/de\/wp-json\/wp\/v2\/pwb-brand?post=231498"},{"taxonomy":"product_brand","embeddable":true,"href":"https:\/\/www.moskito.cz\/de\/wp-json\/wp\/v2\/product_brand?post=231498"},{"taxonomy":"product_cat","embeddable":true,"href":"https:\/\/www.moskito.cz\/de\/wp-json\/wp\/v2\/product_cat?post=231498"},{"taxonomy":"product_tag","embeddable":true,"href":"https:\/\/www.moskito.cz\/de\/wp-json\/wp\/v2\/product_tag?post=231498"}],"curies":[{"name":"wp","href":"https:\/\/api.w.org\/{rel}","templated":true}]}}