{"id":231597,"date":"2022-11-24T22:47:24","date_gmt":"2022-11-24T21:47:24","guid":{"rendered":"https:\/\/www.moskito.cz\/?post_type=product&#038;p=231597"},"modified":"2025-05-07T10:44:15","modified_gmt":"2025-05-07T09:44:15","slug":"zaviraci-nuz-extrema-ratio-bd4-lucky-desert","status":"publish","type":"product","link":"https:\/\/www.moskito.cz\/de\/produkt\/zaviraci-nuz-extrema-ratio-bd4-lucky-desert\/","title":{"rendered":"Zav\u00edrac\u00ed N\u016f\u017e Extrema Ratio BD4 LUCKY DESERT"},"content":{"rendered":"<p>Zav\u00edrac\u00ed N\u016f\u017e <strong>Extrema Ratio<\/strong> BD4 LUCKY DESERT.<\/p>\n<p><strong>BD4 LUCKY<\/strong> je nov\u00fd zav\u00edrac\u00ed n\u016f\u017e s dvojit\u00fdm syst\u00e9mem otev\u00edr\u00e1n\u00ed a zoubkovanou \u010depel\u00ed. Elegantn\u00edm a funk\u010dn\u00edm tvarem p\u0159ipom\u00edn\u00e1 klasick\u00fd italsk\u00fd styl. K dispozici v \u010dern\u00e9 a Desert verzi.<\/p>\n<p>HMOTNOST G: 173<br \/>\nHMOTNOST UNCE: 4,83<br \/>\nD\u00c9LKA \u010cEPELE (MM): 123<br \/>\nD\u00c9LKA \u010cEPELE (PALCE): 4,84<br \/>\nCELKOV\u00c1 D\u00c9LKA (MM): 280<br \/>\nCELKOV\u00c1 D\u00c9LKA (V): 11,02<br \/>\nTLOU\u0160\u0164KA \u010cEPELE (MM): 3<br \/>\nTLOU\u0160\u0164KA \u010cEPELE (PALCE): 0,11<br \/>\nMATERI\u00c1L \u010cEPELE: B\u00d6HLER N690 STEEL (58HRC)<br \/>\nPOVRCHOV\u00c1 \u00daPRAVA \u010cEPELE: KAMENE WASHED<br \/>\nHLAVN\u00cd M\u0158\u00cd\u017dKA: PLOCH\u00c1<br \/>\n\u010c\u00c1STE\u010cN\u00c9 ZUBY (MM): 20<br \/>\n\u010c\u00c1STE\u010cN\u00c9 ZUBY (IN): 0,78<br \/>\nMATERI\u00c1L RUKOJETI: ANTIKOROD\u00c1LN\u00cd ELOXOVAN\u00dd HLIN\u00cdK<\/p>\n<p>&nbsp;<\/p>\n","protected":false},"excerpt":{"rendered":"<p>Spole\u010dnost\u00a0<strong>Extrema Ratio<\/strong>\u00a0se s\u00eddlem v italsk\u00e9m Pratu navrhuje a vyr\u00e1b\u00ed vysoce v\u00fdkonn\u00e9 bojov\u00e9, vojensk\u00e9, kuchy\u0148sk\u00e9, loveck\u00e9 a taktick\u00e9 no\u017ee od roku 1997 a m\u00e1 pov\u011bst vynikaj\u00edc\u00ed kvality, kter\u00e1 je v oboru vojensk\u00fdch a taktick\u00fdch no\u017e\u016f nep\u0159ekonateln\u00e1.\u00a0<strong>Doprava zdarma.<\/strong><\/p>\n","protected":false},"featured_media":231598,"comment_status":"open","ping_status":"closed","template":"","meta":[],"pwb-brand":[267],"product_brand":[],"product_cat":[22,17],"product_tag":[3667],"class_list":{"0":"post-231597","1":"product","2":"type-product","3":"status-publish","4":"has-post-thumbnail","6":"pwb-brand-extrema-ratio","7":"product_cat-zaviraci-noze","8":"product_cat-noze","9":"product_tag-b2b","11":"first","12":"instock","13":"taxable","14":"shipping-taxable","15":"purchasable","16":"product-type-simple"},"brands":[{"id":267,"name":"Extrema Ratio","slug":"extrema-ratio"}],"_links":{"self":[{"href":"https:\/\/www.moskito.cz\/de\/wp-json\/wp\/v2\/product\/231597","targetHints":{"allow":["GET"]}}],"collection":[{"href":"https:\/\/www.moskito.cz\/de\/wp-json\/wp\/v2\/product"}],"about":[{"href":"https:\/\/www.moskito.cz\/de\/wp-json\/wp\/v2\/types\/product"}],"replies":[{"embeddable":true,"href":"https:\/\/www.moskito.cz\/de\/wp-json\/wp\/v2\/comments?post=231597"}],"wp:featuredmedia":[{"embeddable":true,"href":"https:\/\/www.moskito.cz\/de\/wp-json\/wp\/v2\/media\/231598"}],"wp:attachment":[{"href":"https:\/\/www.moskito.cz\/de\/wp-json\/wp\/v2\/media?parent=231597"}],"wp:term":[{"taxonomy":"pwb-brand","embeddable":true,"href":"https:\/\/www.moskito.cz\/de\/wp-json\/wp\/v2\/pwb-brand?post=231597"},{"taxonomy":"product_brand","embeddable":true,"href":"https:\/\/www.moskito.cz\/de\/wp-json\/wp\/v2\/product_brand?post=231597"},{"taxonomy":"product_cat","embeddable":true,"href":"https:\/\/www.moskito.cz\/de\/wp-json\/wp\/v2\/product_cat?post=231597"},{"taxonomy":"product_tag","embeddable":true,"href":"https:\/\/www.moskito.cz\/de\/wp-json\/wp\/v2\/product_tag?post=231597"}],"curies":[{"name":"wp","href":"https:\/\/api.w.org\/{rel}","templated":true}]}}