{"id":231832,"date":"2022-11-27T21:07:35","date_gmt":"2022-11-27T20:07:35","guid":{"rendered":"https:\/\/www.moskito.cz\/?post_type=product&#038;p=231832"},"modified":"2025-05-07T10:44:20","modified_gmt":"2025-05-07T09:44:20","slug":"zaviraci-nuz-sog-tac-au-compact-ca-special-tanto","status":"publish","type":"product","link":"https:\/\/www.moskito.cz\/de\/produkt\/zaviraci-nuz-sog-tac-au-compact-ca-special-tanto\/","title":{"rendered":"Zav\u00edrac\u00ed N\u016f\u017e SOG TAC AU COMPACT CA SPECIAL TANTO"},"content":{"rendered":"<p>Zav\u00edrac\u00ed N\u016f\u017e <strong>SOG<\/strong> TAC AU COMPACT CA SPECIAL TANTO.<\/p>\n<p>S texturovanou hlin\u00edkovou rukojet\u00ed a \u010depel\u00ed CRYO D2 je SOG-TAC AU rychle se otev\u00edraj\u00edc\u00ed zav\u00edrac\u00ed n\u016f\u017e, kter\u00fd vysko\u010d\u00ed do akce kteroukoli rukou a z\u016fstane otev\u0159en\u00fd s v\u00fdjime\u010dnou silou uzam\u010den\u00ed d\u00edky pokro\u010dil\u00e9mu z\u00e1mku AU-XR od SOG. Vyst\u0159elovac\u00ed \u010depel americk\u00e9 v\u00fdroby, je to svalnat\u00fd a z\u00e1lo\u017en\u00ed n\u00e1stroj pro arm\u00e1du, z\u00e1chran\u00e1\u0159e a u\u017eivatele s obrann\u00fdm no\u0161en\u00edm, kte\u0159\u00ed ocen\u00ed spolehlivou bezpe\u010dnost Double-action Safety. Pod\u00edvejte se na v\u0161echny SOG-TAC AU<\/p>\n<p>Inovativn\u00ed uzamyk\u00e1n\u00ed \u010depele, kter\u00e9 v\u00e1m umo\u017en\u00ed p\u0159ej\u00edt z bezpe\u010dn\u00e9 na \u010depel otev\u0159enou jedn\u00edm tahem, s funkc\u00ed SOG Double-action Safety.<\/p>\n<p>Mo\u017en\u00e1 v\u0161e, co pot\u0159ebujete, jsou 2 palce, mo\u017en\u00e1 je to v\u0161e, co sm\u00edte leg\u00e1ln\u011b nosit, a\u0165 u\u017e je d\u016fvod jak\u00fdkoli, CA Special nab\u00edz\u00ed rukoje\u0165 s vysokou p\u0159ilnavost\u00ed z oceli SOG ostr\u00e9 CRYO D2.<\/p>\n<p>SOG-TAC AU je zcela modern\u00ed \u0159e\u0161en\u00ed tvrd\u00e9ho automatick\u00e9ho no\u017ee. Vyzna\u010duje se siln\u00fdm uzamykac\u00edm mechanismem SOG AU-XR, ocel\u00ed CRYO D2 a rychl\u00fdm otev\u00edr\u00e1n\u00edm.<\/p>\n<p>CRYO D2 STEEL<br \/>\nV\u0161estrann\u00e1 n\u00e1strojov\u00e1 ocel s vysok\u00fdm obsahem uhl\u00edku kryogenn\u011b tepeln\u011b zpracovan\u00e1 podle jedine\u010dn\u00fdch v\u00fdkonov\u00fdch specifikac\u00ed SOG. D2 poskytuje ide\u00e1ln\u00ed kombinaci zachov\u00e1n\u00ed hran a trvanlivosti pro dlouhodob\u00e9 pou\u017e\u00edv\u00e1n\u00ed se snadnou \u00fadr\u017ebou.<\/p>\n<p>MIKRO-TEXTUROVAN\u00c9 RUKOJETI<br \/>\nHlin\u00edkov\u00e1 rukoje\u0165 SOG-TAC AU m\u00e1 obroben\u00fd mikrotexturov\u00fd povrch, kter\u00fd poskytuje spr\u00e1vnou \u00farove\u0148 \u00fachopu \u2013 na v\u0161ech spr\u00e1vn\u00fdch m\u00edstech \u2013 ani\u017e byste si opot\u0159ebovali ruku nebo kapsu.<\/p>\n<p>DVOJ\u00da\u010cINN\u00c1 BEZPE\u010cNOST<br \/>\nDvoj\u010dinn\u00e1 bezpe\u010dnost, integrovan\u00e1 do jedin\u00e9ho rozhran\u00ed, zabra\u0148uje n\u00e1hodn\u00e9mu rozvinut\u00ed \u010depele a z\u00e1rove\u0148 poskytuje jist\u00e9 a konzistentn\u00ed otev\u0159en\u00ed na vy\u017e\u00e1d\u00e1n\u00ed.<\/p>\n<p>BARVA: Black<br \/>\nOCEL: CRYO D2<br \/>\nHMOTNOST: 79 g<br \/>\nD\u00c9LKA RUKOJETI: 103 mm<br \/>\nTLOU\u0160\u0164KA \u010cEPELE: 2,8 mm<br \/>\nMATERI\u00c1L RUKOJETI: AL 6061 T6<br \/>\nMATERI\u00c1L POUZDRA: N\/A<br \/>\nD\u00c9LKA \u010cEPELE: 50 mm<br \/>\nCELKOV\u00c1 VELIKOST: 153 mm<\/p>\n<p><iframe title=\"SOG-TAC AU Automatic Folding Knife\" width=\"800\" height=\"450\" src=\"https:\/\/www.youtube.com\/embed\/QbInOoD89k0?feature=oembed\" frameborder=\"0\" allow=\"accelerometer; autoplay; clipboard-write; encrypted-media; gyroscope; picture-in-picture\" allowfullscreen><\/iframe><\/p>\n<p>&nbsp;<\/p>\n","protected":false},"excerpt":{"rendered":"<p>SOG-TAC AU je spolehliv\u00fd automatick\u00fd n\u016f\u017e ur\u010den\u00fd pro n\u00e1ro\u010dn\u00e9 pou\u017eit\u00ed t\u011bmi, kte\u0159\u00ed pot\u0159ebuj\u00ed n\u016f\u017e rychle vyt\u00e1hnout.<\/p>\n","protected":false},"featured_media":231835,"comment_status":"open","ping_status":"closed","template":"","meta":[],"pwb-brand":[591],"product_brand":[],"product_cat":[22,17],"product_tag":[3667],"class_list":{"0":"post-231832","1":"product","2":"type-product","3":"status-publish","4":"has-post-thumbnail","6":"pwb-brand-sog","7":"product_cat-zaviraci-noze","8":"product_cat-noze","9":"product_tag-b2b","11":"first","12":"instock","13":"taxable","14":"shipping-taxable","15":"purchasable","16":"product-type-simple"},"brands":[{"id":591,"name":"SOG","slug":"sog"}],"_links":{"self":[{"href":"https:\/\/www.moskito.cz\/de\/wp-json\/wp\/v2\/product\/231832","targetHints":{"allow":["GET"]}}],"collection":[{"href":"https:\/\/www.moskito.cz\/de\/wp-json\/wp\/v2\/product"}],"about":[{"href":"https:\/\/www.moskito.cz\/de\/wp-json\/wp\/v2\/types\/product"}],"replies":[{"embeddable":true,"href":"https:\/\/www.moskito.cz\/de\/wp-json\/wp\/v2\/comments?post=231832"}],"wp:featuredmedia":[{"embeddable":true,"href":"https:\/\/www.moskito.cz\/de\/wp-json\/wp\/v2\/media\/231835"}],"wp:attachment":[{"href":"https:\/\/www.moskito.cz\/de\/wp-json\/wp\/v2\/media?parent=231832"}],"wp:term":[{"taxonomy":"pwb-brand","embeddable":true,"href":"https:\/\/www.moskito.cz\/de\/wp-json\/wp\/v2\/pwb-brand?post=231832"},{"taxonomy":"product_brand","embeddable":true,"href":"https:\/\/www.moskito.cz\/de\/wp-json\/wp\/v2\/product_brand?post=231832"},{"taxonomy":"product_cat","embeddable":true,"href":"https:\/\/www.moskito.cz\/de\/wp-json\/wp\/v2\/product_cat?post=231832"},{"taxonomy":"product_tag","embeddable":true,"href":"https:\/\/www.moskito.cz\/de\/wp-json\/wp\/v2\/product_tag?post=231832"}],"curies":[{"name":"wp","href":"https:\/\/api.w.org\/{rel}","templated":true}]}}