{"id":231939,"date":"2022-11-28T20:22:20","date_gmt":"2022-11-28T19:22:20","guid":{"rendered":"https:\/\/www.moskito.cz\/?post_type=product&#038;p=231939"},"modified":"2025-05-07T10:44:21","modified_gmt":"2025-05-07T09:44:21","slug":"zaviraci-nuz-sog-flash-at-civic-cyan-serrated-2","status":"publish","type":"product","link":"https:\/\/www.moskito.cz\/de\/produkt\/zaviraci-nuz-sog-flash-at-civic-cyan-serrated-2\/","title":{"rendered":"Zav\u00edrac\u00ed N\u016f\u017e SOG FLASH AT CIVIC CYAN SERRATED"},"content":{"rendered":"<p>Zav\u00edrac\u00ed N\u016f\u017e <strong>SOG<\/strong> FLASH AT CIVIC CYAN SERRATED.<\/p>\n<p>Zav\u00edrac\u00ed n\u016f\u017e s asistovan\u00fdm otev\u00edr\u00e1n\u00edm Flash AT, navr\u017een\u00fd pro ka\u017edodenn\u00ed u\u017eivatele, nab\u00edz\u00ed rychl\u00e9 asistovan\u00e9 otev\u00edr\u00e1n\u00ed s inovativn\u00edm oboustrann\u00fdm z\u00e1mkem SOG AT-XR Lock a zjednodu\u0161en\u00fdm ergonomick\u00fdm designem rukojeti pro lep\u0161\u00ed uchopen\u00ed a pohodl\u00ed. Flash AT je kompaktn\u00ed a snadno se p\u0159en\u00e1\u0161\u00ed, s vysoce funk\u010dn\u00ed 3,5&#8243; kryogenicky tepeln\u011b zpracovanou \u010depel\u00ed z nerezov\u00e9 oceli D2. Jej\u00ed v\u00fdkonn\u00fd uzamykac\u00ed mechanismus XR tak\u00e9 nab\u00edz\u00ed spolehlivou vestav\u011bnou pojistku \u010depele a bezpe\u010dnostn\u00ed syst\u00e9m namontovan\u00fd na p\u00e1te\u0159i. Dal\u0161\u00ed evoluce \u010depele obl\u00edben\u00fd kapesn\u00ed n\u016f\u017e Flash.<\/p>\n<p>Nejnov\u011bj\u0161\u00ed aktualizace v\u0161udyp\u0159\u00edtomn\u00e9ho a nejprod\u00e1van\u011bj\u0161\u00edho Flash designu SOG, Flash AT je navr\u017een jako spolehliv\u00fd n\u016f\u017e pro ka\u017edodenn\u00ed no\u0161en\u00ed. Pro ty, kte\u0159\u00ed cht\u011bj\u00ed b\u00fdt p\u0159ipraveni na cokoliv, co jim p\u0159ijde do cesty, je Flash perfektn\u00ed EDC.<\/p>\n<p>PODSTATN\u00dd DESIGN<br \/>\nVyv\u00e1\u017een\u00ed modern\u00edho designu s vysok\u00fdm v\u00fdkonem a spolehlivost\u00ed. Flash AT m\u00e1 elegantn\u00ed hlubokou nosnou sponu a aerodynamickou ergonomickou rukoje\u0165.<\/p>\n<p>AT-XR Z\u00c1MEK<br \/>\nPatentovan\u00e1 technologie Assisted Technology (AT) spole\u010dnosti SOG XR Lock poskytuje rychl\u00e9 otev\u0159en\u00ed jednou rukou a pevn\u00e9 uzam\u010den\u00ed po otev\u0159en\u00ed. Spolehliv\u00fd a v\u00fdkonn\u00fd, schopn\u00fd odolat s\u00edle 1500 liber, AT-XR Lock poskytuje maxim\u00e1ln\u00ed vestav\u011bn\u00e9 zabezpe\u010den\u00ed \u010depele p\u0159i otev\u0159en\u00ed a zaji\u0161\u0165uje, \u017ee se otev\u0159e pouze tehdy, kdy\u017e je zam\u00fd\u0161leno.<\/p>\n<p>BEZPE\u010cNOST 2.0<br \/>\nSpole\u010dnost SOG spolupracovala s u\u017eivateli na v\u00fdvoji oboustrann\u00e9ho zabezpe\u010den\u00ed, kter\u00e9 je stejn\u011b snadn\u00e9 jako rychl\u00e9 pou\u017eit\u00ed. Navr\u017eeno tak, aby bylo intuitivn\u00ed a vyu\u017e\u00edvalo p\u0159irozen\u00e9 pohyby rukou, znamen\u00e1 to, \u017ee p\u0159i ovl\u00e1d\u00e1n\u00ed nemus\u00edte zlomit sev\u0159en\u00ed. Po otev\u0159en\u00ed se uzamkne na m\u00edst\u011b jako zadn\u00ed zar\u00e1\u017eka palce. V\u0161echno, co by bezpe\u010dnost m\u011bla b\u00fdt.<\/p>\n<p>CRYO D2 OCELOV\u00c1 \u010cEPEL<br \/>\nV\u0161estrann\u00e1 n\u00e1strojov\u00e1 ocel s vysok\u00fdm obsahem uhl\u00edku, kter\u00e1 je kryogenn\u011b tepeln\u011b zpracov\u00e1na podle jedine\u010dn\u00fdch v\u00fdkonnostn\u00edch specifikac\u00ed SOG. D2 poskytuje ide\u00e1ln\u00ed kombinaci zachov\u00e1n\u00ed hran a trvanlivosti pro dlouhodob\u00e9 pou\u017e\u00edv\u00e1n\u00ed se snadnou \u00fadr\u017ebou.<\/p>\n<p>CELKOV\u00c1 VELIKOST: 209 mm<br \/>\nBARVA: Azurov\u00e1<br \/>\nTLOU\u0160\u0164KA \u010cEPELE: 3 mm<br \/>\nHMOTNOST: 130 g<br \/>\nD\u00c9LKA \u010cEPELE: 86 mm<br \/>\nOCEL: CYRO D2<br \/>\nD\u00c9LKA RUKOJETI: 123 mm<br \/>\nDRUH POJISTKY: XR Lock<br \/>\nMATERI\u00c1L POUZDRA: N\/A<br \/>\nMATERI\u00c1L RUKOJETI: GRN<\/p>\n<p><iframe title=\"SOG Flash AT\" width=\"800\" height=\"450\" src=\"https:\/\/www.youtube.com\/embed\/P5fVKx7j3eY?feature=oembed\" frameborder=\"0\" allow=\"accelerometer; autoplay; clipboard-write; encrypted-media; gyroscope; picture-in-picture\" allowfullscreen><\/iframe><\/p>\n<p>&nbsp;<\/p>\n<p>&nbsp;<\/p>\n","protected":false},"excerpt":{"rendered":"<p>SOG Flash AT s oboustrann\u00fdm rychl\u00fdm otev\u00edr\u00e1n\u00edm AT-XR Lock\u00ae, \u010depel\u00ed z oceli CRYO D2 a ergonomickou rukojet\u00ed pro lep\u0161\u00ed \u00fachop a pohodl\u00ed.<\/p>\n","protected":false},"featured_media":231941,"comment_status":"open","ping_status":"closed","template":"","meta":[],"pwb-brand":[591],"product_brand":[],"product_cat":[22,17],"product_tag":[3667],"class_list":{"0":"post-231939","1":"product","2":"type-product","3":"status-publish","4":"has-post-thumbnail","6":"pwb-brand-sog","7":"product_cat-zaviraci-noze","8":"product_cat-noze","9":"product_tag-b2b","11":"first","12":"instock","13":"taxable","14":"shipping-taxable","15":"purchasable","16":"product-type-simple"},"brands":[{"id":591,"name":"SOG","slug":"sog"}],"_links":{"self":[{"href":"https:\/\/www.moskito.cz\/de\/wp-json\/wp\/v2\/product\/231939","targetHints":{"allow":["GET"]}}],"collection":[{"href":"https:\/\/www.moskito.cz\/de\/wp-json\/wp\/v2\/product"}],"about":[{"href":"https:\/\/www.moskito.cz\/de\/wp-json\/wp\/v2\/types\/product"}],"replies":[{"embeddable":true,"href":"https:\/\/www.moskito.cz\/de\/wp-json\/wp\/v2\/comments?post=231939"}],"wp:featuredmedia":[{"embeddable":true,"href":"https:\/\/www.moskito.cz\/de\/wp-json\/wp\/v2\/media\/231941"}],"wp:attachment":[{"href":"https:\/\/www.moskito.cz\/de\/wp-json\/wp\/v2\/media?parent=231939"}],"wp:term":[{"taxonomy":"pwb-brand","embeddable":true,"href":"https:\/\/www.moskito.cz\/de\/wp-json\/wp\/v2\/pwb-brand?post=231939"},{"taxonomy":"product_brand","embeddable":true,"href":"https:\/\/www.moskito.cz\/de\/wp-json\/wp\/v2\/product_brand?post=231939"},{"taxonomy":"product_cat","embeddable":true,"href":"https:\/\/www.moskito.cz\/de\/wp-json\/wp\/v2\/product_cat?post=231939"},{"taxonomy":"product_tag","embeddable":true,"href":"https:\/\/www.moskito.cz\/de\/wp-json\/wp\/v2\/product_tag?post=231939"}],"curies":[{"name":"wp","href":"https:\/\/api.w.org\/{rel}","templated":true}]}}