{"id":232214,"date":"2022-12-02T20:26:44","date_gmt":"2022-12-02T19:26:44","guid":{"rendered":"https:\/\/www.moskito.cz\/?post_type=product&#038;p=232214"},"modified":"2025-05-07T10:44:28","modified_gmt":"2025-05-07T09:44:28","slug":"zaviraci-nuz-boker-arbolito-gemini-guayacan-stud","status":"publish","type":"product","link":"https:\/\/www.moskito.cz\/de\/produkt\/zaviraci-nuz-boker-arbolito-gemini-guayacan-stud\/","title":{"rendered":"Zav\u00edrac\u00ed N\u016f\u017e B\u00f6ker Arbolito Gemini Guayacan Stud"},"content":{"rendered":"<p>Zav\u00edrac\u00ed N\u016f\u017e <strong>B\u00f6ker<\/strong> Arbolito Gemini Guayacan Stud.<\/p>\n<p>A\u010dkoli to nikdy nebylo v centru pozornosti, Gemini Folder je st\u00e1lic\u00ed v sortimentu Boker po mnoho let. S nejnov\u011bj\u0161\u00edm p\u0159\u00edr\u016fstkem pod na\u0161\u00edm ozna\u010den\u00edm Boker Plus byl p\u0159edstaven velmi modern\u00ed Gemini NGA. S Arbolito Gemini Guayacan nyn\u00ed design p\u016fsobiv\u011b ukazuje, jak je univerz\u00e1ln\u00ed. S ebenov\u00fdmi \u0161upinami Guayacan a charakteristick\u00fdm fr\u00e9zov\u00e1n\u00edm Arbolito je Gemini Guayacan bezpochyby modern\u00ed klasikou. Pevn\u00e9 ocelov\u00e9 pl\u00e1ty se z\u00e1mkem liner zaji\u0161\u0165uj\u00ed extr\u00e9mn\u011b stabiln\u00ed z\u00e1klad konstrukce a \u010depel vyroben\u00e1 z B\u00f6hler N695 kombinuje odolnost proti korozi a vysokou odolnost ost\u0159\u00ed . Sat\u00e9nov\u00fd povrch \u010depele tak\u00e9 dod\u00e1v\u00e1 elegantn\u00ed vzhled. Gemini Guayacan s \u010depem na palec pro pohodln\u00e9 otev\u00edr\u00e1n\u00ed jednou rukou slou\u017e\u00ed jako elegantn\u00ed n\u016f\u017e na ka\u017edodenn\u00ed no\u0161en\u00ed i jako pevn\u00fd pracovn\u00ed n\u016f\u017e. N\u016f\u017e je bez klipu .<\/p>\n<p>Celkov\u00e1 d\u00e9lka: 21,00 cm<br \/>\nD\u00e9lka \u010depele: 9,00 cm<br \/>\nS\u00edla \u010depele: 2,90 mm<br \/>\nHmotnost: 135,00 g<br \/>\nMateri\u00e1l \u010depele: N695<br \/>\nMateri\u00e1l rukojeti: Guayacan &#8211; Eben<br \/>\nBarva: Hn\u011bd\u00e1<\/p>\n<p>&nbsp;<\/p>\n","protected":false},"excerpt":{"rendered":"<p>Gemini Folder je st\u00e1lic\u00ed v sortimentu Boker po mnoho let.<\/p>\n","protected":false},"featured_media":232215,"comment_status":"open","ping_status":"closed","template":"","meta":[],"pwb-brand":[140],"product_brand":[],"product_cat":[22,17],"product_tag":[],"class_list":{"0":"post-232214","1":"product","2":"type-product","3":"status-publish","4":"has-post-thumbnail","6":"pwb-brand-boker","7":"product_cat-zaviraci-noze","8":"product_cat-noze","10":"first","11":"outofstock","12":"taxable","13":"shipping-taxable","14":"purchasable","15":"product-type-simple"},"brands":[{"id":140,"name":"Boker","slug":"boker"}],"_links":{"self":[{"href":"https:\/\/www.moskito.cz\/de\/wp-json\/wp\/v2\/product\/232214","targetHints":{"allow":["GET"]}}],"collection":[{"href":"https:\/\/www.moskito.cz\/de\/wp-json\/wp\/v2\/product"}],"about":[{"href":"https:\/\/www.moskito.cz\/de\/wp-json\/wp\/v2\/types\/product"}],"replies":[{"embeddable":true,"href":"https:\/\/www.moskito.cz\/de\/wp-json\/wp\/v2\/comments?post=232214"}],"wp:featuredmedia":[{"embeddable":true,"href":"https:\/\/www.moskito.cz\/de\/wp-json\/wp\/v2\/media\/232215"}],"wp:attachment":[{"href":"https:\/\/www.moskito.cz\/de\/wp-json\/wp\/v2\/media?parent=232214"}],"wp:term":[{"taxonomy":"pwb-brand","embeddable":true,"href":"https:\/\/www.moskito.cz\/de\/wp-json\/wp\/v2\/pwb-brand?post=232214"},{"taxonomy":"product_brand","embeddable":true,"href":"https:\/\/www.moskito.cz\/de\/wp-json\/wp\/v2\/product_brand?post=232214"},{"taxonomy":"product_cat","embeddable":true,"href":"https:\/\/www.moskito.cz\/de\/wp-json\/wp\/v2\/product_cat?post=232214"},{"taxonomy":"product_tag","embeddable":true,"href":"https:\/\/www.moskito.cz\/de\/wp-json\/wp\/v2\/product_tag?post=232214"}],"curies":[{"name":"wp","href":"https:\/\/api.w.org\/{rel}","templated":true}]}}