{"id":232223,"date":"2022-12-02T20:47:12","date_gmt":"2022-12-02T19:47:12","guid":{"rendered":"https:\/\/www.moskito.cz\/?post_type=product&#038;p=232223"},"modified":"2025-05-07T10:44:29","modified_gmt":"2025-05-07T09:44:29","slug":"pevny-nuz-cold-steel-warcraft-tanto-san-mai-iii-xl","status":"publish","type":"product","link":"https:\/\/www.moskito.cz\/de\/produkt\/pevny-nuz-cold-steel-warcraft-tanto-san-mai-iii-xl\/","title":{"rendered":"Pevn\u00fd N\u016f\u017e  Cold Steel WARCRAFT TANTO SAN MAI III XL"},"content":{"rendered":"<p>Pevn\u00fd N\u016f\u017e <strong>Cold Steel<\/strong> WARCRAFT TANTO SAN MAI III XL.<\/p>\n<p>S\u00e9rie Warcraft Tanto p\u0159edstavuje n\u011bkter\u00e9 z na\u0161ich nejnov\u011bj\u0161\u00edch designov\u00fdch koncept\u016f pro modern\u00ed vojensk\u00fd taktick\u00fd tanto design. Znateln\u011b tlust\u0161\u00ed ne\u017e mnoho no\u017e\u016f na dne\u0161n\u00edm trhu, s pevn\u00fdmi zes\u00edlen\u00fdmi hroty, elegantn\u011b zak\u0159iven\u00fdmi \u0159ezn\u00fdmi hranami a robustn\u00ed jednod\u00edlnou konstrukc\u00ed, pohlt\u00ed trest a z\u00e1rove\u0148 pod\u00e1vaj\u00ed bezprecedentn\u00ed v\u00fdkon v ter\u00e9nu. Ka\u017ed\u00e9 z na\u0161ich Warcraft Tanto je vyrobeno s ploch\u00fdm brou\u0161en\u00fdm prim\u00e1rn\u00edm ost\u0159\u00edm a dl\u00e1tem brou\u0161en\u00fdm sekund\u00e1rn\u00edm zkosen\u00edm \u010depele, oboj\u00ed ru\u010dn\u011b brou\u0161en\u00e9 do ostrosti k prask\u00e1n\u00ed vlas\u016f. Pr\u016fse\u010d\u00edk t\u011bchto dvou \u00fakos\u016f \u010depele (zn\u00e1m\u00fd jako Yakote) tvo\u0159\u00ed zlomysln\u011b efefektivn\u00ed sekund\u00e1rn\u00ed bod, kter\u00fd umo\u017e\u0148uje zni\u010duj\u00edc\u00ed zacvak\u00e1vac\u00ed \u0159ez. Tlust\u00fd, pln\u00fd hrot, je obalen\u00fd dv\u011bma stupnicemi na rukojeti, d\u00edky \u010demu\u017e je na\u0161e s\u00e9rie Warcraft pohodln\u00e1 a bezpe\u010dn\u00e1 v ruce a stejn\u011b tak doma jako spolehliv\u00fd pracovn\u00ed k\u016f\u0148 nebo \u017eivot zachra\u0148uj\u00edc\u00ed bojov\u00fd n\u016f\u017e.<br \/>\nWarcraft Series je k dispozici ve dvou variant\u00e1ch. Verze San Mai\u00ae maj\u00ed rukojeti G-10. Jedn\u00e1 se dost mo\u017en\u00e1 o nejkvalitn\u011bj\u0161\u00ed pr\u00e9miov\u00e9 taktick\u00e9 pevn\u00e9 \u010depele na sv\u011bt\u011b. V\u0161echny jsou dod\u00e1v\u00e1ny s pouzdrem Secure-Ex\u00ae.<\/p>\n<p>Barva: St\u0159\u00edbrn\u00e1<br \/>\nMateri\u00e1l rukojeti: G-10<br \/>\nD\u00e9lka \u010depele: 305 mm<br \/>\nTlou\u0161\u0165ka \u010depele: 5 mm<br \/>\nMateri\u00e1l pouzdra: Secure-Ex\u00ae Sheath<br \/>\nOcel: VG-10 San Mai\u00ae<br \/>\nD\u00e9lka rukojeti: 127 mm<br \/>\nHmotnost: 510 g<br \/>\nCelkov\u00e1 velikost: 431,8 mm<\/p>\n<p>&nbsp;<\/p>\n<p><iframe title=\"COLD STEEL WARCRAFT SAN MAI III SERIES\" width=\"800\" height=\"450\" src=\"https:\/\/www.youtube.com\/embed\/oFMnzWviWsg?feature=oembed\" frameborder=\"0\" allow=\"accelerometer; autoplay; clipboard-write; encrypted-media; gyroscope; picture-in-picture; web-share\" allowfullscreen><\/iframe><\/p>\n<p>&nbsp;<\/p>\n","protected":false},"excerpt":{"rendered":"<p>N\u016f\u017e s pevnou \u010depel\u00ed Magnum Warcraft Tanto je d\u00edky sv\u00e9 d\u00e9lce a tvaru \u010depele, i tvarovan\u00e9 rukojeti, p\u0159edur\u010den k technik\u00e1m seku. Tento nejdel\u0161\u00ed model z cel\u00e9 \u0159ady Warcraft Tanto m\u00e1 d\u00e9lku \u010depele 305 mm.<\/p>\n","protected":false},"featured_media":232224,"comment_status":"open","ping_status":"closed","template":"","meta":[],"pwb-brand":[211],"product_brand":[],"product_cat":[23,17],"product_tag":[3667],"class_list":{"0":"post-232223","1":"product","2":"type-product","3":"status-publish","4":"has-post-thumbnail","6":"pwb-brand-cold-steel","7":"product_cat-pevne-noze","8":"product_cat-noze","9":"product_tag-b2b","11":"first","12":"instock","13":"taxable","14":"shipping-taxable","15":"purchasable","16":"product-type-simple"},"brands":[{"id":211,"name":"Cold Steel","slug":"cold-steel"}],"_links":{"self":[{"href":"https:\/\/www.moskito.cz\/de\/wp-json\/wp\/v2\/product\/232223","targetHints":{"allow":["GET"]}}],"collection":[{"href":"https:\/\/www.moskito.cz\/de\/wp-json\/wp\/v2\/product"}],"about":[{"href":"https:\/\/www.moskito.cz\/de\/wp-json\/wp\/v2\/types\/product"}],"replies":[{"embeddable":true,"href":"https:\/\/www.moskito.cz\/de\/wp-json\/wp\/v2\/comments?post=232223"}],"wp:featuredmedia":[{"embeddable":true,"href":"https:\/\/www.moskito.cz\/de\/wp-json\/wp\/v2\/media\/232224"}],"wp:attachment":[{"href":"https:\/\/www.moskito.cz\/de\/wp-json\/wp\/v2\/media?parent=232223"}],"wp:term":[{"taxonomy":"pwb-brand","embeddable":true,"href":"https:\/\/www.moskito.cz\/de\/wp-json\/wp\/v2\/pwb-brand?post=232223"},{"taxonomy":"product_brand","embeddable":true,"href":"https:\/\/www.moskito.cz\/de\/wp-json\/wp\/v2\/product_brand?post=232223"},{"taxonomy":"product_cat","embeddable":true,"href":"https:\/\/www.moskito.cz\/de\/wp-json\/wp\/v2\/product_cat?post=232223"},{"taxonomy":"product_tag","embeddable":true,"href":"https:\/\/www.moskito.cz\/de\/wp-json\/wp\/v2\/product_tag?post=232223"}],"curies":[{"name":"wp","href":"https:\/\/api.w.org\/{rel}","templated":true}]}}