{"id":232669,"date":"2022-12-11T09:51:17","date_gmt":"2022-12-11T08:51:17","guid":{"rendered":"https:\/\/www.moskito.cz\/?post_type=product&#038;p=232669"},"modified":"2025-05-07T10:44:42","modified_gmt":"2025-05-07T09:44:42","slug":"vystrelovaci-nuz-cobratec-large-fs-3-woodland","status":"publish","type":"product","link":"https:\/\/www.moskito.cz\/de\/produkt\/vystrelovaci-nuz-cobratec-large-fs-3-woodland\/","title":{"rendered":"Vyst\u0159elovac\u00ed N\u016f\u017e CobraTec LARGE FS-3 WOODLAND"},"content":{"rendered":"<p>Vyst\u0159elovac\u00ed N\u016f\u017e <strong>CobraTec<\/strong> LARGE FS-3 WOODLAND.<\/p>\n<p>Plnohodnotn\u00e1 verze obl\u00edben\u00e9ho FS-3 p\u0159esv\u011bd\u010d\u00ed pevnou \u010depel\u00ed D2 drop point, kter\u00e1 po stisknut\u00ed tla\u010d\u00edtka vyjede z p\u0159edn\u00ed rukojeti rychle jako \u0161\u00edp a po op\u011btovn\u00e9m stisknut\u00ed tam zase zmiz\u00ed. N\u016f\u017e OTF (Out The Front) se vyzna\u010duje texturovanou rukojet\u00ed vyrobenou z vysoce pevn\u00e9ho hlin\u00edku, kter\u00e1 nese maskovac\u00ed vzor lesn\u00ed zelen\u00e9. Hlubok\u00e1 nosn\u00e1 spona je p\u0159ipevn\u011bna k rozb\u00edje\u010di skla a umo\u017e\u0148uje no\u0161en\u00ed sklopn\u00fdm na obou stran\u00e1ch. Dod\u00e1v\u00e1no s vysoce kvalitn\u00edm nylonov\u00fdm pouzdrem.<\/p>\n<p>Zna\u010dka: CobraTec<br \/>\nCelkov\u00e1 d\u00e9lka: 22,90 cm<br \/>\nD\u00e9lka \u010depele: 8,90 cm<br \/>\nHmotnost: 226,00 g<br \/>\nMateri\u00e1l \u010depele: D2<br \/>\nMateri\u00e1l rukojeti: Hlin\u00edk<br \/>\nOtv\u00edr\u00e1k: Stiskn\u011bte tla\u010d\u00edtko<br \/>\nOtev\u00edrac\u00ed: Automatick\u00fd<br \/>\nTyp z\u00e1mku: OTF<br \/>\nBarva: Camo<br \/>\nBarva \u010depele: Nepota\u017een\u00e9<\/p>\n","protected":false},"excerpt":{"rendered":"<p>Ka\u017ed\u00fd n\u016f\u017e\u00a0<strong>CobraTec\u00ae<\/strong>\u00a0je dod\u00e1v\u00e1n s\u00a0 do\u017eivotn\u00ed z\u00e1rukou.<\/p>\n<p><strong>Doprava zdarma.<\/strong><\/p>\n","protected":false},"featured_media":232670,"comment_status":"open","ping_status":"closed","template":"","meta":[],"pwb-brand":[3241],"product_brand":[],"product_cat":[2019,17],"product_tag":[],"class_list":{"0":"post-232669","1":"product","2":"type-product","3":"status-publish","4":"has-post-thumbnail","6":"pwb-brand-cobratec-2","7":"product_cat-vystrelovaci-noze","8":"product_cat-noze","10":"first","11":"outofstock","12":"taxable","13":"shipping-taxable","14":"purchasable","15":"product-type-simple"},"brands":[{"id":3241,"name":"CobraTec","slug":"cobratec-2"}],"_links":{"self":[{"href":"https:\/\/www.moskito.cz\/de\/wp-json\/wp\/v2\/product\/232669","targetHints":{"allow":["GET"]}}],"collection":[{"href":"https:\/\/www.moskito.cz\/de\/wp-json\/wp\/v2\/product"}],"about":[{"href":"https:\/\/www.moskito.cz\/de\/wp-json\/wp\/v2\/types\/product"}],"replies":[{"embeddable":true,"href":"https:\/\/www.moskito.cz\/de\/wp-json\/wp\/v2\/comments?post=232669"}],"wp:featuredmedia":[{"embeddable":true,"href":"https:\/\/www.moskito.cz\/de\/wp-json\/wp\/v2\/media\/232670"}],"wp:attachment":[{"href":"https:\/\/www.moskito.cz\/de\/wp-json\/wp\/v2\/media?parent=232669"}],"wp:term":[{"taxonomy":"pwb-brand","embeddable":true,"href":"https:\/\/www.moskito.cz\/de\/wp-json\/wp\/v2\/pwb-brand?post=232669"},{"taxonomy":"product_brand","embeddable":true,"href":"https:\/\/www.moskito.cz\/de\/wp-json\/wp\/v2\/product_brand?post=232669"},{"taxonomy":"product_cat","embeddable":true,"href":"https:\/\/www.moskito.cz\/de\/wp-json\/wp\/v2\/product_cat?post=232669"},{"taxonomy":"product_tag","embeddable":true,"href":"https:\/\/www.moskito.cz\/de\/wp-json\/wp\/v2\/product_tag?post=232669"}],"curies":[{"name":"wp","href":"https:\/\/api.w.org\/{rel}","templated":true}]}}