{"id":235702,"date":"2022-12-15T22:57:24","date_gmt":"2022-12-15T21:57:24","guid":{"rendered":"https:\/\/www.moskito.cz\/?post_type=product&#038;p=235702"},"modified":"2025-05-07T10:44:50","modified_gmt":"2025-05-07T09:44:50","slug":"vystrelovaci-nuz-cobratec-medium-tiffany-blue-graphite-black-ctk-1-drop","status":"publish","type":"product","link":"https:\/\/www.moskito.cz\/de\/produkt\/vystrelovaci-nuz-cobratec-medium-tiffany-blue-graphite-black-ctk-1-drop\/","title":{"rendered":"Vyst\u0159elovac\u00ed N\u016f\u017e CobraTec Medium Tiffany Blue Graphite Black CTK-1 Drop"},"content":{"rendered":"<p>Vyst\u0159elovac\u00ed N\u016f\u017e <strong>CobraTec<\/strong> Medium Tiffany Blue Graphite Black CTK-1 Drop.<\/p>\n<p>Na\u0161e Medium FS-3 Stonewash vych\u00e1z\u00ed z rukojeti z vysoce kvalitn\u00ed hlin\u00edkov\u00e9 slitiny a m\u00e1 \u010depel z oceli D2.<\/p>\n<p>V\u0161echny no\u017ee jsou dvoj\u010dinn\u00e9 (vysouv\u00e1n\u00ed a zatahov\u00e1n\u00ed \u010depele se ovl\u00e1d\u00e1 stisknut\u00edm nebo vyta\u017een\u00edm stejn\u00e9ho ovl\u00e1dac\u00edho sp\u00edna\u010de).<\/p>\n<p>N\u016f\u017e je oboustrann\u00fd, proto\u017ee kapesn\u00ed klip lze p\u0159epnout na ob\u011b strany, co\u017e umo\u017e\u0148uje pou\u017eit\u00ed vpravo a vlevo.<\/p>\n<p>Tento n\u016f\u017e m\u00e1 kapesn\u00ed klip, rozb\u00edje\u010d skla pro p\u0159\u00edpad nouze a obsahuje nylonov\u00e9 pouzdro. Na v\u0161echny no\u017ee CobraTec se vztahuje na\u0161e DO\u017dIVOTN\u00cd Z\u00c1RUKA .<\/p>\n<p>Zna\u010dka: CobraTec<br \/>\nCelkov\u00e1 d\u00e9lka: 20,30 cm<br \/>\nD\u00e9lka \u010depele: 7,00 cm<br \/>\nHmotnost: 191,00 g<br \/>\nMateri\u00e1l \u010depele: D2<br \/>\nMateri\u00e1l rukojeti: Hlin\u00edk<br \/>\nOtv\u00edr\u00e1k: Stiskn\u011bte tla\u010d\u00edtko<br \/>\nOtev\u00edrac\u00ed: Automatick\u00fd<br \/>\nTyp z\u00e1mku: OTF<br \/>\nBarva: Modr\u00fd<br \/>\nBarva \u010depele: Nepota\u017een\u00e9<\/p>\n<p><iframe title=\"CobraTec Medium CTK 1\" width=\"800\" height=\"450\" src=\"https:\/\/www.youtube.com\/embed\/fl-Lz9Hgy7o?feature=oembed\" frameborder=\"0\" allow=\"accelerometer; autoplay; clipboard-write; encrypted-media; gyroscope; picture-in-picture\" allowfullscreen><\/iframe><\/p>\n<p>&nbsp;<\/p>\n","protected":false},"excerpt":{"rendered":"<p>Ka\u017ed\u00fd n\u016f\u017e\u00a0<strong>CobraTec\u00ae<\/strong>\u00a0je dod\u00e1v\u00e1n s\u00a0 do\u017eivotn\u00ed z\u00e1rukou.<\/p>\n<p><strong>Doprava zdarma.<\/strong><\/p>\n","protected":false},"featured_media":235703,"comment_status":"open","ping_status":"closed","template":"","meta":[],"pwb-brand":[3241],"product_brand":[],"product_cat":[2019,17],"product_tag":[],"class_list":{"0":"post-235702","1":"product","2":"type-product","3":"status-publish","4":"has-post-thumbnail","6":"pwb-brand-cobratec-2","7":"product_cat-vystrelovaci-noze","8":"product_cat-noze","10":"first","11":"outofstock","12":"taxable","13":"shipping-taxable","14":"purchasable","15":"product-type-simple"},"brands":[{"id":3241,"name":"CobraTec","slug":"cobratec-2"}],"_links":{"self":[{"href":"https:\/\/www.moskito.cz\/de\/wp-json\/wp\/v2\/product\/235702","targetHints":{"allow":["GET"]}}],"collection":[{"href":"https:\/\/www.moskito.cz\/de\/wp-json\/wp\/v2\/product"}],"about":[{"href":"https:\/\/www.moskito.cz\/de\/wp-json\/wp\/v2\/types\/product"}],"replies":[{"embeddable":true,"href":"https:\/\/www.moskito.cz\/de\/wp-json\/wp\/v2\/comments?post=235702"}],"wp:featuredmedia":[{"embeddable":true,"href":"https:\/\/www.moskito.cz\/de\/wp-json\/wp\/v2\/media\/235703"}],"wp:attachment":[{"href":"https:\/\/www.moskito.cz\/de\/wp-json\/wp\/v2\/media?parent=235702"}],"wp:term":[{"taxonomy":"pwb-brand","embeddable":true,"href":"https:\/\/www.moskito.cz\/de\/wp-json\/wp\/v2\/pwb-brand?post=235702"},{"taxonomy":"product_brand","embeddable":true,"href":"https:\/\/www.moskito.cz\/de\/wp-json\/wp\/v2\/product_brand?post=235702"},{"taxonomy":"product_cat","embeddable":true,"href":"https:\/\/www.moskito.cz\/de\/wp-json\/wp\/v2\/product_cat?post=235702"},{"taxonomy":"product_tag","embeddable":true,"href":"https:\/\/www.moskito.cz\/de\/wp-json\/wp\/v2\/product_tag?post=235702"}],"curies":[{"name":"wp","href":"https:\/\/api.w.org\/{rel}","templated":true}]}}