{"id":236842,"date":"2023-01-03T21:47:27","date_gmt":"2023-01-03T20:47:27","guid":{"rendered":"https:\/\/www.moskito.cz\/?post_type=product&#038;p=236842"},"modified":"2025-05-07T10:45:13","modified_gmt":"2025-05-07T09:45:13","slug":"zaviraci-nuz-andre-de-villiers-pitboss-2-s35vn-satin","status":"publish","type":"product","link":"https:\/\/www.moskito.cz\/de\/produkt\/zaviraci-nuz-andre-de-villiers-pitboss-2-s35vn-satin\/","title":{"rendered":"Zav\u00edrac\u00ed N\u016f\u017e Andre De Villiers Pitboss 2 S35VN Satin"},"content":{"rendered":"<p>Zav\u00edrac\u00ed N\u016f\u017e <strong>Andre De Villiers<\/strong> Pitboss 2 S35VN Satin.<\/p>\n<p>Pitboss 2 je p\u0159epracovan\u00fdm designem integr\u00e1ln\u00edho modelu Ronin, ale s tla\u010d\u00edtkem nam\u00edsto z\u00e1mku r\u00e1mu. Jedn\u00e1 se o prvn\u00ed model knofl\u00edkov\u00e9ho z\u00e1mku od ADV a mus\u00edme \u0159\u00edci, \u017ee s t\u00edmto to naprosto trefil. Stisknut\u00edm velk\u00e9ho obd\u00e9ln\u00edkov\u00e9ho tla\u010d\u00edtka \u010depel uvoln\u00edte a pust\u00edte ji voln\u011b zav\u0159enou tak rychle, jak rychle vylet\u00ed. Kapesn\u00ed spona a velk\u00e1 rukoje\u0165 v\u00e1m umo\u017en\u00ed snadno uchopit n\u016f\u017e tak, aby prsty nebyly v dr\u00e1ze \u010depele, tak\u017ee v\u00e1m nikdy nehroz\u00ed \u017e\u00e1dn\u00e9 nebezpe\u010d\u00ed. D\u00edky tomu je hlazen\u00ed Pitboss absolutn\u00ed lah\u016fdkou a ergonomie je fantastick\u00e1 pro st\u0159edn\u011b velk\u00e9 a\u017e velk\u00e9 ruce. Vyzna\u010duje se \u010d\u00e1ste\u010dn\u00fdm titanov\u00fdm backspacerem s integrovan\u00fdm otvorem pro \u0161\u0148\u016frku, pravou titanovou sponou na kapsu a sekund\u00e1rn\u00ed pojistkou, kter\u00e1 zamyk\u00e1 \u010depel v otev\u0159en\u00e9 i zav\u0159en\u00e9 poloze.<\/p>\n<p>Specifikace<br \/>\nD\u00e9lka \u010depele: 11 cm<br \/>\nCelkov\u00e1 d\u00e9lka: 25 cm<br \/>\nMateri\u00e1l \u010depele: CPM-S35VN Nerezov\u00e1 ocel<br \/>\nTlou\u0161\u0165ka \u010depele: 0.44cm<br \/>\nStyl \u010depele: Drop Point<br \/>\nBrou\u0161en\u00ed \u010depel\u00ed: Sm\u011bs<br \/>\nPovrchov\u00e1 \u00faprava \u010depele: sat\u00e9n<br \/>\nMateri\u00e1l rukojeti: Konturovan\u00e1 \u010dern\u00e1 G10 s vn\u011bj\u0161\u00edmi zelen\u00fdmi vlo\u017ekami G10<br \/>\nTlou\u0161\u0165ka rukojeti: 1.57 cm<br \/>\nMateri\u00e1l vlo\u017eky: Titan<br \/>\nUzamykac\u00ed mechanismus: Z\u00e1mek tla\u010d\u00edtka<br \/>\nSestava \u010depu: Lo\u017eiska<br \/>\nKapesn\u00ed spona: Titan (vykl\u00e1p\u011bc\u00ed, prav\u00e9 no\u0161en\u00ed)<br \/>\nHmotnost: 7,62 oz.<br \/>\nDesign\u00e9r: Andre De Villiers<br \/>\nVyrobeno v Ji\u017en\u00ed Africe<\/p>\n","protected":false},"excerpt":{"rendered":"<p>Jsem\u00a0<strong>Andre de Villiers<\/strong>, ADV Tactical. No\u017e\u00ed\u0159 na pln\u00fd \u00favazek od roku 1990. V\u0161echny no\u017ee vyr\u00e1b\u00edm ru\u010dn\u011b SOB Mid-tech. Moje n\u00e1vrhy jsou moje vlastn\u00ed, postaven\u00e9 tak, aby fungovaly, super odoln\u00e9 s extr\u00e9mn\u00ed funkc\u00ed a \u00fa\u010delem. Pou\u017e\u00edv\u00e1m nejlep\u0161\u00ed materi\u00e1ly, kter\u00e9 mohu z\u00edskat, titan, D2, S35vn, N690 a dal\u0161\u00ed.<\/p>\n","protected":false},"featured_media":236843,"comment_status":"open","ping_status":"closed","template":"","meta":[],"pwb-brand":[3211],"product_brand":[],"product_cat":[22,17],"product_tag":[],"class_list":{"0":"post-236842","1":"product","2":"type-product","3":"status-publish","4":"has-post-thumbnail","6":"pwb-brand-andre-de-villiers","7":"product_cat-zaviraci-noze","8":"product_cat-noze","10":"first","11":"outofstock","12":"taxable","13":"shipping-taxable","14":"purchasable","15":"product-type-simple"},"brands":[{"id":3211,"name":"Andre De Villiers","slug":"andre-de-villiers"}],"_links":{"self":[{"href":"https:\/\/www.moskito.cz\/de\/wp-json\/wp\/v2\/product\/236842","targetHints":{"allow":["GET"]}}],"collection":[{"href":"https:\/\/www.moskito.cz\/de\/wp-json\/wp\/v2\/product"}],"about":[{"href":"https:\/\/www.moskito.cz\/de\/wp-json\/wp\/v2\/types\/product"}],"replies":[{"embeddable":true,"href":"https:\/\/www.moskito.cz\/de\/wp-json\/wp\/v2\/comments?post=236842"}],"wp:featuredmedia":[{"embeddable":true,"href":"https:\/\/www.moskito.cz\/de\/wp-json\/wp\/v2\/media\/236843"}],"wp:attachment":[{"href":"https:\/\/www.moskito.cz\/de\/wp-json\/wp\/v2\/media?parent=236842"}],"wp:term":[{"taxonomy":"pwb-brand","embeddable":true,"href":"https:\/\/www.moskito.cz\/de\/wp-json\/wp\/v2\/pwb-brand?post=236842"},{"taxonomy":"product_brand","embeddable":true,"href":"https:\/\/www.moskito.cz\/de\/wp-json\/wp\/v2\/product_brand?post=236842"},{"taxonomy":"product_cat","embeddable":true,"href":"https:\/\/www.moskito.cz\/de\/wp-json\/wp\/v2\/product_cat?post=236842"},{"taxonomy":"product_tag","embeddable":true,"href":"https:\/\/www.moskito.cz\/de\/wp-json\/wp\/v2\/product_tag?post=236842"}],"curies":[{"name":"wp","href":"https:\/\/api.w.org\/{rel}","templated":true}]}}