{"id":238196,"date":"2023-01-24T17:26:53","date_gmt":"2023-01-24T16:26:53","guid":{"rendered":"https:\/\/www.moskito.cz\/?post_type=product&#038;p=238196"},"modified":"2025-05-07T10:45:40","modified_gmt":"2025-05-07T09:45:40","slug":"zaviraci-nuz-rike-knife-aragil-dg","status":"publish","type":"product","link":"https:\/\/www.moskito.cz\/de\/produkt\/zaviraci-nuz-rike-knife-aragil-dg\/","title":{"rendered":"Zav\u00edrac\u00ed N\u016f\u017e Rike Knife Aragil DG"},"content":{"rendered":"<p>Zav\u00edrac\u00ed N\u016f\u017e <strong>Rike Knife<\/strong> Aragil DG.<\/p>\n<p>Aragil je zav\u00edrac\u00ed n\u016f\u017e od Rike Knife, vytvo\u0159en\u00fd ve spolupr\u00e1ci s design\u00e9rem Ivanem Braginetsem. Model m\u00e1 p\u0159\u00edsn\u00e9 klasick\u00e9 tvary a je vyroben z vysoce kvalitn\u00edch materi\u00e1l\u016f. \u010cepel z oceli M390 m\u00e1 vynikaj\u00edc\u00ed \u0159ezn\u00e9 vlastnosti, rukoje\u0165 je vyrobena z titanu s karbonov\u00fdmi vlo\u017ekami.<\/p>\n<p>\u010cepel je vyrobena z M390 &#8211; to je rakousk\u00e1 ocel koncernu BOHLER. Na Rockwellov\u011b stupnici m\u00e1 ukazatel 60-62 HRC. M\u00e1 vynikaj\u00edc\u00ed pevnost \u0159ezn\u00e9 hrany. Slu\u0161\u00ed se v\u0161ak podotknout, \u017ee odvr\u00e1cenou stranou t\u00e9to vlastnosti nen\u00ed \u00fapln\u011b jednoduch\u00e9 ost\u0159en\u00ed.<\/p>\n<p>Rukoje\u0165 je vyrobena z titanu. Titan je materi\u00e1l s vynikaj\u00edc\u00edmi mechanick\u00fdmi vlastnostmi. Je pom\u011brn\u011b pevn\u00fd a tuh\u00fd a m\u00e1 n\u00edzkou hmotnost ve srovn\u00e1n\u00ed s jin\u00fdmi obl\u00edben\u00fdmi kovy pou\u017e\u00edvan\u00fdmi v rukojet\u00edch no\u017e\u016f.<br \/>\nVlastnosti:<\/p>\n<p>D\u00e9lka no\u017ee: 225 mm<br \/>\nD\u00e9lka \u010depele: 95 mm<br \/>\nD\u00e9lka rukojeti: 130 mm<br \/>\nTlou\u0161\u0165ka tupo: 3 mm<br \/>\nMateri\u00e1l \u010depele: M390<br \/>\nMateri\u00e1l rukojeti: Titan\/Carbon<br \/>\nHmotnost: 130 gr<\/p>\n","protected":false},"excerpt":{"rendered":"<p><strong>Rikeknife<\/strong>\u00a0je origin\u00e1ln\u00ed zna\u010dka navr\u017een\u00e1 na\u0161\u00edm zakladatelem Richardem Wu. Je dlouholet\u00fdm nad\u0161encem do no\u017e\u016f, m\u00e1 zku\u0161enosti s mechanick\u00fdm designem a v\u00fdrobou, neust\u00e1le usiluje o dokonalost a detailn\u00ed dokonalost ve v\u0161ech designech no\u017e\u016f vyr\u00e1b\u011bn\u00fdch\u00a0<strong>Rikeknife<\/strong>.<\/p>\n<p><strong>Doprava zdarma.<\/strong><\/p>\n","protected":false},"featured_media":238197,"comment_status":"open","ping_status":"closed","template":"","meta":[],"pwb-brand":[1318],"product_brand":[],"product_cat":[22,17],"product_tag":[],"class_list":{"0":"post-238196","1":"product","2":"type-product","3":"status-publish","4":"has-post-thumbnail","6":"pwb-brand-rike-knife","7":"product_cat-zaviraci-noze","8":"product_cat-noze","10":"first","11":"instock","12":"taxable","13":"shipping-taxable","14":"purchasable","15":"product-type-simple"},"brands":[{"id":1318,"name":"Rike Knife","slug":"rike-knife"}],"_links":{"self":[{"href":"https:\/\/www.moskito.cz\/de\/wp-json\/wp\/v2\/product\/238196","targetHints":{"allow":["GET"]}}],"collection":[{"href":"https:\/\/www.moskito.cz\/de\/wp-json\/wp\/v2\/product"}],"about":[{"href":"https:\/\/www.moskito.cz\/de\/wp-json\/wp\/v2\/types\/product"}],"replies":[{"embeddable":true,"href":"https:\/\/www.moskito.cz\/de\/wp-json\/wp\/v2\/comments?post=238196"}],"wp:featuredmedia":[{"embeddable":true,"href":"https:\/\/www.moskito.cz\/de\/wp-json\/wp\/v2\/media\/238197"}],"wp:attachment":[{"href":"https:\/\/www.moskito.cz\/de\/wp-json\/wp\/v2\/media?parent=238196"}],"wp:term":[{"taxonomy":"pwb-brand","embeddable":true,"href":"https:\/\/www.moskito.cz\/de\/wp-json\/wp\/v2\/pwb-brand?post=238196"},{"taxonomy":"product_brand","embeddable":true,"href":"https:\/\/www.moskito.cz\/de\/wp-json\/wp\/v2\/product_brand?post=238196"},{"taxonomy":"product_cat","embeddable":true,"href":"https:\/\/www.moskito.cz\/de\/wp-json\/wp\/v2\/product_cat?post=238196"},{"taxonomy":"product_tag","embeddable":true,"href":"https:\/\/www.moskito.cz\/de\/wp-json\/wp\/v2\/product_tag?post=238196"}],"curies":[{"name":"wp","href":"https:\/\/api.w.org\/{rel}","templated":true}]}}