{"id":238295,"date":"2023-01-24T22:26:39","date_gmt":"2023-01-24T21:26:39","guid":{"rendered":"https:\/\/www.moskito.cz\/?post_type=product&#038;p=238295"},"modified":"2025-05-07T10:45:43","modified_gmt":"2025-05-07T09:45:43","slug":"zaviraci-nuz-rike-knife-integral-frame-lock-knife-gray-titanium-1707t-p","status":"publish","type":"product","link":"https:\/\/www.moskito.cz\/de\/produkt\/zaviraci-nuz-rike-knife-integral-frame-lock-knife-gray-titanium-1707t-p\/","title":{"rendered":"Zav\u00edrac\u00ed N\u016f\u017e Rike Knife Integral Frame Lock Knife Gray Titanium 1707T-P"},"content":{"rendered":"<p>Zav\u00edrac\u00ed N\u016f\u017e <strong>Rike Knife<\/strong> Integral Frame Lock Knife Gray Titanium 1707T-P<\/p>\n<p>Tato verze 1707T je vybavena \u0161edou titanovou rukojet\u00ed a sat\u00e9novou \u010depel\u00ed tanto. 1707T je podobn\u00fd design jako 1507T, ale s jednod\u00edlnou integr\u00e1ln\u00ed rukojet\u00ed. Tento ultramodern\u00ed design podtrhuje \u0161t\u00edhl\u00e1, \u00fazk\u00e1 rukoje\u0165, kter\u00e1 se pohodln\u011b vejde do ruky nebo kapsy. \u010cepel \u010dist\u011b vyt\u00e9k\u00e1 z rukojeti a je vybavena otv\u00edr\u00e1kem ploutv\u00ed a titanov\u00fdmi kol\u00edky pro palec. Design zavr\u0161uje titanov\u00e1 kapesn\u00ed spona a rozb\u00edje\u010d\/\u00fader na sklo.<\/p>\n<p>Funkce:<br \/>\nOcel Bohler M390 nab\u00edz\u00ed vynikaj\u00edc\u00ed zachov\u00e1n\u00ed hran a odolnost proti korozi.<br \/>\n\u010cep s keramick\u00fdm kuli\u010dkov\u00fdm lo\u017eiskem pro hladk\u00e9 otev\u00edr\u00e1n\u00ed a snadn\u00e9 nasazen\u00ed.<br \/>\nFr\u00e9zovan\u00e1 integr\u00e1ln\u00ed titanov\u00e1 konstrukce poskytuje pevnou a spolehlivou konstrukci.<br \/>\nOcelov\u00e1 vlo\u017eka z\u00e1mku pro ochranu proti p\u0159ejet\u00ed.<br \/>\n\u010c\u00edslo polo\u017eky BHQ-87864<br \/>\nNa\u0161e cena: 435,00 $<br \/>\nVyprod\u00e1no<br \/>\nZkuste m\u00edsto toho Rike Knife (skl\u00e1dac\u00ed)<\/p>\n<p>Specifikace<br \/>\nCelkov\u00e1 d\u00e9lka: 22 cm<br \/>\nD\u00e9lka \u010depele: 9.4 cm<br \/>\nTlou\u0161\u0165ka \u010depele: 0.4 cm<br \/>\nMateri\u00e1l \u010depele: Bohler M390<br \/>\nStyl \u010depele: Tanto<br \/>\nDokon\u010den\u00ed: \u0160ed\u00e1<br \/>\nMateri\u00e1l rukojeti: Titan<br \/>\nBarva: \u010cern\u00e1<br \/>\nHmotnost: 3,91 unce<br \/>\nU\u017eivatel: Prav\u00e1 ruka<br \/>\nKapesn\u00ed klip: Tip-Up<br \/>\nTyp no\u017ee: Manu\u00e1l<br \/>\nOtv\u00edr\u00e1k: Ploutev<br \/>\nTyp z\u00e1mku: Z\u00e1mek r\u00e1mu<\/p>\n<p>&nbsp;<\/p>\n","protected":false},"excerpt":{"rendered":"<div class=\"elementor-element elementor-element-bbb542b elementor-widget elementor-widget-woocommerce-product-short-description\" data-id=\"bbb542b\" data-element_type=\"widget\" data-widget_type=\"woocommerce-product-short-description.default\">\n<div class=\"elementor-widget-container\">\n<div class=\"woocommerce-product-details__short-description\">\n<p><strong>Rikeknife<\/strong>\u00a0je origin\u00e1ln\u00ed zna\u010dka navr\u017een\u00e1 na\u0161\u00edm zakladatelem Richardem Wu. Je dlouholet\u00fdm nad\u0161encem do no\u017e\u016f, m\u00e1 zku\u0161enosti s mechanick\u00fdm designem a v\u00fdrobou, neust\u00e1le usiluje o dokonalost a detailn\u00ed dokonalost ve v\u0161ech designech no\u017e\u016f vyr\u00e1b\u011bn\u00fdch\u00a0<strong>Rikeknife<\/strong>.<\/p>\n<p><strong>Doprava zdarma.<\/strong><\/p>\n<\/div>\n<\/div>\n<\/div>\n<section class=\"elementor-section elementor-inner-section elementor-element elementor-element-ee51d4b elementor-section-boxed elementor-section-height-default elementor-section-height-default\" data-particle_enable=\"false\" data-particle-mobile-disabled=\"false\" data-id=\"ee51d4b\" data-element_type=\"section\">\n<div class=\"elementor-container elementor-column-gap-no\">\n<div class=\"elementor-column elementor-col-50 elementor-inner-column elementor-element elementor-element-2fbed19\" data-id=\"2fbed19\" data-element_type=\"column\">\n<div class=\"elementor-widget-wrap elementor-element-populated\">\n<div class=\"elementor-element elementor-element-0450112 elementor-widget elementor-widget-heading\" data-id=\"0450112\" data-element_type=\"widget\" data-widget_type=\"heading.default\">\n<div class=\"elementor-widget-container\"><\/div>\n<\/div>\n<\/div>\n<\/div>\n<\/div>\n<\/section>\n<div class=\"elementor-element elementor-element-0b6b324 elementor-woo-meta--view-stacked elementor-widget elementor-widget-woocommerce-product-meta\" data-id=\"0b6b324\" data-element_type=\"widget\" data-widget_type=\"woocommerce-product-meta.default\">\n<div class=\"elementor-widget-container\">\n<div class=\"product_meta\">\n<div class=\"pwb-single-product-brands pwb-clearfix\"><\/div>\n<\/div>\n<\/div>\n<\/div>\n","protected":false},"featured_media":238296,"comment_status":"open","ping_status":"closed","template":"","meta":[],"pwb-brand":[1318],"product_brand":[],"product_cat":[22,17],"product_tag":[],"class_list":{"0":"post-238295","1":"product","2":"type-product","3":"status-publish","4":"has-post-thumbnail","6":"pwb-brand-rike-knife","7":"product_cat-zaviraci-noze","8":"product_cat-noze","10":"first","11":"instock","12":"taxable","13":"shipping-taxable","14":"purchasable","15":"product-type-simple"},"brands":[{"id":1318,"name":"Rike Knife","slug":"rike-knife"}],"_links":{"self":[{"href":"https:\/\/www.moskito.cz\/de\/wp-json\/wp\/v2\/product\/238295","targetHints":{"allow":["GET"]}}],"collection":[{"href":"https:\/\/www.moskito.cz\/de\/wp-json\/wp\/v2\/product"}],"about":[{"href":"https:\/\/www.moskito.cz\/de\/wp-json\/wp\/v2\/types\/product"}],"replies":[{"embeddable":true,"href":"https:\/\/www.moskito.cz\/de\/wp-json\/wp\/v2\/comments?post=238295"}],"wp:featuredmedia":[{"embeddable":true,"href":"https:\/\/www.moskito.cz\/de\/wp-json\/wp\/v2\/media\/238296"}],"wp:attachment":[{"href":"https:\/\/www.moskito.cz\/de\/wp-json\/wp\/v2\/media?parent=238295"}],"wp:term":[{"taxonomy":"pwb-brand","embeddable":true,"href":"https:\/\/www.moskito.cz\/de\/wp-json\/wp\/v2\/pwb-brand?post=238295"},{"taxonomy":"product_brand","embeddable":true,"href":"https:\/\/www.moskito.cz\/de\/wp-json\/wp\/v2\/product_brand?post=238295"},{"taxonomy":"product_cat","embeddable":true,"href":"https:\/\/www.moskito.cz\/de\/wp-json\/wp\/v2\/product_cat?post=238295"},{"taxonomy":"product_tag","embeddable":true,"href":"https:\/\/www.moskito.cz\/de\/wp-json\/wp\/v2\/product_tag?post=238295"}],"curies":[{"name":"wp","href":"https:\/\/api.w.org\/{rel}","templated":true}]}}