{"id":238345,"date":"2023-01-25T20:57:01","date_gmt":"2023-01-25T19:57:01","guid":{"rendered":"https:\/\/www.moskito.cz\/?post_type=product&#038;p=238345"},"modified":"2025-05-07T10:45:46","modified_gmt":"2025-05-07T09:45:46","slug":"zaviraci-nuz-rike-knife-flipper-knife-tulay-bog","status":"publish","type":"product","link":"https:\/\/www.moskito.cz\/de\/produkt\/zaviraci-nuz-rike-knife-flipper-knife-tulay-bog\/","title":{"rendered":"Zav\u00edrac\u00ed N\u016f\u017e Rike Knife Flipper Knife Tulay BOG"},"content":{"rendered":"<p>Zav\u00edrac\u00ed N\u016f\u017e <strong>Rike Knife<\/strong> Flipper Knife Tulay BOG.<\/p>\n<p>Rike Knife je na dobr\u00e9 cest\u011b st\u00e1t se jednou z p\u0159edn\u00edch v\u00fdrobn\u00edch spole\u010dnost\u00ed vysoce kvalitn\u00edch taktick\u00fdch zav\u00edrac\u00edch no\u017e\u016f za vynikaj\u00edc\u00ed cenu. Jejich no\u017ee jsou vyr\u00e1b\u011bny, montov\u00e1ny a kontrolov\u00e1na kvalita v \u010c\u00edn\u011b \u2013 ale to z nich v \u017e\u00e1dn\u00e9m p\u0159\u00edpad\u011b ned\u011bl\u00e1 va\u0161e levn\u00e9 no\u017ee na \u010derpac\u00ed stanici. Jsou vyrobeny se stejnou pe\u010dlivou p\u00e9\u010d\u00ed a n\u00e1ro\u010dn\u00fdmi standardy jako Reate Knives a to je velmi, velmi vysok\u00e1 chv\u00e1la. Zde v KnifeCenter c\u00edt\u00edme, \u017ee no\u017ee Rike v\u00e1m poskytuj\u00ed vysoce hodnotn\u00fd faktor s vysok\u00fdm po\u017eitkem, kter\u00fd hled\u00e1te, a \u017ee by byly skv\u011blou volbou za va\u0161e t\u011b\u017ece vyd\u011blan\u00e9 pen\u00edze.<\/p>\n<p>Tulay je \u00fa\u017easn\u00fd kus techniky, kter\u00fd v\u00e1m r\u00e1di p\u0159edstav\u00edme jako v\u00e1\u0161 dal\u0161\u00ed n\u00e1kup no\u017ee. Jeho velikost a tvar mu umo\u017e\u0148uj\u00ed poslu\u0161n\u011b fungovat jako taktick\u00e1 \u010depel, zat\u00edmco hladk\u00e1 akce a ultralehk\u00e1 povaha z n\u011bj \u010din\u00ed snadn\u00e9 p\u0159en\u00e1\u0161en\u00ed pro EDC. A pak je tu kvalita proveden\u00ed. Toto je prvn\u00ed integr\u00e1ln\u00ed design G10, kter\u00fd zn\u00e1me, a je naprosto dokonale proveden. Mechanismus z\u00e1mku vlo\u017eky poskytuje sk\u00e1lopevn\u00e9 uzam\u010den\u00ed a t\u00e9m\u011b\u0159 nic nep\u0159id\u00e1v\u00e1 na hmotnosti. Je to tak\u00e9 p\u016fsobiv\u011b velk\u00fd n\u016f\u017e, celkov\u011b m\u011b\u0159\u00ed 8,625&#8243; s 3,625&#8243; \u010depel\u00ed, kter\u00e1 m\u00e1 ve skute\u010dnosti 3,75&#8243; ost\u0159\u00ed. P\u0159idejte sponu do hlubok\u00e9 kapsy, o kter\u00e9 se domn\u00edv\u00e1me, \u017ee nen\u00ed vratn\u00e1, a m\u00e1te n\u016f\u017e, kter\u00fd zas\u00e1hne v\u0161echny zn\u00e1mky a ve v\u011bt\u0161in\u011b p\u0159\u00edpad\u016f je dokonce p\u0159ekra\u010duje.<\/p>\n<p>Specifikace<br \/>\nD\u00e9lka \u010depele: 3,75&#8243; (95,25 mm)<br \/>\n\u0158ezn\u00e1 hrana: 3,75&#8243; (95,25 mm)<br \/>\nD\u00e9lka v zav\u0159en\u00e9m stavu: 5,00&#8243; (127,00 mm)<br \/>\nCelkov\u00e1 d\u00e9lka: 8,75&#8243; (222,25 mm)<br \/>\nTlou\u0161\u0165ka \u010depele: 0,117&#8243; (3,00 mm)<br \/>\nMateri\u00e1l \u010depele: 154CM nerezov\u00e1 ocel<br \/>\nStyl \u010depele: Drop Point<br \/>\nBrou\u0161en\u00ed \u010depele: Ploch\u00e9<br \/>\nPovrchov\u00e1 \u00faprava \u010depele: Bead Blast<br \/>\nMateri\u00e1l rukojeti: Integral Milled Black G10 s vn\u011bj\u0161\u00edmi zelen\u00fdmi vlo\u017ekami G10<br \/>\nTlou\u0161\u0165ka rukojeti: 0,555&#8243; (14,10 mm)<br \/>\nMateri\u00e1l vlo\u017eky: Nerezov\u00e1 ocel<br \/>\nUzamykac\u00ed mechanismus: Inset Liner Lock<br \/>\nSestava \u010depu: Lo\u017eiska<br \/>\nKapesn\u00ed klip: Nerezov\u00e1 ocel s hlubok\u00fdm p\u0159enosem (vykl\u00e1p\u011bc\u00ed, prav\u00e9 p\u0159en\u00e1\u0161en\u00ed)<br \/>\nHmotnost: 3,12 oz. (94 g)<\/p>\n","protected":false},"excerpt":{"rendered":"<p><strong>Rikeknife<\/strong>\u00a0je origin\u00e1ln\u00ed zna\u010dka navr\u017een\u00e1 na\u0161\u00edm zakladatelem Richardem Wu. Je dlouholet\u00fdm nad\u0161encem do no\u017e\u016f, m\u00e1 zku\u0161enosti s mechanick\u00fdm designem a v\u00fdrobou, neust\u00e1le usiluje o dokonalost a detailn\u00ed dokonalost ve v\u0161ech designech no\u017e\u016f vyr\u00e1b\u011bn\u00fdch\u00a0<strong>Rikeknife<\/strong>.<\/p>\n<p><strong>Doprava zdarma.<\/strong><\/p>\n","protected":false},"featured_media":238346,"comment_status":"open","ping_status":"closed","template":"","meta":[],"pwb-brand":[1318],"product_brand":[],"product_cat":[22,17],"product_tag":[],"class_list":{"0":"post-238345","1":"product","2":"type-product","3":"status-publish","4":"has-post-thumbnail","6":"pwb-brand-rike-knife","7":"product_cat-zaviraci-noze","8":"product_cat-noze","10":"first","11":"instock","12":"taxable","13":"shipping-taxable","14":"purchasable","15":"product-type-simple"},"brands":[{"id":1318,"name":"Rike Knife","slug":"rike-knife"}],"_links":{"self":[{"href":"https:\/\/www.moskito.cz\/de\/wp-json\/wp\/v2\/product\/238345","targetHints":{"allow":["GET"]}}],"collection":[{"href":"https:\/\/www.moskito.cz\/de\/wp-json\/wp\/v2\/product"}],"about":[{"href":"https:\/\/www.moskito.cz\/de\/wp-json\/wp\/v2\/types\/product"}],"replies":[{"embeddable":true,"href":"https:\/\/www.moskito.cz\/de\/wp-json\/wp\/v2\/comments?post=238345"}],"wp:featuredmedia":[{"embeddable":true,"href":"https:\/\/www.moskito.cz\/de\/wp-json\/wp\/v2\/media\/238346"}],"wp:attachment":[{"href":"https:\/\/www.moskito.cz\/de\/wp-json\/wp\/v2\/media?parent=238345"}],"wp:term":[{"taxonomy":"pwb-brand","embeddable":true,"href":"https:\/\/www.moskito.cz\/de\/wp-json\/wp\/v2\/pwb-brand?post=238345"},{"taxonomy":"product_brand","embeddable":true,"href":"https:\/\/www.moskito.cz\/de\/wp-json\/wp\/v2\/product_brand?post=238345"},{"taxonomy":"product_cat","embeddable":true,"href":"https:\/\/www.moskito.cz\/de\/wp-json\/wp\/v2\/product_cat?post=238345"},{"taxonomy":"product_tag","embeddable":true,"href":"https:\/\/www.moskito.cz\/de\/wp-json\/wp\/v2\/product_tag?post=238345"}],"curies":[{"name":"wp","href":"https:\/\/api.w.org\/{rel}","templated":true}]}}