{"id":238991,"date":"2023-01-31T22:43:01","date_gmt":"2023-01-31T21:43:01","guid":{"rendered":"https:\/\/www.moskito.cz\/?post_type=product&#038;p=238991"},"modified":"2025-05-07T10:45:59","modified_gmt":"2025-05-07T09:45:59","slug":"vystrelovaci-nuz-a-g-a-campolin-akc-x-treme-dandy-bs","status":"publish","type":"product","link":"https:\/\/www.moskito.cz\/de\/produkt\/vystrelovaci-nuz-a-g-a-campolin-akc-x-treme-dandy-bs\/","title":{"rendered":"Vyst\u0159elovac\u00ed N\u016f\u017e A.G.A. CAMPOLIN AKC X-TREME DANDY-BS"},"content":{"rendered":"<p>Vyst\u0159elovac\u00ed N\u016f\u017e <strong>A.G.A. CAMPOLIN<\/strong> AKC X-TREME DANDY-BS<\/p>\n<p><strong>AKC X-TREME<\/strong> vyroben\u00e9 z modern\u00edch materi\u00e1l\u016f a agresivn\u00edho italsk\u00e9ho designu zv\u00fd\u0161ily standard jejich automatick\u00e9 v\u00fdroby vyst\u0159elovac\u00edch \u010depel\u00ed. Nov\u00fd &#8222;DANDY&#8220; navr\u017een\u00fd Bericem pro AKC Xtreme znamen\u00e1 n\u011bco vynikaj\u00edc\u00edho a prvot\u0159\u00eddn\u00edho a je to tak. Db\u00e1 na detaily a je to lehk\u00fd elegantn\u00ed EDC n\u016f\u017e. Vyzna\u010duje se lehkou a ergonomickou rukojet\u00ed z \u010dern\u00e9ho eloxovan\u00e9ho leteck\u00e9ho hlin\u00edku 6061 s titanovou sponou na kapsu. \u010cepel je vyrobena z oceli D2 s povrchovou \u00fapravou Stone Wash. Velmi dobr\u00e1 ocel zn\u00e1m\u00e1 pro svou vynikaj\u00edc\u00ed odolnost proti opot\u0159eben\u00ed s tvrdost\u00ed 60-61 HRC. Jedn\u00e1 se o polonerezovou ocel kv\u016fli vysok\u00e9 koncentraci chr\u00f3mu (12%), proto pros\u00edm neudr\u017eujte sv\u00e9 no\u017ee z oceli D2 \u0161pinav\u00e9 a mokr\u00e9 &#8211; zreziv\u00ed, pokud je nebudete po pou\u017eit\u00ed pravideln\u011b \u010distit. Dandy je prost\u011b perfektn\u00ed n\u016f\u017e pro ka\u017edodenn\u00ed pou\u017eit\u00ed a je dod\u00e1v\u00e1n s p\u011bknou kartonovou krabic\u00ed.<\/p>\n<p>Celkov\u00e1 d\u00e9lka: 19,5 cm &#8211; 7,6 &#8220;<br \/>\nD\u00e9lka \u010depele: 8 cm &#8211; 3,1 &#8220;<br \/>\nHmotnost: 80 g &#8211; 2,8 oz<br \/>\nMateri\u00e1l \u010depele: ocel D2<br \/>\nMateri\u00e1l rukojeti: hlin\u00edk<\/p>\n<p><iframe title=\"NEW KNIFE: AKC X-treme DANDY\" width=\"800\" height=\"450\" src=\"https:\/\/www.youtube.com\/embed\/qVwp6xzycmg?feature=oembed\" frameborder=\"0\" allow=\"accelerometer; autoplay; clipboard-write; encrypted-media; gyroscope; picture-in-picture; web-share\" allowfullscreen><\/iframe><\/p>\n<p>&nbsp;<\/p>\n","protected":false},"excerpt":{"rendered":"<p><strong>AKC ITALY m\u00e1 zbrusu novou \u0159adu no\u017e\u016f!!!<\/strong><\/p>\n","protected":false},"featured_media":238992,"comment_status":"open","ping_status":"closed","template":"","meta":[],"pwb-brand":[3245],"product_brand":[],"product_cat":[2019,17],"product_tag":[],"class_list":{"0":"post-238991","1":"product","2":"type-product","3":"status-publish","4":"has-post-thumbnail","6":"pwb-brand-a-g-a-campolin","7":"product_cat-vystrelovaci-noze","8":"product_cat-noze","10":"first","11":"instock","12":"taxable","13":"shipping-taxable","14":"purchasable","15":"product-type-simple"},"brands":[{"id":3245,"name":"A.G.A. CAMPOLIN","slug":"a-g-a-campolin"}],"_links":{"self":[{"href":"https:\/\/www.moskito.cz\/de\/wp-json\/wp\/v2\/product\/238991","targetHints":{"allow":["GET"]}}],"collection":[{"href":"https:\/\/www.moskito.cz\/de\/wp-json\/wp\/v2\/product"}],"about":[{"href":"https:\/\/www.moskito.cz\/de\/wp-json\/wp\/v2\/types\/product"}],"replies":[{"embeddable":true,"href":"https:\/\/www.moskito.cz\/de\/wp-json\/wp\/v2\/comments?post=238991"}],"wp:featuredmedia":[{"embeddable":true,"href":"https:\/\/www.moskito.cz\/de\/wp-json\/wp\/v2\/media\/238992"}],"wp:attachment":[{"href":"https:\/\/www.moskito.cz\/de\/wp-json\/wp\/v2\/media?parent=238991"}],"wp:term":[{"taxonomy":"pwb-brand","embeddable":true,"href":"https:\/\/www.moskito.cz\/de\/wp-json\/wp\/v2\/pwb-brand?post=238991"},{"taxonomy":"product_brand","embeddable":true,"href":"https:\/\/www.moskito.cz\/de\/wp-json\/wp\/v2\/product_brand?post=238991"},{"taxonomy":"product_cat","embeddable":true,"href":"https:\/\/www.moskito.cz\/de\/wp-json\/wp\/v2\/product_cat?post=238991"},{"taxonomy":"product_tag","embeddable":true,"href":"https:\/\/www.moskito.cz\/de\/wp-json\/wp\/v2\/product_tag?post=238991"}],"curies":[{"name":"wp","href":"https:\/\/api.w.org\/{rel}","templated":true}]}}