{"id":239535,"date":"2023-02-13T21:20:31","date_gmt":"2023-02-13T20:20:31","guid":{"rendered":"https:\/\/www.moskito.cz\/?post_type=product&#038;p=239535"},"modified":"2025-05-07T10:46:03","modified_gmt":"2025-05-07T09:46:03","slug":"vystrelovaci-nuz-a-g-a-campolin-akc-f-20-otf-6","status":"publish","type":"product","link":"https:\/\/www.moskito.cz\/de\/produkt\/vystrelovaci-nuz-a-g-a-campolin-akc-f-20-otf-6\/","title":{"rendered":"Vyst\u0159elovac\u00ed N\u016f\u017e A.G.A. CAMPOLIN AKC F-20 OTF"},"content":{"rendered":"<p>Vyst\u0159elovac\u00ed N\u016f\u017e A.G.A. CAMPOLIN AKC F-20 OTF<\/p>\n<p>AKC F-20 OTF Dagger je vysoce kvalitn\u00ed automatick\u00fd vyst\u0159elovac\u00ed n\u016f\u017e vyr\u00e1b\u011bn\u00fd italskou spole\u010dnost\u00ed AKC. Jedn\u00e1 se o v\u011bt\u0161\u00ed a ergonomi\u010dt\u011bj\u0161\u00ed variantu sv\u00e9ho p\u0159edch\u016fdce F-16. Zde je shrnut\u00ed jeho kl\u00ed\u010dov\u00fdch vlastnost\u00ed:<br \/>\nKl\u00ed\u010dov\u00e9 vlastnosti:<\/p>\n<p>Ergonomick\u00fd design:<br \/>\nRukoje\u0165 vyroben\u00e1 z odoln\u00e9ho hlin\u00edku s vlo\u017ekami z imitace karbonov\u00e9ho vl\u00e1kna pro bezpe\u010dn\u00e9 uchopen\u00ed.<br \/>\nDel\u0161\u00ed rukoje\u0165 poskytuje lep\u0161\u00ed ovladatelnost ve srovn\u00e1n\u00ed s modelem F-16.<\/p>\n<p>Specifikace \u010depele:<br \/>\n\u010cepel z nerezov\u00e9 oceli 440A, kter\u00e1 je zn\u00e1m\u00e1 svou odolnost\u00ed proti korozi a snadn\u00fdm brou\u0161en\u00edm.<br \/>\nOstr\u00e1 \u010depel typu d\u00fdka s povrchovou \u00fapravou v sat\u00e9nov\u00e9m lesku a precizn\u00edm v\u00fdbrusem.<\/p>\n<p>Mechanismus:<br \/>\nSiln\u00fd a spolehliv\u00fd OTF (out-the-front) automatick\u00fd mechanismus s minim\u00e1ln\u00ed v\u016fl\u00ed \u010depele.<br \/>\nOdoln\u00fd a navr\u017een\u00fd pro dlouhodob\u00e9 pou\u017e\u00edv\u00e1n\u00ed.<\/p>\n<p>Specifikace:<br \/>\nCelkov\u00e1 d\u00e9lka: 21,3 cm.<br \/>\nD\u00e9lka \u010depele: 9,3 cm.<br \/>\nHmotnost: 105 g.<\/p>\n<p>Pom\u011br cena\/kvalita:<br \/>\nSpojuje precizn\u00ed zpracov\u00e1n\u00ed s dostupnou cenou, co\u017e z n\u011bj \u010din\u00ed v\u00fdhodnou investici.<\/p>\n<p>Shrnut\u00ed:<\/p>\n<p>Model F-20 je v\u0161estrann\u00fd a odoln\u00fd n\u016f\u017e, ide\u00e1ln\u00ed pro nad\u0161ence i sb\u011bratele. D\u00edky ergonomick\u00e9mu designu, pevn\u00e9 konstrukci a ostr\u00e9 \u010depeli je atraktivn\u00ed volbou. A\u0165 u\u017e hled\u00e1te spolehlivost, estetiku nebo funk\u010dnost, tento n\u016f\u017e spln\u00ed va\u0161e o\u010dek\u00e1v\u00e1n\u00ed.<\/p>\n<p>&nbsp;<\/p>\n<p><iframe title=\"New AKC OTF Knife - F20\" width=\"800\" height=\"450\" src=\"https:\/\/www.youtube.com\/embed\/5B4Dze8kC6o?feature=oembed\" frameborder=\"0\" allow=\"accelerometer; autoplay; clipboard-write; encrypted-media; gyroscope; picture-in-picture; web-share\" referrerpolicy=\"strict-origin-when-cross-origin\" allowfullscreen><\/iframe><\/p>\n<p>&nbsp;<\/p>\n","protected":false},"excerpt":{"rendered":"<p><strong>Model F-20 je v\u0161estrann\u00fd a odoln\u00fd n\u016f\u017e, ide\u00e1ln\u00ed pro nad\u0161ence i sb\u011bratele. D\u00edky ergonomick\u00e9mu designu, pevn\u00e9 konstrukci a ostr\u00e9 \u010depeli je atraktivn\u00ed volbou. A\u0165 u\u017e hled\u00e1te spolehlivost, estetiku nebo funk\u010dnost, tento n\u016f\u017e spln\u00ed va\u0161e o\u010dek\u00e1v\u00e1n\u00ed.<\/strong><\/p>\n","protected":false},"featured_media":239536,"comment_status":"open","ping_status":"closed","template":"","meta":[],"pwb-brand":[3245],"product_brand":[],"product_cat":[2019,17],"product_tag":[],"class_list":{"0":"post-239535","1":"product","2":"type-product","3":"status-publish","4":"has-post-thumbnail","6":"pwb-brand-a-g-a-campolin","7":"product_cat-vystrelovaci-noze","8":"product_cat-noze","10":"first","11":"outofstock","12":"taxable","13":"shipping-taxable","14":"purchasable","15":"product-type-simple"},"brands":[{"id":3245,"name":"A.G.A. CAMPOLIN","slug":"a-g-a-campolin"}],"_links":{"self":[{"href":"https:\/\/www.moskito.cz\/de\/wp-json\/wp\/v2\/product\/239535","targetHints":{"allow":["GET"]}}],"collection":[{"href":"https:\/\/www.moskito.cz\/de\/wp-json\/wp\/v2\/product"}],"about":[{"href":"https:\/\/www.moskito.cz\/de\/wp-json\/wp\/v2\/types\/product"}],"replies":[{"embeddable":true,"href":"https:\/\/www.moskito.cz\/de\/wp-json\/wp\/v2\/comments?post=239535"}],"wp:featuredmedia":[{"embeddable":true,"href":"https:\/\/www.moskito.cz\/de\/wp-json\/wp\/v2\/media\/239536"}],"wp:attachment":[{"href":"https:\/\/www.moskito.cz\/de\/wp-json\/wp\/v2\/media?parent=239535"}],"wp:term":[{"taxonomy":"pwb-brand","embeddable":true,"href":"https:\/\/www.moskito.cz\/de\/wp-json\/wp\/v2\/pwb-brand?post=239535"},{"taxonomy":"product_brand","embeddable":true,"href":"https:\/\/www.moskito.cz\/de\/wp-json\/wp\/v2\/product_brand?post=239535"},{"taxonomy":"product_cat","embeddable":true,"href":"https:\/\/www.moskito.cz\/de\/wp-json\/wp\/v2\/product_cat?post=239535"},{"taxonomy":"product_tag","embeddable":true,"href":"https:\/\/www.moskito.cz\/de\/wp-json\/wp\/v2\/product_tag?post=239535"}],"curies":[{"name":"wp","href":"https:\/\/api.w.org\/{rel}","templated":true}]}}