{"id":240782,"date":"2023-02-25T09:57:47","date_gmt":"2023-02-25T08:57:47","guid":{"rendered":"https:\/\/www.moskito.cz\/?post_type=product&#038;p=240782"},"modified":"2025-05-07T10:46:45","modified_gmt":"2025-05-07T09:46:45","slug":"vystrelovaci-nuz-microtech-dirac-delta-olive-camo-signature-series-227-1ocs","status":"publish","type":"product","link":"https:\/\/www.moskito.cz\/de\/produkt\/vystrelovaci-nuz-microtech-dirac-delta-olive-camo-signature-series-227-1ocs\/","title":{"rendered":"Vyst\u0159elovac\u00ed N\u016f\u017e Microtech Dirac Delta Olive Camo Signature Series 227-1OCS"},"content":{"rendered":"<p>Vyst\u0159elovac\u00ed N\u016f\u017e <strong>Microtech Dirac Delta<\/strong> Olive Camo Signature Series 227-1OCS<\/p>\n<p>Zcela nov\u00fd Dirac od Microtech je prvn\u00edm dvou\u010dinn\u00fdm no\u017eem v \u0159ad\u011b s krytem vyst\u0159eluj\u00edc\u00edm posuvn\u00edkem. Nov\u00e9 ergonomick\u00e9 \u0161asi bylo navr\u017eeno se zak\u0159iven\u00fdmi liniemi podobn\u00fdmi HALO pro trochu jin\u00fd pocit ve srovn\u00e1n\u00ed s jin\u00fdmi rukoje\u0165mi, kter\u00e9 Microtech vyr\u00e1b\u00ed. Design byl zkoum\u00e1n pro tento konkr\u00e9tn\u00ed O.T.F. a pot\u00e9 pov\u00fd\u0161en na novou \u00farove\u0148 pou\u017eit\u00edm typick\u00fdch ultra vysok\u00fdch toleranc\u00ed spole\u010dnosti Microtech. Bal\u00ed\u010dek dopl\u0148uj\u00ed dal\u0161\u00ed v\u011bci, jako je propriet\u00e1rn\u00ed hardware, inovativn\u00ed vnit\u0159n\u00ed mechanismus a rozb\u00edje\u010d skla. Dirac Delta s celkovou d\u00e9lkou 9,4 palce je Dirac robustn\u011bj\u0161\u00ed velikosti pro je\u0161t\u011b v\u011bt\u0161\u00ed funk\u010dnost ne\u017e jeho brat\u0159\u00ed\u010dek.<\/p>\n<p>Tento model z limitovan\u00e9 edice signaturn\u00ed s\u00e9rie obsahuje hlin\u00edkovou rukoje\u0165 s povrchovou \u00fapravou Olive Camo Cerakote. \u010cepel d\u00fdky s dvojit\u00fdm ost\u0159\u00edm M390 s povrchovou \u00fapravou Olive Camo Cerakote. Hardware s povrchovou \u00fapravou OD Green, kapesn\u00ed spona a hrot rozb\u00edje\u010de skla. Kapesn\u00ed spona m\u00e1 logo Microtech Claw, logo Signature Series, s\u00e9riov\u00e9 \u010d\u00edslo a datum v\u00fdroby.<\/p>\n<p>Zem\u011b p\u016fvodu: USA<br \/>\nMateri\u00e1l rukojeti: Hlin\u00edk<br \/>\nMateri\u00e1l \u010depele: M390<br \/>\nStyl \u010depele: D\u00fdka s dvojit\u00fdm ost\u0159\u00edm<br \/>\nPovrchov\u00e1 \u00faprava \u010depele: Olivov\u00e1 Camo<br \/>\nTyp okraje: Standard<br \/>\nModel\/Vzor: Dirac Delta<br \/>\nTyp no\u017ee: Dvoj\u010dinn\u00e9 automatick\u00e9 OTF<br \/>\nTyp z\u00e1mku: V p\u0159edu<br \/>\nD\u00e9lka \u010depele: 9.4 cm<br \/>\nCelkov\u00e1 d\u00e9lka: 23 cm<\/p>\n","protected":false},"excerpt":{"rendered":"<p>V pr\u016fb\u011bhu let\u00a0<strong>Microtech\u00ae<\/strong>\u00a0Knives naplnil v\u00e1\u0161n\u00ed a dovednost\u00ed v\u00fdrobu no\u017e\u016f, a\u017e z nich vytvo\u0159il t\u00e9m\u011b\u0159 um\u011bleck\u00e1 d\u00edla,kter\u00e9 jsou vrcholem funk\u010dnosti.V\u0161echny d\u00edly jsou vyrodeny v USA.<br \/>\n<strong>Na v\u0161echny no\u017ee Microtech je do\u017eivotn\u00ed z\u00e1ruka ( min. 80 000 cykl\u016f, otev\u0159en\u00ed a zav\u0159en\u00ed)<\/strong><\/p>\n<p><strong>Doprava zdarma.<\/strong><\/p>\n","protected":false},"featured_media":240783,"comment_status":"open","ping_status":"closed","template":"","meta":[],"pwb-brand":[431],"product_brand":[],"product_cat":[2019,17],"product_tag":[3667],"class_list":{"0":"post-240782","1":"product","2":"type-product","3":"status-publish","4":"has-post-thumbnail","6":"pwb-brand-microtech","7":"product_cat-vystrelovaci-noze","8":"product_cat-noze","9":"product_tag-b2b","11":"first","12":"outofstock","13":"taxable","14":"shipping-taxable","15":"purchasable","16":"product-type-simple"},"brands":[{"id":431,"name":"Microtech","slug":"microtech"}],"_links":{"self":[{"href":"https:\/\/www.moskito.cz\/de\/wp-json\/wp\/v2\/product\/240782","targetHints":{"allow":["GET"]}}],"collection":[{"href":"https:\/\/www.moskito.cz\/de\/wp-json\/wp\/v2\/product"}],"about":[{"href":"https:\/\/www.moskito.cz\/de\/wp-json\/wp\/v2\/types\/product"}],"replies":[{"embeddable":true,"href":"https:\/\/www.moskito.cz\/de\/wp-json\/wp\/v2\/comments?post=240782"}],"wp:featuredmedia":[{"embeddable":true,"href":"https:\/\/www.moskito.cz\/de\/wp-json\/wp\/v2\/media\/240783"}],"wp:attachment":[{"href":"https:\/\/www.moskito.cz\/de\/wp-json\/wp\/v2\/media?parent=240782"}],"wp:term":[{"taxonomy":"pwb-brand","embeddable":true,"href":"https:\/\/www.moskito.cz\/de\/wp-json\/wp\/v2\/pwb-brand?post=240782"},{"taxonomy":"product_brand","embeddable":true,"href":"https:\/\/www.moskito.cz\/de\/wp-json\/wp\/v2\/product_brand?post=240782"},{"taxonomy":"product_cat","embeddable":true,"href":"https:\/\/www.moskito.cz\/de\/wp-json\/wp\/v2\/product_cat?post=240782"},{"taxonomy":"product_tag","embeddable":true,"href":"https:\/\/www.moskito.cz\/de\/wp-json\/wp\/v2\/product_tag?post=240782"}],"curies":[{"name":"wp","href":"https:\/\/api.w.org\/{rel}","templated":true}]}}