{"id":241000,"date":"2023-02-25T19:48:01","date_gmt":"2023-02-25T18:48:01","guid":{"rendered":"https:\/\/www.moskito.cz\/?post_type=product&#038;p=241000"},"modified":"2025-05-07T10:46:48","modified_gmt":"2025-05-07T09:46:48","slug":"zaviraci-nuz-maxace-albatross-carbon-fiber-malb01","status":"publish","type":"product","link":"https:\/\/www.moskito.cz\/de\/produkt\/zaviraci-nuz-maxace-albatross-carbon-fiber-malb01\/","title":{"rendered":"Zav\u00edrac\u00ed N\u016f\u017e Maxace Albatross Carbon Fiber MALB01"},"content":{"rendered":"<p>Zav\u00edrac\u00ed N\u016f\u017e <strong>Maxace<\/strong> Albatross Carbon Fiber MALB01<\/p>\n<p><strong>Albatross<\/strong> je EDC kapesn\u00ed n\u016f\u017e od Maxace pojmenovan\u00fd po slavn\u00e9m mo\u0159sk\u00e9m pt\u00e1ku. Vyrobeno z odoln\u00fdch a spolehliv\u00fdch materi\u00e1l\u016f. \u010cepel m\u00e1 profil Clip-Point a je vyrobena z pr\u00e9miov\u00e9 oceli M390. Mechanismus z\u00e1mku \u010depele &#8211; Slip-Joint. Rukoje\u0165 je titanov\u00e1 s p\u0159ekryvy z mramorov\u00e9ho karbonu, spolehliv\u00e1 a ergonomick\u00e1. Nechyb\u00ed klip, n\u016f\u017e je vybaven pouze otvorem na \u0161\u0148\u016frku v zadn\u00ed \u010d\u00e1sti rukojeti.<\/p>\n<p><strong>\u010cepel<\/strong> je vyrobena z oceli M390. Jedn\u00e1 se o pr\u00e9miovou pr\u00e1\u0161kovou martenzitickou ocel s vysok\u00fdm obsahem chr\u00f3mu a vanadu. Vyr\u00e1b\u00ed sv\u011btozn\u00e1m\u00fd rakousk\u00fd koncern Bohler &#8211; Uddeholm AG. Tato ocel je uzn\u00e1v\u00e1na jako jedna z nejlep\u0161\u00edch na sv\u011bt\u011b pro svou odolnost proti opot\u0159eben\u00ed, vysok\u00e9 antikorozn\u00ed vlastnosti, vynikaj\u00edc\u00ed pevnost a hou\u017eevnatost. V sou\u010dasn\u00e9 dob\u011b je velmi obl\u00edben\u00fdm materi\u00e1lem a \u00fasp\u011b\u0161n\u011b se pou\u017e\u00edv\u00e1 p\u0159i v\u00fdrob\u011b pr\u00e9miov\u00fdch s\u00e9riov\u00fdch no\u017e\u016f, ale i zak\u00e1zkov\u00fdch a autorsk\u00fdch model\u016f. \u010cepele z t\u00e9to oceli jsou kalen\u00e9 na 58-62 HRC. M\u00e1 vynikaj\u00edc\u00ed pevnost \u0159ezn\u00e9 hrany. Slu\u0161\u00ed se v\u0161ak podotknout, \u017ee odvr\u00e1cenou stranou t\u00e9to vlastnosti nen\u00ed \u00fapln\u011b jednoduch\u00e9 ost\u0159en\u00ed.<\/p>\n<p><strong>Rukoje\u0165<\/strong> je vyrobena z titanu s p\u0159ekryt\u00edm z mramorov\u00e9ho karbonu. Titan je materi\u00e1l s vynikaj\u00edc\u00edmi mechanick\u00fdmi vlastnostmi. Je pom\u011brn\u011b pevn\u00fd, hou\u017eevnat\u00fd a lehk\u00fd ve srovn\u00e1n\u00ed s jin\u00fdmi obl\u00edben\u00fdmi kovy pou\u017e\u00edvan\u00fdmi v rukojet\u00edch no\u017e\u016f. Rukoje\u0165 z titanov\u00e9 slitiny je tepeln\u011b odoln\u00e1, fyzik\u00e1ln\u011b inertn\u00ed a neoxiduje. Navenek titanov\u00e9 rukojeti vypadaj\u00ed luxusn\u011b a dokonale dopl\u0148uj\u00ed ocel \u010depele jak\u00e9koli zna\u010dky. Navzdory slo\u017eit\u00e9mu stupni zpracov\u00e1n\u00ed, vysok\u00e9 viskozit\u011b a vysok\u00e9 cen\u011b je tento materi\u00e1l mezi no\u017e\u00ed\u0159i st\u00e1le pom\u011brn\u011b b\u011b\u017en\u00fd.Mramorov\u00e9 uhl\u00edkov\u00e9 vl\u00e1kno je materi\u00e1l, kter\u00fd je chaotick\u00fdm propleten\u00edm pramen\u016f uhl\u00edkov\u00fdch vl\u00e1ken, z nich\u017e ka\u017ed\u00fd odr\u00e1\u017e\u00ed sv\u011btlo jinak, v d\u016fsledku \u010deho\u017e tento typ uhl\u00edkov\u00fdch vl\u00e1ken jisk\u0159\u00ed jako stroboskopick\u00e9 sv\u011btlo t\u00e9m\u011b\u0159 ze v\u0161ech \u00fahl\u016f pohledu.<\/p>\n<p>Celkov\u00e1 d\u00e9lka: 210 mm<\/p>\n<p>D\u00e9lka \u010depele: 95 mm<\/p>\n<p>D\u00e9lka rukojeti: 105 mm<\/p>\n<p>Hmotnost: 108g\/220g<\/p>\n<p>Rukoje\u0165: TC4+Inlay<\/p>\n<p>\u010cepel: M390<\/p>\n<p>Tlou\u0161\u0165ka \u010dern\u00e9: 3,0 mm<\/p>\n<p>Tvrdost: 59-60HRC<\/p>\n<p>&nbsp;<\/p>\n","protected":false},"excerpt":{"rendered":"<p><strong>Maxace Albatross<\/strong>\u00a0je luxusn\u00ed zav\u00edrac\u00ed n\u016f\u017e z limitovan\u00e9 edice vyroben\u00fd z nejlep\u0161\u00edch materi\u00e1l\u016f na vysok\u00e9 \u00farovni.<\/p>\n<p><strong>Doprava zdarma.<\/strong><\/p>\n","protected":false},"featured_media":241001,"comment_status":"open","ping_status":"closed","template":"","meta":[],"pwb-brand":[3247],"product_brand":[],"product_cat":[22,17],"product_tag":[],"class_list":{"0":"post-241000","1":"product","2":"type-product","3":"status-publish","4":"has-post-thumbnail","6":"pwb-brand-maxace-2","7":"product_cat-zaviraci-noze","8":"product_cat-noze","10":"first","11":"instock","12":"taxable","13":"shipping-taxable","14":"purchasable","15":"product-type-simple"},"brands":[{"id":3247,"name":"Maxace","slug":"maxace-2"}],"_links":{"self":[{"href":"https:\/\/www.moskito.cz\/de\/wp-json\/wp\/v2\/product\/241000","targetHints":{"allow":["GET"]}}],"collection":[{"href":"https:\/\/www.moskito.cz\/de\/wp-json\/wp\/v2\/product"}],"about":[{"href":"https:\/\/www.moskito.cz\/de\/wp-json\/wp\/v2\/types\/product"}],"replies":[{"embeddable":true,"href":"https:\/\/www.moskito.cz\/de\/wp-json\/wp\/v2\/comments?post=241000"}],"wp:featuredmedia":[{"embeddable":true,"href":"https:\/\/www.moskito.cz\/de\/wp-json\/wp\/v2\/media\/241001"}],"wp:attachment":[{"href":"https:\/\/www.moskito.cz\/de\/wp-json\/wp\/v2\/media?parent=241000"}],"wp:term":[{"taxonomy":"pwb-brand","embeddable":true,"href":"https:\/\/www.moskito.cz\/de\/wp-json\/wp\/v2\/pwb-brand?post=241000"},{"taxonomy":"product_brand","embeddable":true,"href":"https:\/\/www.moskito.cz\/de\/wp-json\/wp\/v2\/product_brand?post=241000"},{"taxonomy":"product_cat","embeddable":true,"href":"https:\/\/www.moskito.cz\/de\/wp-json\/wp\/v2\/product_cat?post=241000"},{"taxonomy":"product_tag","embeddable":true,"href":"https:\/\/www.moskito.cz\/de\/wp-json\/wp\/v2\/product_tag?post=241000"}],"curies":[{"name":"wp","href":"https:\/\/api.w.org\/{rel}","templated":true}]}}