{"id":241911,"date":"2023-03-04T21:48:41","date_gmt":"2023-03-04T20:48:41","guid":{"rendered":"https:\/\/www.moskito.cz\/?post_type=product&#038;p=241911"},"modified":"2025-05-07T10:47:01","modified_gmt":"2025-05-07T09:47:01","slug":"zaviraci-nuz-sog-terminus-xr-g10-crimson-2","status":"publish","type":"product","link":"https:\/\/www.moskito.cz\/de\/produkt\/zaviraci-nuz-sog-terminus-xr-g10-crimson-2\/","title":{"rendered":"Zav\u00edrac\u00ed N\u016f\u017e SOG TERMINUS XR G10 CRIMSON"},"content":{"rendered":"<p>Zav\u00edrac\u00ed N\u016f\u017e <strong>SOG<\/strong> TERMINUS XR G10 CRIMSON<\/p>\n<p>Pro ty, kte\u0159\u00ed hledaj\u00ed zav\u00edrac\u00ed n\u016f\u017e na ka\u017edodenn\u00ed no\u0161en\u00ed, kter\u00fd je trochu odoln\u011bj\u0161\u00ed, je tu Terminus XR G10. Svle\u010den\u00e9 a p\u0159\u00edmo\u010dar\u00e9, od\u011bn\u00e9 poctivou rukojet\u00ed G10 a kameny umyt\u00fdm hardwarem. Uzamykac\u00ed mechanismus XR je rychl\u00fd a p\u0159izp\u016fsob\u00ed se po celou dobu \u017eivotnosti no\u017ee. \u010cepel z oceli D2 se vyzna\u010duje vysokou hou\u017eevnatost\u00ed a odolnost\u00ed proti opot\u0159eben\u00ed. N\u016f\u017e je pln\u011b oboustrann\u00fd, s vym\u011bnitelnou sponou na opasek pro lev\u00e9 nebo prav\u00e9 no\u0161en\u00ed. T\u0159i r\u016fzn\u00e9 zp\u016fsoby otev\u00edr\u00e1n\u00ed: palec, XR Lock . Kapesn\u00ed n\u016f\u017e Terminus XR nastavuje novou la\u0165ku pro EDC.<\/p>\n<p><strong>Ide\u00e1ln\u00ed pro jak\u00e9koli va\u0161e \u017eivotn\u00ed dobrodru\u017estv\u00ed<\/strong><br \/>\nRychlootev\u00edrac\u00ed Terminus XR s barevnou rukojet\u00ed G10 je vybaven siln\u00fdm uzamykac\u00edm mechanismem XR a Cryogenic D2 ocel\u00ed.<\/p>\n<p><strong>ZAMYKAC\u00cd MECHANISMUS XR<\/strong><br \/>\nUzamykac\u00ed mechanismus XR je rychl\u00fd a nastavuje se po celou dobu \u017eivotnosti no\u017ee.<\/p>\n<p>Vym\u011bniteln\u00e1 spona na opasek pro lev\u00e9 nebo prav\u00e9 no\u0161en\u00ed.<br \/>\nOblo\u017een\u00fd poctivou rukojet\u00ed G10 a kamenn\u00fdm hardwarem.<\/p>\n<p>CELKOV\u00c1 D\u00c9LKA: 18.3 cm<br \/>\nHMOTNOST PRODUKTU: 3,2 unce<br \/>\nD\u00c9LKA \u010cEPELE: 7.5 cm<br \/>\nRODINA PRODUKT\u016e: Terminus<br \/>\nTYP PRODUKTU: Skl\u00e1dac\u00ed n\u016f\u017e<br \/>\nZAMYKAC\u00cd MECHANISMUS: XR<br \/>\nOTEV\u00cdRAC\u00cd MECHANISMUS: XR, \u010dep na palec, kop<br \/>\nTYP SPOJKY NA OPASEK: Reverzibiln\u00ed Low-Carry<br \/>\nDOKON\u010cENI: Stone Wash<br \/>\nTYP HRANY: Rovn\u00fd<br \/>\nTYP OCELOV\u00c9 \u010cEPELE: D2<br \/>\nTVRDOST: Rc. 58-60<br \/>\nMATERI\u00c1L RUKOJETI: G10<\/p>\n<p>&nbsp;<\/p>\n<p>&nbsp;<\/p>\n","protected":false},"excerpt":{"rendered":"<p><strong>Pro ty, kte\u0159\u00ed hledaj\u00ed zav\u00edrac\u00ed n\u016f\u017e na ka\u017edodenn\u00ed no\u0161en\u00ed.<\/strong><\/p>\n","protected":false},"featured_media":241912,"comment_status":"open","ping_status":"closed","template":"","meta":[],"pwb-brand":[591],"product_brand":[],"product_cat":[22,17],"product_tag":[3667],"class_list":{"0":"post-241911","1":"product","2":"type-product","3":"status-publish","4":"has-post-thumbnail","6":"pwb-brand-sog","7":"product_cat-zaviraci-noze","8":"product_cat-noze","9":"product_tag-b2b","11":"first","12":"outofstock","13":"taxable","14":"shipping-taxable","15":"purchasable","16":"product-type-simple"},"brands":[{"id":591,"name":"SOG","slug":"sog"}],"_links":{"self":[{"href":"https:\/\/www.moskito.cz\/de\/wp-json\/wp\/v2\/product\/241911","targetHints":{"allow":["GET"]}}],"collection":[{"href":"https:\/\/www.moskito.cz\/de\/wp-json\/wp\/v2\/product"}],"about":[{"href":"https:\/\/www.moskito.cz\/de\/wp-json\/wp\/v2\/types\/product"}],"replies":[{"embeddable":true,"href":"https:\/\/www.moskito.cz\/de\/wp-json\/wp\/v2\/comments?post=241911"}],"wp:featuredmedia":[{"embeddable":true,"href":"https:\/\/www.moskito.cz\/de\/wp-json\/wp\/v2\/media\/241912"}],"wp:attachment":[{"href":"https:\/\/www.moskito.cz\/de\/wp-json\/wp\/v2\/media?parent=241911"}],"wp:term":[{"taxonomy":"pwb-brand","embeddable":true,"href":"https:\/\/www.moskito.cz\/de\/wp-json\/wp\/v2\/pwb-brand?post=241911"},{"taxonomy":"product_brand","embeddable":true,"href":"https:\/\/www.moskito.cz\/de\/wp-json\/wp\/v2\/product_brand?post=241911"},{"taxonomy":"product_cat","embeddable":true,"href":"https:\/\/www.moskito.cz\/de\/wp-json\/wp\/v2\/product_cat?post=241911"},{"taxonomy":"product_tag","embeddable":true,"href":"https:\/\/www.moskito.cz\/de\/wp-json\/wp\/v2\/product_tag?post=241911"}],"curies":[{"name":"wp","href":"https:\/\/api.w.org\/{rel}","templated":true}]}}