{"id":242925,"date":"2023-03-13T21:34:17","date_gmt":"2023-03-13T20:34:17","guid":{"rendered":"https:\/\/www.moskito.cz\/?post_type=product&#038;p=242925"},"modified":"2025-05-15T12:51:30","modified_gmt":"2025-05-15T11:51:30","slug":"zaviraci-nuz-sog-twitch-ii-wood-handle","status":"publish","type":"product","link":"https:\/\/www.moskito.cz\/de\/produkt\/zaviraci-nuz-sog-twitch-ii-wood-handle\/","title":{"rendered":"Zav\u00edrac\u00ed N\u016f\u017e SOG TWITCH II WOOD HANDLE"},"content":{"rendered":"<p>Zav\u00edrac\u00ed N\u016f\u017e <strong>SOG<\/strong> TWITCH II WOOD HANDLE<\/p>\n<p><strong>Twitch II<\/strong> je p\u0159\u00edstupn\u00e9, ale schopn\u00e9 EDC se v\u0161emi funkcemi, kter\u00e9 o\u010dek\u00e1v\u00e1te. S asistovan\u00fdm otev\u00edr\u00e1n\u00edm, \u010depel\u00ed AUS-8 odolnou v\u016f\u010di korozi a rukojet\u00ed z palisandrov\u00e9ho d\u0159eva je tento n\u016f\u017e na ka\u017edodenn\u00ed no\u0161en\u00ed \u0161iroce obl\u00edbenou klasikou SOG. S hlubokou kapesn\u00ed sponou je Twitch II perfektn\u00edm spole\u010dn\u00edkem pro v\u00e1\u0161 ka\u017edodenn\u00ed \u017eivot.<\/p>\n<p><strong>M\u00edt oba zp\u016fsoby&#8230;kr\u00e1sn\u00e9 a funk\u010dn\u00ed<\/strong><br \/>\nV\u0161estrann\u00fd n\u016f\u017e pro ka\u017edodenn\u00ed no\u0161en\u00ed s ocel\u00ed AUS-8, otev\u00edr\u00e1n\u00edm pomoc\u00ed technologie SOG assisten\u010dn\u00edm mechanismem z\u00e1mku.<\/p>\n<p><strong>OCEL AUS-8<\/strong><br \/>\nVysoce kvalitn\u00ed nerezov\u00e1 ocel s vynikaj\u00edc\u00ed odolnost\u00ed proti korozi hran a snadn\u00fdm brou\u0161en\u00edm.<\/p>\n<p><strong>OTEV\u0158EN\u00cd<\/strong><br \/>\nSOG Assisted Technology poskytuje rychl\u00e9 nasazen\u00ed. Po zapnut\u00ed se \u010depel otev\u0159e t\u00e9m\u011b\u0159 okam\u017eit\u011b.<\/p>\n<p><strong>D\u0158EV\u011aN\u00c1 RUKOJE\u0164<\/strong><br \/>\nRukoje\u0165 z r\u016f\u017eov\u00e9ho d\u0159eva poskytuje klasick\u00fd vzhled a dojem.<\/p>\n<p>CELKOV\u00c1 VELIKOST: 15.7 cm<br \/>\nMATERI\u00c1L RUKOJETI: Rosewood<br \/>\nHMOTNOST: 74 g<br \/>\nD\u00c9LKA RUKOJETI: 8.9 cm<br \/>\nD\u00c9LKA \u010cEPELE: 6.8 cm<br \/>\nBARVA: Silver<br \/>\nTLOU\u0160\u0164KA \u010cEPELE 2,5 mm<br \/>\nDRUH POJISTKY: SAT<br \/>\nOCEL: AUS-8<\/p>\n<p>&nbsp;<\/p>\n","protected":false},"excerpt":{"rendered":"<p><strong>Klasick\u00fd a st\u00e1le obl\u00edben\u011bj\u0161\u00ed model Twitch II, kter\u00fd je nyn\u00ed k dispozici s rukojet\u00ed z palisandrov\u00e9ho d\u0159eva pro klasick\u00fd outdoorov\u00fd vzhled.<\/strong><\/p>\n","protected":false},"featured_media":242926,"comment_status":"open","ping_status":"closed","template":"","meta":[],"pwb-brand":[591],"product_brand":[],"product_cat":[22,17],"product_tag":[3667],"class_list":{"0":"post-242925","1":"product","2":"type-product","3":"status-publish","4":"has-post-thumbnail","6":"pwb-brand-sog","7":"product_cat-zaviraci-noze","8":"product_cat-noze","9":"product_tag-b2b","11":"first","12":"instock","13":"taxable","14":"shipping-taxable","15":"purchasable","16":"product-type-simple"},"brands":[{"id":591,"name":"SOG","slug":"sog"}],"_links":{"self":[{"href":"https:\/\/www.moskito.cz\/de\/wp-json\/wp\/v2\/product\/242925","targetHints":{"allow":["GET"]}}],"collection":[{"href":"https:\/\/www.moskito.cz\/de\/wp-json\/wp\/v2\/product"}],"about":[{"href":"https:\/\/www.moskito.cz\/de\/wp-json\/wp\/v2\/types\/product"}],"replies":[{"embeddable":true,"href":"https:\/\/www.moskito.cz\/de\/wp-json\/wp\/v2\/comments?post=242925"}],"wp:featuredmedia":[{"embeddable":true,"href":"https:\/\/www.moskito.cz\/de\/wp-json\/wp\/v2\/media\/242926"}],"wp:attachment":[{"href":"https:\/\/www.moskito.cz\/de\/wp-json\/wp\/v2\/media?parent=242925"}],"wp:term":[{"taxonomy":"pwb-brand","embeddable":true,"href":"https:\/\/www.moskito.cz\/de\/wp-json\/wp\/v2\/pwb-brand?post=242925"},{"taxonomy":"product_brand","embeddable":true,"href":"https:\/\/www.moskito.cz\/de\/wp-json\/wp\/v2\/product_brand?post=242925"},{"taxonomy":"product_cat","embeddable":true,"href":"https:\/\/www.moskito.cz\/de\/wp-json\/wp\/v2\/product_cat?post=242925"},{"taxonomy":"product_tag","embeddable":true,"href":"https:\/\/www.moskito.cz\/de\/wp-json\/wp\/v2\/product_tag?post=242925"}],"curies":[{"name":"wp","href":"https:\/\/api.w.org\/{rel}","templated":true}]}}