{"id":244851,"date":"2023-03-25T17:22:02","date_gmt":"2023-03-25T16:22:02","guid":{"rendered":"https:\/\/www.moskito.cz\/?post_type=product&#038;p=244851"},"modified":"2025-06-28T12:00:34","modified_gmt":"2025-06-28T11:00:34","slug":"zaviraci-nuz-cold-steel-mini-recon-1-tanto-pt-in-10a-stone-wash","status":"publish","type":"product","link":"https:\/\/www.moskito.cz\/de\/produkt\/zaviraci-nuz-cold-steel-mini-recon-1-tanto-pt-in-10a-stone-wash\/","title":{"rendered":"Zav\u00edrac\u00ed N\u016f\u017e Cold Steel MINI RECON 1 TANTO PT IN 10A STONE WASH"},"content":{"rendered":"<p>Zav\u00edrac\u00ed N\u016f\u017e <strong>Cold Steel<\/strong> MINI RECON 1 TANTO PT IN 10A STONE WASH<\/p>\n<p>Mini Recon. K dispozici se 3 tvary \u010depele, klipem, tanto a hrotem kop\u00ed, je tu n\u016f\u017e pro ka\u017ed\u00e9ho a letos jsou sakra mnohem dostupn\u011bj\u0161\u00ed d\u00edky jejich zcela nov\u00fdm vst\u0159ikovan\u00fdm rukojet\u00edm, kter\u00e9 sni\u017euj\u00ed n\u00e1klady, ale maj\u00ed velmi mal\u00fd dopad na jejich pov\u011bstnou pov\u011bst s\u00edly a robustnosti.&#8220; &#8211; Lynn Thompsonov\u00e1<\/p>\n<p>Materi\u00e1l \u010depele: AUS-10A<br \/>\nMateri\u00e1l rukojeti FRN<br \/>\nPojistka: Tri-Ad lock<br \/>\nD\u00e9lka \u010depele: 7.3 cm<br \/>\nCelkov\u00e1 d\u00e9lka: 17.3 cm<br \/>\nD\u00e9lka rukojeti: 10 cm<br \/>\nTlou\u0161\u0165ka \u010depele: 3.4 mm<br \/>\nV\u00fd\u0161ka \u010depele: 2.6 cm<br \/>\nHmotnost: 100 g<\/p>\n","protected":false},"excerpt":{"rendered":"<p><strong>Zav\u00edrac\u00ed n\u016f\u017e s hladk\u00fdm ost\u0159\u00edm Recon 1 Tanto Plain je mal\u00fd a velmi lehk\u00fd zav\u00edr\u00e1k, kter\u00fd v\u00fdborn\u011b padne do ruky.<\/strong><\/p>\n","protected":false},"featured_media":244852,"comment_status":"open","ping_status":"closed","template":"","meta":[],"pwb-brand":[211],"product_brand":[],"product_cat":[22,17],"product_tag":[3667],"class_list":{"0":"post-244851","1":"product","2":"type-product","3":"status-publish","4":"has-post-thumbnail","6":"pwb-brand-cold-steel","7":"product_cat-zaviraci-noze","8":"product_cat-noze","9":"product_tag-b2b","11":"first","12":"instock","13":"taxable","14":"shipping-taxable","15":"purchasable","16":"product-type-simple"},"brands":[{"id":211,"name":"Cold Steel","slug":"cold-steel"}],"_links":{"self":[{"href":"https:\/\/www.moskito.cz\/de\/wp-json\/wp\/v2\/product\/244851","targetHints":{"allow":["GET"]}}],"collection":[{"href":"https:\/\/www.moskito.cz\/de\/wp-json\/wp\/v2\/product"}],"about":[{"href":"https:\/\/www.moskito.cz\/de\/wp-json\/wp\/v2\/types\/product"}],"replies":[{"embeddable":true,"href":"https:\/\/www.moskito.cz\/de\/wp-json\/wp\/v2\/comments?post=244851"}],"wp:featuredmedia":[{"embeddable":true,"href":"https:\/\/www.moskito.cz\/de\/wp-json\/wp\/v2\/media\/244852"}],"wp:attachment":[{"href":"https:\/\/www.moskito.cz\/de\/wp-json\/wp\/v2\/media?parent=244851"}],"wp:term":[{"taxonomy":"pwb-brand","embeddable":true,"href":"https:\/\/www.moskito.cz\/de\/wp-json\/wp\/v2\/pwb-brand?post=244851"},{"taxonomy":"product_brand","embeddable":true,"href":"https:\/\/www.moskito.cz\/de\/wp-json\/wp\/v2\/product_brand?post=244851"},{"taxonomy":"product_cat","embeddable":true,"href":"https:\/\/www.moskito.cz\/de\/wp-json\/wp\/v2\/product_cat?post=244851"},{"taxonomy":"product_tag","embeddable":true,"href":"https:\/\/www.moskito.cz\/de\/wp-json\/wp\/v2\/product_tag?post=244851"}],"curies":[{"name":"wp","href":"https:\/\/api.w.org\/{rel}","templated":true}]}}