{"id":245049,"date":"2023-03-29T17:40:07","date_gmt":"2023-03-29T16:40:07","guid":{"rendered":"https:\/\/www.moskito.cz\/?post_type=product&#038;p=245049"},"modified":"2025-05-07T10:48:53","modified_gmt":"2025-05-07T09:48:53","slug":"zaviraci-nuz-cold-steel-grik","status":"publish","type":"product","link":"https:\/\/www.moskito.cz\/de\/produkt\/zaviraci-nuz-cold-steel-grik\/","title":{"rendered":"Zav\u00edrac\u00ed N\u016f\u017e Cold Steel GRIK"},"content":{"rendered":"<p>Zav\u00edrac\u00ed N\u016f\u017e <strong>Cold Steel<\/strong> GRIK<\/p>\n<p>Cold Steel Grik, vytvo\u0159en\u00fd zak\u00e1zkov\u00fdm v\u00fdrobcem no\u017e\u016f Andrewem Demkem, je kapesn\u00ed, funk\u010dn\u00ed n\u00e1stroj, kter\u00fd m\u016f\u017eete nosit ka\u017ed\u00fd den. Charakteristick\u00e1 modifikovan\u00e1 \u010depel o\u0161t\u011bpov\u00e9ho hrotu Griks je vyrobena z odborn\u011b tepeln\u011b zpracovan\u00e9 a kryo-kalen\u00e9 japonsk\u00e9 oceli AUS 8A pro dokonalou rovnov\u00e1hu mezi dr\u017een\u00edm ost\u0159\u00ed a snadn\u00fdm p\u0159eost\u0159en\u00edm. M\u011blk\u00fd z\u00e1\u0159ez ve h\u0159betu \u010depele poskytuje pohodlnou zar\u00e1\u017eku palce pro p\u00e1ku p\u0159i t\u011b\u017ek\u00e9 pr\u00e1ci nebo oporu pro v\u00e1\u0161 ukazov\u00e1\u010dek p\u0159i pou\u017eit\u00ed \u0161pi\u010dky pro p\u0159esn\u00e9 \u0159ez\u00e1n\u00ed. Dvoubarevn\u00e1 sat\u00e9nov\u00e1 le\u0161t\u011bn\u00e1 \u010depel Griks a kontrastn\u00ed \u010dern\u00e1 polymerov\u00e1 HTR rampa pro palec d\u011blaj\u00ed n\u016f\u017e opravdu t\u0159pytiv\u00fd &#8211; tak\u017ee je stejn\u011b snadn\u00fd na pohled jako na pou\u017eit\u00ed. Ale je to rukoje\u0165 Griks, kter\u00e1 to odli\u0161uje! Vyrobeno z ergonomicky tvarovan\u00e9ho GFN s vym\u011bnitelnou a oboustrannou sponou, je to extr\u00e9mn\u011b tenk\u00e9 a ploch\u00e9 n\u00edzkoprofilov\u00e9 no\u0161en\u00ed, kter\u00e9 snadno zachyt\u00edte kapsy a je neuv\u011b\u0159iteln\u011b diskr\u00e9tn\u00ed. Polymerov\u00e1 spona Griks se nav\u00edc neuv\u011b\u0159iteln\u011b pohodln\u011b dr\u017e\u00ed v ruce a eliminuje ta hork\u00e1 m\u00edsta, kter\u00e1 se \u010dasto vyskytuj\u00ed p\u0159i dlouhodob\u00e9m pou\u017e\u00edv\u00e1n\u00ed skl\u00e1da\u010dek s ocelov\u00fdmi svorkami. Nav\u00edc, na rozd\u00edl od ocelov\u00e9 spony, nepo\u0161kr\u00e1be v\u00e1\u0161 lak ani neroztrhne ko\u017een\u00e1 sedadla ve va\u0161em aut\u011b! Grik, vybaven\u00fd na\u0161\u00edm uzamykac\u00edm mechanismem Tri-Ad, kter\u00fd prokazateln\u011b nab\u00edz\u00ed nep\u0159ekonatelnou \u00farove\u0148 bezpe\u010dnosti a pevnosti, je odoln\u00fd, praktick\u00fd a funk\u010dn\u00ed n\u00e1stroj pro ka\u017edodenn\u00ed pr\u00e1ci, o kter\u00e9m rychle zjist\u00edte, \u017ee je naprosto nepostradateln\u00fd.<\/p>\n<p>Materi\u00e1l \u010depele: AUS-8<br \/>\nMateri\u00e1l rukojeti: GFN<br \/>\nPojistka: Tri-Ad lock<br \/>\nD\u00e9lka \u010depele: 7.6 cm<br \/>\nCelkov\u00e1 d\u00e9lka: 17.5 cm<br \/>\nD\u00e9lka rukojeti: 9.9 cm<br \/>\nTlou\u0161\u0165ka \u010depele: 3.5 mm<br \/>\nHmotnost: 85 g<br \/>\nTyp \u010depele: Spear Point<\/p>\n","protected":false},"excerpt":{"rendered":"<p><strong>Grik od firmy Cold Steel je lehk\u00fd zav\u00edrac\u00ed n\u016f\u017e s hladk\u00fdm ost\u0159\u00edm, vhodn\u00fd pro ka\u017edodenn\u00ed no\u0161en\u00ed. Jde o rize pracovn\u00ed n\u016f\u017e z vynikaj\u00edc\u00edho materi\u00e1lu za exkluzivn\u00ed cenu.<\/strong><\/p>\n","protected":false},"featured_media":245050,"comment_status":"open","ping_status":"closed","template":"","meta":[],"pwb-brand":[211],"product_brand":[],"product_cat":[22,17],"product_tag":[3667],"class_list":{"0":"post-245049","1":"product","2":"type-product","3":"status-publish","4":"has-post-thumbnail","6":"pwb-brand-cold-steel","7":"product_cat-zaviraci-noze","8":"product_cat-noze","9":"product_tag-b2b","11":"first","12":"instock","13":"taxable","14":"shipping-taxable","15":"purchasable","16":"product-type-simple"},"brands":[{"id":211,"name":"Cold Steel","slug":"cold-steel"}],"_links":{"self":[{"href":"https:\/\/www.moskito.cz\/de\/wp-json\/wp\/v2\/product\/245049","targetHints":{"allow":["GET"]}}],"collection":[{"href":"https:\/\/www.moskito.cz\/de\/wp-json\/wp\/v2\/product"}],"about":[{"href":"https:\/\/www.moskito.cz\/de\/wp-json\/wp\/v2\/types\/product"}],"replies":[{"embeddable":true,"href":"https:\/\/www.moskito.cz\/de\/wp-json\/wp\/v2\/comments?post=245049"}],"wp:featuredmedia":[{"embeddable":true,"href":"https:\/\/www.moskito.cz\/de\/wp-json\/wp\/v2\/media\/245050"}],"wp:attachment":[{"href":"https:\/\/www.moskito.cz\/de\/wp-json\/wp\/v2\/media?parent=245049"}],"wp:term":[{"taxonomy":"pwb-brand","embeddable":true,"href":"https:\/\/www.moskito.cz\/de\/wp-json\/wp\/v2\/pwb-brand?post=245049"},{"taxonomy":"product_brand","embeddable":true,"href":"https:\/\/www.moskito.cz\/de\/wp-json\/wp\/v2\/product_brand?post=245049"},{"taxonomy":"product_cat","embeddable":true,"href":"https:\/\/www.moskito.cz\/de\/wp-json\/wp\/v2\/product_cat?post=245049"},{"taxonomy":"product_tag","embeddable":true,"href":"https:\/\/www.moskito.cz\/de\/wp-json\/wp\/v2\/product_tag?post=245049"}],"curies":[{"name":"wp","href":"https:\/\/api.w.org\/{rel}","templated":true}]}}