{"id":245055,"date":"2023-03-29T19:08:01","date_gmt":"2023-03-29T18:08:01","guid":{"rendered":"https:\/\/www.moskito.cz\/?post_type=product&#038;p=245055"},"modified":"2025-06-28T22:10:16","modified_gmt":"2025-06-28T21:10:16","slug":"zaviraci-nuz-cold-steel-ranch-hand","status":"publish","type":"product","link":"https:\/\/www.moskito.cz\/de\/produkt\/zaviraci-nuz-cold-steel-ranch-hand\/","title":{"rendered":"Zav\u00edrac\u00ed N\u016f\u017e Cold Steel RANCH HAND"},"content":{"rendered":"<p>Zav\u00edrac\u00ed N\u016f\u017e <strong>Cold Steel<\/strong> RANCH HAND<\/p>\n<p><strong>Cold Steel Ranch Hand<\/strong> je mal\u00fd kapesn\u00ed n\u016f\u017e s tradi\u010dn\u00edm designem. M\u00e1 vlo\u017ekov\u00fd z\u00e1mek s tuhou zadn\u00ed pru\u017einou, aby byly va\u0161e prsty v bezpe\u010d\u00ed p\u0159i \u0159ez\u00e1n\u00ed, a jednoduch\u00fdm z\u00e1\u0159ezem v h\u0159eb\u00edku v \u010depeli k otev\u0159en\u00ed. \u010cepel z vysoce uhl\u00edkov\u00e9 oceli ostr\u00e1 jako b\u0159itva zvl\u00e1dne ka\u017ed\u00fd \u00fakol a \u0161upiny rukojeti z um\u011bl\u00e9 \u0159ezan\u00e9 kosti a pevn\u00e9 podp\u011bry z nerezov\u00e9 oceli z n\u00ed d\u011blaj\u00ed klasickou kr\u00e1su. D\u00edky sv\u00e9 robustn\u00ed konstrukci je to perfektn\u00ed n\u016f\u017e, kter\u00fd m\u00e1te p\u0159ipraven\u00fd, kdy\u017e dokon\u010dujete v\u0161echny sv\u00e9 dom\u00e1c\u00ed pr\u00e1ce, p\u0159ipraven\u00fd, kdykoli ho budete pot\u0159ebovat. Je sp\u00e1rov\u00e1n s tlust\u00fdm hn\u011bd\u00fdm ko\u017een\u00fdm pouzdrem na opasek, d\u00edky \u010demu\u017e je cel\u00fd bal\u00ed\u010dek neuv\u011b\u0159iteln\u011b cenov\u011b dostupn\u00fd obchod.<\/p>\n<p>Popis:<\/p>\n<p>Materi\u00e1l \u010depele: SK-5<br \/>\nMateri\u00e1l rukojeti: Nerezov\u00e1 ocel, Kost<br \/>\nPojistka: Linerlock<br \/>\nD\u00e9lka \u010depele: 7.6 cm<br \/>\nTyp \u010depele: Clip Point<br \/>\nVyu\u017eit\u00ed: Kempinkov\u00e9, EDC &#8211; ka\u017edodenn\u00ed no\u0161en\u00ed<\/p>\n<p>&nbsp;<\/p>\n<p>&nbsp;<\/p>\n","protected":false},"excerpt":{"rendered":"<p><strong>Ranch Boss II je klasick\u00fdm zav\u00edrac\u00edm no\u017eem pro ka\u017edodenn\u00ed pou\u017eit\u00ed. N\u016f\u017e je navr\u017een tak, abys se snadno pou\u017e\u00edval i v zne\u010di\u0161t\u011bn\u00e9m prost\u0159ed\u00ed. Prod\u00e1v\u00e1 se s ko\u017een\u00fdm pouzdrem na opasek.<\/strong><\/p>\n","protected":false},"featured_media":245062,"comment_status":"open","ping_status":"closed","template":"","meta":[],"pwb-brand":[211],"product_brand":[],"product_cat":[22,17],"product_tag":[3667],"class_list":{"0":"post-245055","1":"product","2":"type-product","3":"status-publish","4":"has-post-thumbnail","6":"pwb-brand-cold-steel","7":"product_cat-zaviraci-noze","8":"product_cat-noze","9":"product_tag-b2b","11":"first","12":"instock","13":"sale","14":"taxable","15":"shipping-taxable","16":"purchasable","17":"product-type-simple"},"brands":[{"id":211,"name":"Cold Steel","slug":"cold-steel"}],"_links":{"self":[{"href":"https:\/\/www.moskito.cz\/de\/wp-json\/wp\/v2\/product\/245055","targetHints":{"allow":["GET"]}}],"collection":[{"href":"https:\/\/www.moskito.cz\/de\/wp-json\/wp\/v2\/product"}],"about":[{"href":"https:\/\/www.moskito.cz\/de\/wp-json\/wp\/v2\/types\/product"}],"replies":[{"embeddable":true,"href":"https:\/\/www.moskito.cz\/de\/wp-json\/wp\/v2\/comments?post=245055"}],"wp:featuredmedia":[{"embeddable":true,"href":"https:\/\/www.moskito.cz\/de\/wp-json\/wp\/v2\/media\/245062"}],"wp:attachment":[{"href":"https:\/\/www.moskito.cz\/de\/wp-json\/wp\/v2\/media?parent=245055"}],"wp:term":[{"taxonomy":"pwb-brand","embeddable":true,"href":"https:\/\/www.moskito.cz\/de\/wp-json\/wp\/v2\/pwb-brand?post=245055"},{"taxonomy":"product_brand","embeddable":true,"href":"https:\/\/www.moskito.cz\/de\/wp-json\/wp\/v2\/product_brand?post=245055"},{"taxonomy":"product_cat","embeddable":true,"href":"https:\/\/www.moskito.cz\/de\/wp-json\/wp\/v2\/product_cat?post=245055"},{"taxonomy":"product_tag","embeddable":true,"href":"https:\/\/www.moskito.cz\/de\/wp-json\/wp\/v2\/product_tag?post=245055"}],"curies":[{"name":"wp","href":"https:\/\/api.w.org\/{rel}","templated":true}]}}