{"id":245358,"date":"2023-04-03T14:59:04","date_gmt":"2023-04-03T13:59:04","guid":{"rendered":"https:\/\/www.moskito.cz\/?post_type=product&#038;p=245358"},"modified":"2025-05-07T10:49:11","modified_gmt":"2025-05-07T09:49:11","slug":"sada-pevnych-nozu-cold-steel-hunting-kit-5-knife-set","status":"publish","type":"product","link":"https:\/\/www.moskito.cz\/de\/produkt\/sada-pevnych-nozu-cold-steel-hunting-kit-5-knife-set\/","title":{"rendered":"Sada Pevn\u00fdch No\u017e\u016f Cold Steel HUNTING KIT \/ 5 KNIFE SET"},"content":{"rendered":"<p>Sada Pevn\u00fdch No\u017e\u016f Cold Steel HUNTING KIT \/ 5 KNIFE SET<\/p>\n<p>Toto je sada pevn\u00fdch \u010depel\u00ed, kter\u00e9 ka\u017ed\u00fd lovec pot\u0159ebuje. Obsahuje t\u00e9m\u011b\u0159 v\u0161e pot\u0159ebn\u00e9 pro poln\u00ed obl\u00e9k\u00e1n\u00ed velk\u00e9 i mal\u00e9 zv\u011b\u0159e, v\u0161e v jednom v\u00fdhodn\u00e9m balen\u00ed. V sad\u011b je p\u011bt robustn\u00edch \u010depel\u00ed, z nich\u017e ka\u017ed\u00e1 m\u00e1 specifick\u00fd \u00fa\u010del a pou\u017eit\u00ed. \u010cepele ostr\u00e9 jako b\u0159itva jsou vyrobeny z nerezov\u00e9 oceli 4116 a jsou p\u0159ipraveny prakticky na jak\u00fdkoli \u00fakol. V\u0161echny no\u017ee jsou dod\u00e1v\u00e1ny s dvojitou texturovanou, ergonomicky navr\u017eenou rukojet\u00ed a sada je balena v pevn\u00e9m p\u0159enosn\u00e9m kuf\u0159\u00edku.<\/p>\n<p>Vyu\u017eit\u00ed: Loveck\u00fd<br \/>\nTyp no\u017ee: Pevn\u00fd<br \/>\nBarva: \u010cern\u00e1, oran\u017eov\u00e1<\/p>\n<p><iframe title=\"Cold Steel Fixed Blade Field Kit CS-FX-FLDKIT\" width=\"800\" height=\"450\" src=\"https:\/\/www.youtube.com\/embed\/pqtjD9H-NXw?feature=oembed\" frameborder=\"0\" allow=\"accelerometer; autoplay; clipboard-write; encrypted-media; gyroscope; picture-in-picture; web-share\" allowfullscreen><\/iframe><\/p>\n<p>&nbsp;<\/p>\n<p>&nbsp;<\/p>\n","protected":false},"excerpt":{"rendered":"<p><strong>Sada loveck\u00fdch pracovn\u00edch no\u017e\u016f v\u010detn\u011b kufru na p\u0159en\u00e1\u0161en\u00ed.<\/strong><\/p>\n","protected":false},"featured_media":245418,"comment_status":"open","ping_status":"closed","template":"","meta":[],"pwb-brand":[211],"product_brand":[],"product_cat":[23,17],"product_tag":[3667],"class_list":{"0":"post-245358","1":"product","2":"type-product","3":"status-publish","4":"has-post-thumbnail","6":"pwb-brand-cold-steel","7":"product_cat-pevne-noze","8":"product_cat-noze","9":"product_tag-b2b","11":"first","12":"instock","13":"taxable","14":"shipping-taxable","15":"purchasable","16":"product-type-simple"},"brands":[{"id":211,"name":"Cold Steel","slug":"cold-steel"}],"_links":{"self":[{"href":"https:\/\/www.moskito.cz\/de\/wp-json\/wp\/v2\/product\/245358","targetHints":{"allow":["GET"]}}],"collection":[{"href":"https:\/\/www.moskito.cz\/de\/wp-json\/wp\/v2\/product"}],"about":[{"href":"https:\/\/www.moskito.cz\/de\/wp-json\/wp\/v2\/types\/product"}],"replies":[{"embeddable":true,"href":"https:\/\/www.moskito.cz\/de\/wp-json\/wp\/v2\/comments?post=245358"}],"wp:featuredmedia":[{"embeddable":true,"href":"https:\/\/www.moskito.cz\/de\/wp-json\/wp\/v2\/media\/245418"}],"wp:attachment":[{"href":"https:\/\/www.moskito.cz\/de\/wp-json\/wp\/v2\/media?parent=245358"}],"wp:term":[{"taxonomy":"pwb-brand","embeddable":true,"href":"https:\/\/www.moskito.cz\/de\/wp-json\/wp\/v2\/pwb-brand?post=245358"},{"taxonomy":"product_brand","embeddable":true,"href":"https:\/\/www.moskito.cz\/de\/wp-json\/wp\/v2\/product_brand?post=245358"},{"taxonomy":"product_cat","embeddable":true,"href":"https:\/\/www.moskito.cz\/de\/wp-json\/wp\/v2\/product_cat?post=245358"},{"taxonomy":"product_tag","embeddable":true,"href":"https:\/\/www.moskito.cz\/de\/wp-json\/wp\/v2\/product_tag?post=245358"}],"curies":[{"name":"wp","href":"https:\/\/api.w.org\/{rel}","templated":true}]}}