{"id":247870,"date":"2023-04-28T21:22:14","date_gmt":"2023-04-28T20:22:14","guid":{"rendered":"https:\/\/www.moskito.cz\/?post_type=product&#038;p=247870"},"modified":"2025-05-07T10:50:24","modified_gmt":"2025-05-07T09:50:24","slug":"zaviraci-nuz-kansept-knives-mini-accipiter-stonewashed-titanium-k2007a1","status":"publish","type":"product","link":"https:\/\/www.moskito.cz\/de\/produkt\/zaviraci-nuz-kansept-knives-mini-accipiter-stonewashed-titanium-k2007a1\/","title":{"rendered":"Zav\u00edrac\u00ed N\u016f\u017e Kansept Knives Mini Accipiter Stonewashed Titanium K2007A1"},"content":{"rendered":"<p>Zav\u00edrac\u00ed N\u016f\u017e <strong>Kansept Knives<\/strong> Mini Accipiter Stonewashed Titanium K2007A1<\/p>\n<p>Mini <strong>Accipiter<\/strong> je zmen\u0161en\u00e1 kompaktn\u00ed verze Accipiteru. <strong>Mini Accipiter<\/strong> K2007A1 je vybaven ergonomickou titanovou rukojet\u00ed s vlo\u017ekou OD zelen\u00e9ho pl\u00e1tna micarta na p\u0159edn\u00ed stran\u011b. M\u00e1 pod \u010depel ze spolehliv\u00e9 oceli S35VN s kamennou povrchovou \u00fapravou. \u010cepelov\u00fd flipper poskytuje raketov\u00e9 nasazen\u00ed \u010depele se zes\u00edlen\u00fdm z\u00e1mkem r\u00e1mu pro siln\u00e9 zablokov\u00e1n\u00ed \u010depele. Pohodln\u011b tvarovan\u00fd titanov\u00fd kapesn\u00ed klip dopl\u0148uje v\u00fdjime\u010dn\u00fd design.<\/p>\n<p>Spolehliv\u00e1 ocel \u010depele CPM-S35VN\u00a0 poskytuje robustn\u00ed \u010depel s vynikaj\u00edc\u00edm zachov\u00e1n\u00edm ost\u0159\u00ed.<br \/>\nErgonomick\u00e1 titanov\u00e1 rukoje\u0165 s OD zelen\u00fdm pl\u00e1tnem Micarta pro hladk\u00fd povrch uchopen\u00ed, kter\u00fd je pohodln\u00fd v kapse nebo v ruce.<br \/>\nKeramick\u00e9 kuli\u010dkov\u00e9 lo\u017eisko nab\u00edz\u00ed hladk\u00e9 otev\u00edr\u00e1n\u00ed.<\/p>\n<p>Specifikace<br \/>\nD\u00e9lka \u010depele: 7.25 cm<br \/>\nCelkov\u00e1 d\u00e9lka: 17 cm<br \/>\nMateri\u00e1l \u010depele: CPM-S35VN<br \/>\nTlou\u0161\u0165ka \u010depele: 0.27 cm<br \/>\nStyl \u010depele: Drop Point<br \/>\nBrou\u0161en\u00ed \u010depele: Ploch\u00e9<br \/>\nPovrchov\u00e1 \u00faprava \u010depele: Stonewash<br \/>\nMateri\u00e1l rukojeti: Titan s vlo\u017ekami OD Green Canvas Micarta<br \/>\nUzamykac\u00ed mechanismus: R\u00e1m<br \/>\nSestava \u010depu: Keramick\u00e1 kuli\u010dkov\u00e1 lo\u017eiska<br \/>\nKapesn\u00ed klip: Vykl\u00e1p\u011bn\u00ed\/dol\u016f, no\u0161en\u00ed vpravo\/vlevo<br \/>\nDesign\u00e9r: Kim Ning<\/p>\n","protected":false},"excerpt":{"rendered":"<p><strong>\u201eKansept\u201c je p\u0159elo\u017een\u00edm v\u00fdznamu \u201ekoncepce\u201c. To, co n\u00e1s odli\u0161uje od davu, je na\u0161e schopnost inovovat. Stejn\u011b jako design na\u0161eho loga, kter\u00e9 vych\u00e1z\u00ed z obrazu UFO, kter\u00e1 cestuj\u00ed z vesm\u00edru do vesm\u00edru a sk\u00e1\u010dou do budoucnosti.\u00a0<\/strong><\/p>\n<p>&nbsp;<\/p>\n","protected":false},"featured_media":247871,"comment_status":"open","ping_status":"closed","template":"","meta":[],"pwb-brand":[3256],"product_brand":[],"product_cat":[22,17],"product_tag":[],"class_list":{"0":"post-247870","1":"product","2":"type-product","3":"status-publish","4":"has-post-thumbnail","6":"pwb-brand-kansept-knives","7":"product_cat-zaviraci-noze","8":"product_cat-noze","10":"first","11":"instock","12":"taxable","13":"shipping-taxable","14":"purchasable","15":"product-type-simple"},"brands":[{"id":3256,"name":"Kansept Knives","slug":"kansept-knives"}],"_links":{"self":[{"href":"https:\/\/www.moskito.cz\/de\/wp-json\/wp\/v2\/product\/247870","targetHints":{"allow":["GET"]}}],"collection":[{"href":"https:\/\/www.moskito.cz\/de\/wp-json\/wp\/v2\/product"}],"about":[{"href":"https:\/\/www.moskito.cz\/de\/wp-json\/wp\/v2\/types\/product"}],"replies":[{"embeddable":true,"href":"https:\/\/www.moskito.cz\/de\/wp-json\/wp\/v2\/comments?post=247870"}],"wp:featuredmedia":[{"embeddable":true,"href":"https:\/\/www.moskito.cz\/de\/wp-json\/wp\/v2\/media\/247871"}],"wp:attachment":[{"href":"https:\/\/www.moskito.cz\/de\/wp-json\/wp\/v2\/media?parent=247870"}],"wp:term":[{"taxonomy":"pwb-brand","embeddable":true,"href":"https:\/\/www.moskito.cz\/de\/wp-json\/wp\/v2\/pwb-brand?post=247870"},{"taxonomy":"product_brand","embeddable":true,"href":"https:\/\/www.moskito.cz\/de\/wp-json\/wp\/v2\/product_brand?post=247870"},{"taxonomy":"product_cat","embeddable":true,"href":"https:\/\/www.moskito.cz\/de\/wp-json\/wp\/v2\/product_cat?post=247870"},{"taxonomy":"product_tag","embeddable":true,"href":"https:\/\/www.moskito.cz\/de\/wp-json\/wp\/v2\/product_tag?post=247870"}],"curies":[{"name":"wp","href":"https:\/\/api.w.org\/{rel}","templated":true}]}}