{"id":247918,"date":"2023-04-28T22:29:19","date_gmt":"2023-04-28T21:29:19","guid":{"rendered":"https:\/\/www.moskito.cz\/?post_type=product&#038;p=247918"},"modified":"2025-05-07T10:50:25","modified_gmt":"2025-05-07T09:50:25","slug":"zaviraci-nuz-kansept-knives-copperhead-stonewashed-carbon-k1017a1","status":"publish","type":"product","link":"https:\/\/www.moskito.cz\/de\/produkt\/zaviraci-nuz-kansept-knives-copperhead-stonewashed-carbon-k1017a1\/","title":{"rendered":"Zav\u00edrac\u00ed N\u016f\u017e Kansept Knives Copperhead  Stonewashed Carbon K1017A1"},"content":{"rendered":"<p>Zav\u00edrac\u00ed N\u016f\u017e <strong>Kansept Knives<\/strong> Copperhead Stonewashed Carbon K1017A1<\/p>\n<p><strong>Copperhead<\/strong> je v\u00fdsledkem spolupr\u00e1ce s Branton Knives a byl navr\u017een jako pracovn\u00ed n\u016f\u017e, kter\u00fd lze denn\u011b pou\u017e\u00edvat pro r\u016fzn\u00e9 \u00fakoly, ale lze jej okam\u017eit\u011b pou\u017e\u00edt jako n\u00e1stroj sebeobrany. Velkorys\u00e1 a ergonomick\u00e1 rukoje\u0165 a \u0161t\u00edhl\u00e1 \u010depel hawkbill usnad\u0148uj\u00ed p\u0159id\u00e1n\u00ed k rotaci EDC.<\/p>\n<p>Bobby Branton je vlastn\u00edkem spole\u010dnosti Branton Knives z Awendaw v Ji\u017en\u00ed Karol\u00edn\u011b. Zak\u00e1zkov\u00fdm no\u017e\u00ed\u0159em se zab\u00fdv\u00e1 v\u00edce ne\u017e 35 let a studoval u n\u011bkter\u00fdch mistr\u016f v oboru zak\u00e1zkov\u00fdch no\u017e\u016f. Jeho c\u00edlem je poskytnout \u201eKvalitn\u00ed no\u017ee za dostupn\u00e9 ceny\u201c ka\u017ed\u00e9mu, kdo pou\u017e\u00edv\u00e1 n\u016f\u017e denn\u011b k dokon\u010den\u00ed mnoha \u00fakol\u016f v pr\u016fb\u011bhu sv\u00fdch rutin. Od p\u0159\u00edle\u017eitostn\u00fdch sb\u011bratel\u016f a sportovc\u016f a\u017e po str\u00e1\u017ece z\u00e1kona, hasi\u010de a voj\u00e1ky, kte\u0159\u00ed jsou \u017eivotem z\u00e1visl\u00ed na sv\u00fdch n\u00e1stroj\u00edch, v\u0161ichni se mohou spolehnout na n\u016f\u017e Branton.<\/p>\n<p>Specifikace<br \/>\nD\u00e9lka \u010depele: 9 cm<br \/>\nCelkov\u00e1 d\u00e9lka: 21 cm<br \/>\nMateri\u00e1l \u010depele: CPM-S35VN Nerezov\u00e1 ocel<br \/>\nTlou\u0161\u0165ka \u010depele: 0.35 cm<br \/>\nStyl \u010depele: Hawkbill<br \/>\nPovrchov\u00e1 \u00faprava \u010depele: Stonewash<br \/>\nMateri\u00e1l rukojeti: Shred Carbon Fiber<br \/>\nUzamykac\u00ed mechanismus: Vlo\u017eka<br \/>\nKapesn\u00ed klip: Vykl\u00e1p\u011bc\u00ed, prav\u00e9 no\u0161en\u00ed<br \/>\nHmotnost: 3,7 oz.<br \/>\nDesign\u00e9r: Bobby Branton<\/p>\n","protected":false},"excerpt":{"rendered":"<p><strong>\u201eKansept\u201c je p\u0159elo\u017een\u00edm v\u00fdznamu \u201ekoncepce\u201c. To, co n\u00e1s odli\u0161uje od davu, je na\u0161e schopnost inovovat. Stejn\u011b jako design na\u0161eho loga, kter\u00e9 vych\u00e1z\u00ed z obrazu UFO, kter\u00e1 cestuj\u00ed z vesm\u00edru do vesm\u00edru a sk\u00e1\u010dou do budoucnosti.\u00a0<\/strong><\/p>\n","protected":false},"featured_media":247919,"comment_status":"open","ping_status":"closed","template":"","meta":[],"pwb-brand":[3256],"product_brand":[],"product_cat":[22,17],"product_tag":[],"class_list":{"0":"post-247918","1":"product","2":"type-product","3":"status-publish","4":"has-post-thumbnail","6":"pwb-brand-kansept-knives","7":"product_cat-zaviraci-noze","8":"product_cat-noze","10":"first","11":"instock","12":"taxable","13":"shipping-taxable","14":"purchasable","15":"product-type-simple"},"brands":[{"id":3256,"name":"Kansept Knives","slug":"kansept-knives"}],"_links":{"self":[{"href":"https:\/\/www.moskito.cz\/de\/wp-json\/wp\/v2\/product\/247918","targetHints":{"allow":["GET"]}}],"collection":[{"href":"https:\/\/www.moskito.cz\/de\/wp-json\/wp\/v2\/product"}],"about":[{"href":"https:\/\/www.moskito.cz\/de\/wp-json\/wp\/v2\/types\/product"}],"replies":[{"embeddable":true,"href":"https:\/\/www.moskito.cz\/de\/wp-json\/wp\/v2\/comments?post=247918"}],"wp:featuredmedia":[{"embeddable":true,"href":"https:\/\/www.moskito.cz\/de\/wp-json\/wp\/v2\/media\/247919"}],"wp:attachment":[{"href":"https:\/\/www.moskito.cz\/de\/wp-json\/wp\/v2\/media?parent=247918"}],"wp:term":[{"taxonomy":"pwb-brand","embeddable":true,"href":"https:\/\/www.moskito.cz\/de\/wp-json\/wp\/v2\/pwb-brand?post=247918"},{"taxonomy":"product_brand","embeddable":true,"href":"https:\/\/www.moskito.cz\/de\/wp-json\/wp\/v2\/product_brand?post=247918"},{"taxonomy":"product_cat","embeddable":true,"href":"https:\/\/www.moskito.cz\/de\/wp-json\/wp\/v2\/product_cat?post=247918"},{"taxonomy":"product_tag","embeddable":true,"href":"https:\/\/www.moskito.cz\/de\/wp-json\/wp\/v2\/product_tag?post=247918"}],"curies":[{"name":"wp","href":"https:\/\/api.w.org\/{rel}","templated":true}]}}