{"id":247933,"date":"2023-04-29T17:33:25","date_gmt":"2023-04-29T16:33:25","guid":{"rendered":"https:\/\/www.moskito.cz\/?post_type=product&#038;p=247933"},"modified":"2026-04-24T21:25:37","modified_gmt":"2026-04-24T20:25:37","slug":"zaviraci-nuz-kansept-knives-mini-accipiter-damasteel-titanium-k2007a7","status":"publish","type":"product","link":"https:\/\/www.moskito.cz\/de\/produkt\/zaviraci-nuz-kansept-knives-mini-accipiter-damasteel-titanium-k2007a7\/","title":{"rendered":"Zav\u00edrac\u00ed N\u016f\u017e KANSEPT KNIVES MINI ACCIPITER DAMASTEEL TITANIUM K2007A7"},"content":{"rendered":"<p>Zav\u00edrac\u00ed N\u016f\u017e <strong>KANSEPT KNIVES<\/strong> MINI ACCIPITER DAMASTEEL TITANIUM K2007A7<\/p>\n<p><strong>K2007A7 Mini Accipiter<\/strong> je vybaven \u0161edou eloxovanou titanovou rukojet\u00ed s p\u0159ekryvy Timascus, kapesn\u00ed sponou Timascus a \u010depel\u00ed Damasteel se vzorem Draupner (ano Damasteel ze \u0160v\u00e9dska).<\/p>\n<p>\u010cepel je p\u0159edn\u00ed flipper b\u011b\u017e\u00edc\u00ed na hladk\u00fdch keramick\u00fdch lo\u017eisk\u00e1ch pro snadn\u00fd pohyb.<\/p>\n<p>Tvarovan\u00e1 rukoje\u0165 z\u00e1mku r\u00e1mu je vyrobena z titanu 6AL4V pro maxim\u00e1ln\u00ed pevnost a odolnost. Obsahuje 3D fr\u00e9zovan\u00fd kapesn\u00ed klip pro estetiku a snadn\u00e9 p\u0159en\u00e1\u0161en\u00ed.<\/p>\n<p>Tento Mini Accipiter m\u00e1 nejen vynikaj\u00edc\u00ed akci, ale je tak\u00e9 kr\u00e1sn\u00fdm um\u011bleck\u00fdm d\u00edlem.<\/p>\n<p>P\u0159edn\u00ed ploutev, keramick\u00e1 lo\u017eiska, je dod\u00e1v\u00e1n s \u00falo\u017en\u00fdm pouzdrem a \u010distic\u00edm had\u0159\u00edkem.<\/p>\n<p>SPECIFIKACE<\/p>\n<p>Celkov\u00e1 d\u00e9lka: 17.1 cm<br \/>\nD\u00e9lka \u010depele: 7.4 cm<br \/>\nTlou\u0161\u0165ka \u010depele: 0,3 cm<br \/>\nMateri\u00e1l \u010depele: Damasteel<br \/>\nStyl \u010depele: Clip Point<br \/>\nBrou\u0161en\u00ed \u010depele: Ploch\u00e9 brou\u0161en\u00ed<br \/>\nMateri\u00e1l rukojeti: Titan\/Timascus<br \/>\nBarva: \u0160ed\u00e1<br \/>\nTyp z\u00e1mku: R\u00e1mov\u00fd z\u00e1mek<br \/>\nHmotnost: 3,24 oz \/ 91,85 g<br \/>\n\u010c\u00edslo modelu: K2007A7<br \/>\nDesign\u00e9r: Kim Ning<\/p>\n","protected":false},"excerpt":{"rendered":"<p><strong>\u201eKansept\u201c je p\u0159elo\u017een\u00edm v\u00fdznamu \u201ekoncepce\u201c. To, co n\u00e1s odli\u0161uje od davu, je na\u0161e schopnost inovovat. Stejn\u011b jako design na\u0161eho loga, kter\u00e9 vych\u00e1z\u00ed z obrazu UFO, kter\u00e1 cestuj\u00ed z vesm\u00edru do vesm\u00edru a sk\u00e1\u010dou do budoucnosti.\u00a0<\/strong><\/p>\n<p><strong>Doprava zdarma.<\/strong><\/p>\n","protected":false},"featured_media":247934,"comment_status":"open","ping_status":"closed","template":"","meta":[],"pwb-brand":[3256],"product_brand":[],"product_cat":[22,17],"product_tag":[],"class_list":{"0":"post-247933","1":"product","2":"type-product","3":"status-publish","4":"has-post-thumbnail","6":"pwb-brand-kansept-knives","7":"product_cat-zaviraci-noze","8":"product_cat-noze","10":"first","11":"instock","12":"taxable","13":"shipping-taxable","14":"purchasable","15":"product-type-simple"},"brands":[{"id":3256,"name":"Kansept Knives","slug":"kansept-knives"}],"_links":{"self":[{"href":"https:\/\/www.moskito.cz\/de\/wp-json\/wp\/v2\/product\/247933","targetHints":{"allow":["GET"]}}],"collection":[{"href":"https:\/\/www.moskito.cz\/de\/wp-json\/wp\/v2\/product"}],"about":[{"href":"https:\/\/www.moskito.cz\/de\/wp-json\/wp\/v2\/types\/product"}],"replies":[{"embeddable":true,"href":"https:\/\/www.moskito.cz\/de\/wp-json\/wp\/v2\/comments?post=247933"}],"wp:featuredmedia":[{"embeddable":true,"href":"https:\/\/www.moskito.cz\/de\/wp-json\/wp\/v2\/media\/247934"}],"wp:attachment":[{"href":"https:\/\/www.moskito.cz\/de\/wp-json\/wp\/v2\/media?parent=247933"}],"wp:term":[{"taxonomy":"pwb-brand","embeddable":true,"href":"https:\/\/www.moskito.cz\/de\/wp-json\/wp\/v2\/pwb-brand?post=247933"},{"taxonomy":"product_brand","embeddable":true,"href":"https:\/\/www.moskito.cz\/de\/wp-json\/wp\/v2\/product_brand?post=247933"},{"taxonomy":"product_cat","embeddable":true,"href":"https:\/\/www.moskito.cz\/de\/wp-json\/wp\/v2\/product_cat?post=247933"},{"taxonomy":"product_tag","embeddable":true,"href":"https:\/\/www.moskito.cz\/de\/wp-json\/wp\/v2\/product_tag?post=247933"}],"curies":[{"name":"wp","href":"https:\/\/api.w.org\/{rel}","templated":true}]}}