{"id":248062,"date":"2023-05-01T20:38:44","date_gmt":"2023-05-01T19:38:44","guid":{"rendered":"https:\/\/www.moskito.cz\/?post_type=product&#038;p=248062"},"modified":"2025-05-07T10:50:28","modified_gmt":"2025-05-07T09:50:28","slug":"zaviraci-nuz-kansept-knives-hazakura-satin-titanium-timascus-k1019a2","status":"publish","type":"product","link":"https:\/\/www.moskito.cz\/de\/produkt\/zaviraci-nuz-kansept-knives-hazakura-satin-titanium-timascus-k1019a2\/","title":{"rendered":"Zav\u00edrac\u00ed N\u016f\u017e Kansept Knives Hazakura Satin Titanium Timascus K1019A2"},"content":{"rendered":"<p>Zav\u00edrac\u00ed N\u016f\u017e <strong>Kansept Knives<\/strong> Hazakura Satin Titanium Timascus K1019A2<\/p>\n<p>Popis<br \/>\nHazakura je lehk\u00fd a kompaktn\u00ed edc n\u016f\u017e inspirovan\u00fd tant\u014d.<br \/>\nJeho \u010depel je p\u0159itom dostate\u010dn\u011b dlouh\u00e1 pro nejrozmanit\u011bj\u0161\u00ed \u00fakoly.<br \/>\nTento n\u016f\u017e kombinuje estetiku antick\u00e9ho tant\u014d a sou\u010dasn\u00fdch materi\u00e1l\u016f.<\/p>\n<p>VLASTNOSTI<br \/>\nErgonomick\u00e1 titanov\u00e1 rukoje\u0165 s timaskovou vlo\u017ekou pro hladk\u00fd povrch uchopen\u00ed, kter\u00fd je pohodln\u00fd v kapse nebo v ruce.<br \/>\nOcel \u010depele CPM-S35VN poskytuje pevnou \u010depel s vynikaj\u00edc\u00edm zachov\u00e1n\u00edm ost\u0159\u00ed.<br \/>\n\u0160t\u00edhl\u00fd design spojuje estetiku a u\u017eitek.<\/p>\n<p>SPECIFIKACE<br \/>\nCelkov\u00e1 d\u00e9lka: 20.62 cm<br \/>\nD\u00e9lka \u010depele: 9 cm<\/p>\n<p>Tlou\u0161\u0165ka \u010depele: 0.3 cm<br \/>\nMateri\u00e1l \u010depele CPM-S35VN<br \/>\nStyl \u010depele Tanto<br \/>\nBrou\u0161en\u00ed \u010depele Ploch\u00e1 bruska Povrchov\u00e1 \u00faprava \u010depele<br \/>\nStonewashed<br \/>\nMateri\u00e1l rukojeti Titan + Timascus<br \/>\nBarva Gray+Timascus<br \/>\nLock Typ Z\u00e1mek r\u00e1mu<br \/>\nHmotnost 3,5 oz\/99 g<br \/>\nN\u00e1zev modelu Hazakura \u010c\u00edslo<br \/>\nmodelu K1019<br \/>\nTukka Max<\/p>\n","protected":false},"excerpt":{"rendered":"<p><strong>\u201eKansept\u201c je p\u0159elo\u017een\u00edm v\u00fdznamu \u201ekoncepce\u201c. To, co n\u00e1s odli\u0161uje od davu, je na\u0161e schopnost inovovat. Stejn\u011b jako design na\u0161eho loga, kter\u00e9 vych\u00e1z\u00ed z obrazu UFO, kter\u00e1 cestuj\u00ed z vesm\u00edru do vesm\u00edru a sk\u00e1\u010dou do budoucnosti.\u00a0<\/strong><\/p>\n<p><strong>Doprava zdarma.<\/strong><\/p>\n","protected":false},"featured_media":248063,"comment_status":"open","ping_status":"closed","template":"","meta":[],"pwb-brand":[3256],"product_brand":[],"product_cat":[22,17],"product_tag":[],"class_list":{"0":"post-248062","1":"product","2":"type-product","3":"status-publish","4":"has-post-thumbnail","6":"pwb-brand-kansept-knives","7":"product_cat-zaviraci-noze","8":"product_cat-noze","10":"first","11":"instock","12":"taxable","13":"shipping-taxable","14":"purchasable","15":"product-type-simple"},"brands":[{"id":3256,"name":"Kansept Knives","slug":"kansept-knives"}],"_links":{"self":[{"href":"https:\/\/www.moskito.cz\/de\/wp-json\/wp\/v2\/product\/248062","targetHints":{"allow":["GET"]}}],"collection":[{"href":"https:\/\/www.moskito.cz\/de\/wp-json\/wp\/v2\/product"}],"about":[{"href":"https:\/\/www.moskito.cz\/de\/wp-json\/wp\/v2\/types\/product"}],"replies":[{"embeddable":true,"href":"https:\/\/www.moskito.cz\/de\/wp-json\/wp\/v2\/comments?post=248062"}],"wp:featuredmedia":[{"embeddable":true,"href":"https:\/\/www.moskito.cz\/de\/wp-json\/wp\/v2\/media\/248063"}],"wp:attachment":[{"href":"https:\/\/www.moskito.cz\/de\/wp-json\/wp\/v2\/media?parent=248062"}],"wp:term":[{"taxonomy":"pwb-brand","embeddable":true,"href":"https:\/\/www.moskito.cz\/de\/wp-json\/wp\/v2\/pwb-brand?post=248062"},{"taxonomy":"product_brand","embeddable":true,"href":"https:\/\/www.moskito.cz\/de\/wp-json\/wp\/v2\/product_brand?post=248062"},{"taxonomy":"product_cat","embeddable":true,"href":"https:\/\/www.moskito.cz\/de\/wp-json\/wp\/v2\/product_cat?post=248062"},{"taxonomy":"product_tag","embeddable":true,"href":"https:\/\/www.moskito.cz\/de\/wp-json\/wp\/v2\/product_tag?post=248062"}],"curies":[{"name":"wp","href":"https:\/\/api.w.org\/{rel}","templated":true}]}}