{"id":249383,"date":"2023-05-21T21:03:28","date_gmt":"2023-05-21T20:03:28","guid":{"rendered":"https:\/\/www.moskito.cz\/?post_type=product&#038;p=249383"},"modified":"2025-06-28T21:59:29","modified_gmt":"2025-06-28T20:59:29","slug":"zaviraci-nuz-spyderco-endura-4-trainer-lightweight-c10tr","status":"publish","type":"product","link":"https:\/\/www.moskito.cz\/de\/produkt\/zaviraci-nuz-spyderco-endura-4-trainer-lightweight-c10tr\/","title":{"rendered":"Zav\u00edrac\u00ed N\u016f\u017e Spyderco Endura 4 Trainer Lightweight C10TR"},"content":{"rendered":"<p>Zav\u00edrac\u00ed N\u016f\u017e <strong>Spyderco<\/strong> Endura 4 Trainer Lightweight C10TR<\/p>\n<p>Tr\u00e9nikov\u00e9 no\u017ee jsou nenabrou\u0161en\u00e9 no\u017ee, kter\u00e9 umo\u017e\u0148uj\u00ed bezpe\u010dn\u00e9 cvi\u010den\u00ed Martial Blade Craft (MBC). Umo\u017e\u0148uj\u00ed u\u017eivateli nau\u010dit se techniky nasazen\u00ed\/vyta\u017een\u00ed, prov\u00e1d\u011bt cvi\u010den\u00ed a rozv\u00edjet sebed\u016fv\u011bru a svalovou pam\u011b\u0165, ani\u017e by riskoval, \u017ee sebe nebo ostatn\u00ed po\u0159e\u017ee ostrou \u010depel\u00ed.<\/p>\n<p>Endura Trainer je hmotnost\u00ed a velikost\u00ed identick\u00fd s \u201e\u017eiv\u00fdm\u201c modelem. Abychom zlep\u0161ili vyv\u00e1\u017een\u00ed kusu, z\u00fa\u017eili jsme neobrou\u0161enou \u0161pi\u010dku a vyvrtali otvory v \u010depeli, \u010d\u00edm\u017e jsme odstranili zbyte\u010dn\u00fd objem. Texturov\u00e1n\u00ed rukojeti Volcano na obou stran\u00e1ch rukojeti zaji\u0161\u0165uje, \u017ee va\u0161e ruce p\u0159i tr\u00e9ninku klouzaj\u00ed. V\u0161echny tr\u00e9ninkov\u00e9 modely <strong>Spyderco<\/strong> maj\u00ed \u010derven\u00e9 rukojeti, kter\u00e9 je ozna\u010duj\u00ed jako nenaost\u0159en\u00e9.<\/p>\n<p>Specifikace<br \/>\nD\u00e9lka \u010depele: 9.1 cm<br \/>\nTlou\u0161\u0165ka \u010depele: 0.3 cm<br \/>\nCelkov\u00e1 d\u00e9lka: 21.7 cm<br \/>\nD\u00e9lka v zav\u0159en\u00e9m stavu: 12.7 cm<br \/>\nOcel \u010depele: AUS-6<br \/>\nHmotnost: 3,6 oz. (103 g)<br \/>\nMateri\u00e1l rukojeti: \u010derven\u00e1 FRN<\/p>\n","protected":false},"excerpt":{"rendered":"<p><strong>Tr\u00e9ninkov\u00e9 no\u017ee jsou neost\u0159en\u00e9 no\u017ee, kter\u00e9 umo\u017e\u0148uj\u00ed bezpe\u010dn\u00e9 cvi\u010den\u00ed a tr\u00e9nink s no\u017eem.<\/strong><\/p>\n","protected":false},"featured_media":249384,"comment_status":"open","ping_status":"closed","template":"","meta":[],"pwb-brand":[567],"product_brand":[],"product_cat":[22,17],"product_tag":[3667],"class_list":{"0":"post-249383","1":"product","2":"type-product","3":"status-publish","4":"has-post-thumbnail","6":"pwb-brand-spyderco","7":"product_cat-zaviraci-noze","8":"product_cat-noze","9":"product_tag-b2b","11":"first","12":"instock","13":"sale","14":"taxable","15":"shipping-taxable","16":"purchasable","17":"product-type-simple"},"brands":[{"id":567,"name":"Spyderco","slug":"spyderco"}],"_links":{"self":[{"href":"https:\/\/www.moskito.cz\/de\/wp-json\/wp\/v2\/product\/249383","targetHints":{"allow":["GET"]}}],"collection":[{"href":"https:\/\/www.moskito.cz\/de\/wp-json\/wp\/v2\/product"}],"about":[{"href":"https:\/\/www.moskito.cz\/de\/wp-json\/wp\/v2\/types\/product"}],"replies":[{"embeddable":true,"href":"https:\/\/www.moskito.cz\/de\/wp-json\/wp\/v2\/comments?post=249383"}],"wp:featuredmedia":[{"embeddable":true,"href":"https:\/\/www.moskito.cz\/de\/wp-json\/wp\/v2\/media\/249384"}],"wp:attachment":[{"href":"https:\/\/www.moskito.cz\/de\/wp-json\/wp\/v2\/media?parent=249383"}],"wp:term":[{"taxonomy":"pwb-brand","embeddable":true,"href":"https:\/\/www.moskito.cz\/de\/wp-json\/wp\/v2\/pwb-brand?post=249383"},{"taxonomy":"product_brand","embeddable":true,"href":"https:\/\/www.moskito.cz\/de\/wp-json\/wp\/v2\/product_brand?post=249383"},{"taxonomy":"product_cat","embeddable":true,"href":"https:\/\/www.moskito.cz\/de\/wp-json\/wp\/v2\/product_cat?post=249383"},{"taxonomy":"product_tag","embeddable":true,"href":"https:\/\/www.moskito.cz\/de\/wp-json\/wp\/v2\/product_tag?post=249383"}],"curies":[{"name":"wp","href":"https:\/\/api.w.org\/{rel}","templated":true}]}}